{"id":219766,"date":"2025-05-19T14:57:40","date_gmt":"2025-05-19T14:57:40","guid":{"rendered":"https:\/\/aldeco.pt\/staging\/product\/almofada-douro-valley-autumn-harvest-60x30-p\/"},"modified":"2025-05-19T14:57:40","modified_gmt":"2025-05-19T14:57:40","slug":"almofada-douro-valley-autumn-harvest-60x30-p","status":"publish","type":"product","link":"https:\/\/staging.aldeco.pt\/pt-pt\/product\/almofada-douro-valley-autumn-harvest-60x30-p\/","title":{"rendered":"ALMOFADA DOURO VALLEY Autumn Harvest 60X30 P"},"content":{"rendered":"<p>Almofada decorativa rectangular com vivo no tecido Sandeman Easy Clean. Douro Valley \u00e9 um tecido bordado com uma base de aspeto linho, adornado com elementos bot\u00e2nicos. Esta almofada tem fecho oculto e est\u00e1 dispon\u00edvel em diversas combina\u00e7\u00f5es de cores, com ou sem enchimento.<\/p>\n","protected":false},"excerpt":{"rendered":"<p>Almofada decorativa rectangular com vivo no tecido Sandeman Easy Clean. Douro Valley \u00e9 um tecido bordado com uma base de aspeto linho, adornado com elementos bot\u00e2nicos. Esta almofada tem fecho oculto e est\u00e1 dispon\u00edvel em diversas combina\u00e7\u00f5es de cores, com ou sem enchimento.<\/p>\n<h1>Almofada Douro Valley \u00e9 um tecido bordado com uma base de aspeto linho, adornado com elementos bot\u00e2nicos.<\/h1>\n<p><img fetchpriority=\"high\" decoding=\"async\" class=\"alignnone wp-image-219392 size-medium\" src=\"https:\/\/aldeco.pt\/staging\/wp-content\/uploads\/2025\/05\/CUSHION-DOURO-VALLEY-Autumn-Harvest-60X30-P-300x241.jpg\" alt=\"ALMOFADA DOURO VALLEY Autumn Harvest - Aldeco\" width=\"300\" height=\"241\"><\/p>\n<p><a href=\"https:\/\/aldeco.pt\/staging\/product\/cushion-douro-valley-autumn-harvest-60x30-p\/?attribute_pa_colour=multicolour&amp;attribute_pa_aldeco-color=02-autumn-harvest\">https:\/\/aldeco.pt\/staging\/product\/cushion-douro-valley-autumn-harvest-60&#215;30-p\/?attribute_pa_colour=multicolour&amp;attribute_pa_aldeco-color=02-autumn-harvest<\/a><\/p>\n<p><a href=\"https:\/\/www.instagram.com\/aldeco_interiorfabrics\/\">https:\/\/www.instagram.com\/aldeco_interiorfabrics\/<\/a><\/p>\n","protected":false},"featured_media":219393,"template":"","meta":[],"product_brand":[],"product_cat":[6145],"product_tag":[],"class_list":{"0":"post-219766","1":"product","2":"type-product","3":"status-publish","4":"has-post-thumbnail","6":"product_cat-aldeco-2-pt-pt-2","7":"pa_composition-ext-50-co-35-vi-15-li-pt-pt","8":"pa_line-almofadas","9":"pa_opportunities-descontinuado","10":"pa_range-bordado","13":"first","14":"instock","15":"purchasable","16":"product-type-variable"},"acf":[],"_links":{"self":[{"href":"https:\/\/staging.aldeco.pt\/pt-pt\/wp-json\/wp\/v2\/product\/219766","targetHints":{"allow":["GET"]}}],"collection":[{"href":"https:\/\/staging.aldeco.pt\/pt-pt\/wp-json\/wp\/v2\/product"}],"about":[{"href":"https:\/\/staging.aldeco.pt\/pt-pt\/wp-json\/wp\/v2\/types\/product"}],"version-history":[{"count":0,"href":"https:\/\/staging.aldeco.pt\/pt-pt\/wp-json\/wp\/v2\/product\/219766\/revisions"}],"wp:featuredmedia":[{"embeddable":true,"href":"https:\/\/staging.aldeco.pt\/pt-pt\/wp-json\/wp\/v2\/media\/219393"}],"wp:attachment":[{"href":"https:\/\/staging.aldeco.pt\/pt-pt\/wp-json\/wp\/v2\/media?parent=219766"}],"wp:term":[{"taxonomy":"product_brand","embeddable":true,"href":"https:\/\/staging.aldeco.pt\/pt-pt\/wp-json\/wp\/v2\/product_brand?post=219766"},{"taxonomy":"product_cat","embeddable":true,"href":"https:\/\/staging.aldeco.pt\/pt-pt\/wp-json\/wp\/v2\/product_cat?post=219766"},{"taxonomy":"product_tag","embeddable":true,"href":"https:\/\/staging.aldeco.pt\/pt-pt\/wp-json\/wp\/v2\/product_tag?post=219766"}],"curies":[{"name":"wp","href":"https:\/\/api.w.org\/{rel}","templated":true}]}}