{"id":219742,"date":"2025-01-15T23:52:36","date_gmt":"2025-01-15T23:52:36","guid":{"rendered":"https:\/\/aldeco.pt\/staging\/product\/sandeman-easy-clean-fr\/"},"modified":"2025-05-22T16:20:56","modified_gmt":"2025-05-22T16:20:56","slug":"sandeman-easy-clean-fr","status":"publish","type":"product","link":"https:\/\/staging.aldeco.pt\/pt-pt\/product\/sandeman-easy-clean-fr\/","title":{"rendered":"SANDEMAN EASY CLEAN FR"},"content":{"rendered":"<p>Sandeman Easy Clean FR \u00e9 um tecido chenille aveludado de estofo de look intemporal muito funcional devido ao seu fio que possui caracter\u00edsticas intr\u00ednsecas de f\u00e1cil limpeza. Sandeman Easy Clean FR possui um aspecto e toque de veludo, \u00e9 suave, ligeiramente texturado e vers\u00e1til. Este tecido cria uma sensa\u00e7\u00e3o de conforto e relaxamento aliados uma durabilidade e performance \u00fanicas. Este tecido \u00e9 ecol\u00f3gico, possui 25% de mat\u00e9ria reciclada, possui certifica\u00e7\u00e3o OEKO-TEX, n\u00e3o possui subst\u00e2ncias nocivas para o ser humano e para o ambiente e cumpre com a norma REACH. Este tecido possui algumas normas ign\u00edfugas. Encontra-se dispon\u00edvel em 12 cores, desde os tons mais naturais, quentes e indispens\u00e1veis.     <\/p>\n","protected":false},"excerpt":{"rendered":"<p>Sandeman Easy Clean FR \u00e9 um tecido chenille aveludado de estofo de look intemporal muito funcional devido ao seu fio que possui caracter\u00edsticas intr\u00ednsecas de f\u00e1cil limpeza. Sandeman Easy Clean FR possui um aspecto e toque de veludo, \u00e9 suave, ligeiramente texturado e vers\u00e1til. Este tecido cria uma sensa\u00e7\u00e3o de conforto e relaxamento aliados uma durabilidade e performance \u00fanicas. Este tecido \u00e9 ecol\u00f3gico, possui 25% de mat\u00e9ria reciclada, possui certifica\u00e7\u00e3o OEKO-TEX, n\u00e3o possui subst\u00e2ncias nocivas para o ser humano e para o ambiente e cumpre com a norma REACH. Este tecido possui algumas normas ign\u00edfugas. Encontra-se dispon\u00edvel em 12 cores, desde os tons mais naturais, quentes e indispens\u00e1veis.     <\/p>\n<h2>Sandeman Easy Clean FR \u00e9 um tecido chenille aveludado de estofo de look intemporal muito funcional devido ao seu fio que possui caracter\u00edsticas intr\u00ednsecas de f\u00e1cil limpeza.<\/h2>\n<p><img fetchpriority=\"high\" decoding=\"async\" class=\"alignnone wp-image-217450 size-medium\" src=\"https:\/\/aldeco.pt\/staging\/wp-content\/uploads\/2025\/01\/T193190001-1-300x200.jpg\" alt=\"Sandeman Easy Clean Fr - Aldeco\" width=\"300\" height=\"200\"><\/p>\n<p><a href=\"https:\/\/aldeco.pt\/staging\/product\/sandeman-easy-clean-fr\/?attribute_pa_aldeco-color=01-ivory\">https:\/\/aldeco.pt\/staging\/product\/sandeman-easy-clean-fr\/?attribute_pa_aldeco-color=01-ivory<\/a><\/p>\n<p><a href=\"https:\/\/www.instagram.com\/aldeco_interiorfabrics\/\">https:\/\/www.instagram.com\/aldeco_interiorfabrics\/<\/a><\/p>\n","protected":false},"featured_media":217293,"template":"","meta":[],"product_brand":[],"product_cat":[6145],"product_tag":[],"class_list":{"0":"post-219742","1":"product","2":"type-product","3":"status-publish","4":"has-post-thumbnail","6":"product_cat-aldeco-2-pt-pt-2","7":"pa_cleanability-4-pt-pt","8":"pa_composition-ext-25-rpl-75-pl-pt-pt","9":"pa_contract-fabrics-1-pt-pt","10":"pa_interior-fabrics-1-pt-pt","11":"pa_line-tecidos","12":"pa_lithfastness-5-6-pt-pt-2","13":"pa_opportunities-descontinuado","14":"pa_range-chenile","15":"pa_sustainable-fabrics-1-pt-pt","18":"first","19":"instock","20":"purchasable","21":"product-type-variable"},"acf":[],"_links":{"self":[{"href":"https:\/\/staging.aldeco.pt\/pt-pt\/wp-json\/wp\/v2\/product\/219742","targetHints":{"allow":["GET"]}}],"collection":[{"href":"https:\/\/staging.aldeco.pt\/pt-pt\/wp-json\/wp\/v2\/product"}],"about":[{"href":"https:\/\/staging.aldeco.pt\/pt-pt\/wp-json\/wp\/v2\/types\/product"}],"version-history":[{"count":1,"href":"https:\/\/staging.aldeco.pt\/pt-pt\/wp-json\/wp\/v2\/product\/219742\/revisions"}],"predecessor-version":[{"id":219756,"href":"https:\/\/staging.aldeco.pt\/pt-pt\/wp-json\/wp\/v2\/product\/219742\/revisions\/219756"}],"wp:featuredmedia":[{"embeddable":true,"href":"https:\/\/staging.aldeco.pt\/pt-pt\/wp-json\/wp\/v2\/media\/217293"}],"wp:attachment":[{"href":"https:\/\/staging.aldeco.pt\/pt-pt\/wp-json\/wp\/v2\/media?parent=219742"}],"wp:term":[{"taxonomy":"product_brand","embeddable":true,"href":"https:\/\/staging.aldeco.pt\/pt-pt\/wp-json\/wp\/v2\/product_brand?post=219742"},{"taxonomy":"product_cat","embeddable":true,"href":"https:\/\/staging.aldeco.pt\/pt-pt\/wp-json\/wp\/v2\/product_cat?post=219742"},{"taxonomy":"product_tag","embeddable":true,"href":"https:\/\/staging.aldeco.pt\/pt-pt\/wp-json\/wp\/v2\/product_tag?post=219742"}],"curies":[{"name":"wp","href":"https:\/\/api.w.org\/{rel}","templated":true}]}}