{"id":219703,"date":"2025-05-19T14:56:56","date_gmt":"2025-05-19T14:56:56","guid":{"rendered":"https:\/\/aldeco.pt\/staging\/product\/almofada-crasto-linen-50x50-p\/"},"modified":"2025-05-19T14:56:56","modified_gmt":"2025-05-19T14:56:56","slug":"almofada-crasto-linen-50x50-p","status":"publish","type":"product","link":"https:\/\/staging.aldeco.pt\/pt-pt\/product\/almofada-crasto-linen-50x50-p\/","title":{"rendered":"Almofada CRASTO Linen 50X50 P"},"content":{"rendered":"<p>Almofada decorativa quadrada com vivo Sandeman Easy Clean piping. CRASTO \u00e9 um tecido de estofamento com estrutura dobby, que capta a vida vibrante e as ricas texturas da paisagem do Douro atrav\u00e9s de fios de espessuras e cores variadas. Esta almofada tem fecho oculto e est\u00e1 dispon\u00edvel em diversas combina\u00e7\u00f5es de cores, com ou sem enchimento.<\/p>\n","protected":false},"excerpt":{"rendered":"<p>Almofada decorativa quadrada com vivo Sandeman Easy Clean piping. CRASTO \u00e9 um tecido de estofamento com estrutura dobby, que capta a vida vibrante e as ricas texturas da paisagem do Douro atrav\u00e9s de fios de espessuras e cores variadas. Esta almofada tem fecho oculto e est\u00e1 dispon\u00edvel em diversas combina\u00e7\u00f5es de cores, com ou sem enchimento.<\/p>\n<h1>Almofada Crasto \u00e9 um tecido de estofo com estrutura dobby, que capta a vida vibrante e as ricas texturas da paisagem do Douro atrav\u00e9s de fios de espessuras e cores variadas.<\/h1>\n<p><img fetchpriority=\"high\" decoding=\"async\" class=\"alignnone wp-image-219380 size-medium\" src=\"https:\/\/aldeco.pt\/staging\/wp-content\/uploads\/2025\/05\/CUSHION-CRASTO-Linen-50X50-P-300x241.jpg\" alt=\"ALMOFADA CRASTO Linen - Aldeco\" width=\"300\" height=\"241\"><\/p>\n<p><a href=\"https:\/\/aldeco.pt\/staging\/product\/cushion-crasto-linen-50x50-p\/?attribute_pa_colour=beige&amp;attribute_pa_aldeco-color=02-linen\">https:\/\/aldeco.pt\/staging\/product\/cushion-crasto-linen-50&#215;50-p\/?attribute_pa_colour=beige&amp;attribute_pa_aldeco-color=02-linen<\/a><\/p>\n<p><a href=\"https:\/\/www.instagram.com\/aldeco_interiorfabrics\/\">https:\/\/www.instagram.com\/aldeco_interiorfabrics\/<\/a><\/p>\n","protected":false},"featured_media":219381,"template":"","meta":[],"product_brand":[],"product_cat":[6145],"product_tag":[],"class_list":{"0":"post-219703","1":"product","2":"type-product","3":"status-publish","4":"has-post-thumbnail","6":"product_cat-aldeco-2-pt-pt-2","7":"pa_composition-ext-24-bci-co-32-rpl-44-pl-pt-pt","8":"pa_line-almofadas","9":"pa_opportunities-descontinuado","10":"pa_range-dobby-pt-pt","13":"first","14":"instock","15":"purchasable","16":"product-type-variable"},"acf":[],"_links":{"self":[{"href":"https:\/\/staging.aldeco.pt\/pt-pt\/wp-json\/wp\/v2\/product\/219703","targetHints":{"allow":["GET"]}}],"collection":[{"href":"https:\/\/staging.aldeco.pt\/pt-pt\/wp-json\/wp\/v2\/product"}],"about":[{"href":"https:\/\/staging.aldeco.pt\/pt-pt\/wp-json\/wp\/v2\/types\/product"}],"version-history":[{"count":0,"href":"https:\/\/staging.aldeco.pt\/pt-pt\/wp-json\/wp\/v2\/product\/219703\/revisions"}],"wp:featuredmedia":[{"embeddable":true,"href":"https:\/\/staging.aldeco.pt\/pt-pt\/wp-json\/wp\/v2\/media\/219381"}],"wp:attachment":[{"href":"https:\/\/staging.aldeco.pt\/pt-pt\/wp-json\/wp\/v2\/media?parent=219703"}],"wp:term":[{"taxonomy":"product_brand","embeddable":true,"href":"https:\/\/staging.aldeco.pt\/pt-pt\/wp-json\/wp\/v2\/product_brand?post=219703"},{"taxonomy":"product_cat","embeddable":true,"href":"https:\/\/staging.aldeco.pt\/pt-pt\/wp-json\/wp\/v2\/product_cat?post=219703"},{"taxonomy":"product_tag","embeddable":true,"href":"https:\/\/staging.aldeco.pt\/pt-pt\/wp-json\/wp\/v2\/product_tag?post=219703"}],"curies":[{"name":"wp","href":"https:\/\/api.w.org\/{rel}","templated":true}]}}