{"id":219678,"date":"2025-05-19T14:56:28","date_gmt":"2025-05-19T14:56:28","guid":{"rendered":"https:\/\/aldeco.pt\/staging\/product\/almofada-calem-velvet-moss-green-60x30-p\/"},"modified":"2025-05-19T14:56:28","modified_gmt":"2025-05-19T14:56:28","slug":"almofada-calem-velvet-moss-green-60x30-p","status":"publish","type":"product","link":"https:\/\/staging.aldeco.pt\/pt-pt\/product\/almofada-calem-velvet-moss-green-60x30-p\/","title":{"rendered":"ALMOFADA CALEM VELVET Moss Green 60X30 P"},"content":{"rendered":"<p>Almofada decorativa rectangular com vivo no tecido Campo Water Repellent. Calem \u00e9 um veludo jacquard elegante que conjuga na t\u00e9cnica cut pile o requinte do pelo de veludo com o boucl\u00e9 distribu\u00eddo de forma abstrata na base. Esta almofada tem fecho oculto e est\u00e1 dispon\u00edvel em diversas combina\u00e7\u00f5es de cores, com ou sem enchimento.<\/p>\n","protected":false},"excerpt":{"rendered":"<p>Almofada decorativa rectangular Campo Water Repellent. Calem \u00e9 um veludo jacquard elegante que conjuga na t\u00e9cnica cut pile o requinte do pelo de veludo com o boucl\u00e9 distribu\u00eddo de forma abstrata na base. Esta almofada tem fecho oculto e est\u00e1 dispon\u00edvel em diversas combina\u00e7\u00f5es de cores, com ou sem enchimento.<\/p>\n","protected":false},"featured_media":0,"template":"","meta":[],"product_brand":[],"product_cat":[6145],"product_tag":[],"class_list":{"0":"post-219678","1":"product","2":"type-product","3":"status-publish","5":"product_cat-aldeco-2-pt-pt-2","6":"pa_composition-ext-54-pl-46-vi-pt-pt","7":"pa_line-almofadas","8":"pa_opportunities-descontinuado","9":"pa_range-jacquard-pt-pt","10":"pa_range-veludo","12":"first","13":"instock","14":"purchasable","15":"product-type-variable"},"acf":[],"_links":{"self":[{"href":"https:\/\/staging.aldeco.pt\/pt-pt\/wp-json\/wp\/v2\/product\/219678","targetHints":{"allow":["GET"]}}],"collection":[{"href":"https:\/\/staging.aldeco.pt\/pt-pt\/wp-json\/wp\/v2\/product"}],"about":[{"href":"https:\/\/staging.aldeco.pt\/pt-pt\/wp-json\/wp\/v2\/types\/product"}],"version-history":[{"count":0,"href":"https:\/\/staging.aldeco.pt\/pt-pt\/wp-json\/wp\/v2\/product\/219678\/revisions"}],"wp:attachment":[{"href":"https:\/\/staging.aldeco.pt\/pt-pt\/wp-json\/wp\/v2\/media?parent=219678"}],"wp:term":[{"taxonomy":"product_brand","embeddable":true,"href":"https:\/\/staging.aldeco.pt\/pt-pt\/wp-json\/wp\/v2\/product_brand?post=219678"},{"taxonomy":"product_cat","embeddable":true,"href":"https:\/\/staging.aldeco.pt\/pt-pt\/wp-json\/wp\/v2\/product_cat?post=219678"},{"taxonomy":"product_tag","embeddable":true,"href":"https:\/\/staging.aldeco.pt\/pt-pt\/wp-json\/wp\/v2\/product_tag?post=219678"}],"curies":[{"name":"wp","href":"https:\/\/api.w.org\/{rel}","templated":true}]}}