{"id":219623,"date":"2025-05-19T14:55:20","date_gmt":"2025-05-19T14:55:20","guid":{"rendered":"https:\/\/aldeco.pt\/staging\/product\/almofada-calem-velvet-gold-50x50-p\/"},"modified":"2025-05-19T14:55:20","modified_gmt":"2025-05-19T14:55:20","slug":"almofada-calem-velvet-gold-50x50-p","status":"publish","type":"product","link":"https:\/\/staging.aldeco.pt\/pt-pt\/product\/almofada-calem-velvet-gold-50x50-p\/","title":{"rendered":"ALMOFADA CALEM VELVET Gold 50X50 P"},"content":{"rendered":"<p>Almofada decorativa quadrada com vivo Sandeman Easy Clean piping. Calem \u00e9 um veludo jacquard elegante que conjuga na t\u00e9cnica cut pile o requinte do pelo de veludo com o boucl\u00e9 distribu\u00eddo de forma abstrata na base. Esta almofada tem fecho oculto e est\u00e1 dispon\u00edvel em diversas combina\u00e7\u00f5es de cores, com ou sem enchimento.<\/p>\n","protected":false},"excerpt":{"rendered":"<p>Almofada decorativa quadrada com vivo Sandeman Easy Clean piping. Calem \u00e9 um veludo jacquard elegante que conjuga na t\u00e9cnica cut pile o requinte do pelo de veludo com o boucl\u00e9 distribu\u00eddo de forma abstrata na base. Esta almofada tem fecho oculto e est\u00e1 dispon\u00edvel em diversas combina\u00e7\u00f5es de cores, com ou sem enchimento.<\/p>\n<h1>Calem \u00e9 um veludo jacquard elegante que conjuga na t\u00e9cnica cut pile o requinte do pelo de veludo com o boucl\u00e9 distribu\u00eddo de forma abstrata na base.<\/h1>\n<p><img fetchpriority=\"high\" decoding=\"async\" class=\"alignnone wp-image-219356 size-medium\" src=\"https:\/\/aldeco.pt\/staging\/wp-content\/uploads\/2025\/05\/CUSHION-CALEM-VELVET-Gold-50X50-P-300x241.jpg\" alt=\"ALMOFADA CALEM VELVET Gold - Aldeco\" width=\"300\" height=\"241\"><\/p>\n<p><a href=\"https:\/\/aldeco.pt\/staging\/product\/cushion-calem-velvet-gold-50x50-p\/?attribute_pa_aldeco-color=03-gold&amp;attribute_pa_colour=gold\">https:\/\/aldeco.pt\/staging\/product\/cushion-calem-velvet-gold-50&#215;50-p\/?attribute_pa_aldeco-color=03-gold&amp;attribute_pa_colour=gold<\/a><\/p>\n<p><a href=\"https:\/\/www.instagram.com\/aldeco_interiorfabrics\/\">https:\/\/www.instagram.com\/aldeco_interiorfabrics\/<\/a><\/p>\n","protected":false},"featured_media":219357,"template":"","meta":[],"product_brand":[],"product_cat":[6145],"product_tag":[],"class_list":{"0":"post-219623","1":"product","2":"type-product","3":"status-publish","4":"has-post-thumbnail","6":"product_cat-aldeco-2-pt-pt-2","7":"pa_composition-ext-54-pl-46-vi-pt-pt","8":"pa_line-almofadas","9":"pa_opportunities-descontinuado","10":"pa_range-jacquard-pt-pt","11":"pa_range-veludo","14":"first","15":"instock","16":"purchasable","17":"product-type-variable"},"acf":[],"_links":{"self":[{"href":"https:\/\/staging.aldeco.pt\/pt-pt\/wp-json\/wp\/v2\/product\/219623","targetHints":{"allow":["GET"]}}],"collection":[{"href":"https:\/\/staging.aldeco.pt\/pt-pt\/wp-json\/wp\/v2\/product"}],"about":[{"href":"https:\/\/staging.aldeco.pt\/pt-pt\/wp-json\/wp\/v2\/types\/product"}],"version-history":[{"count":0,"href":"https:\/\/staging.aldeco.pt\/pt-pt\/wp-json\/wp\/v2\/product\/219623\/revisions"}],"wp:featuredmedia":[{"embeddable":true,"href":"https:\/\/staging.aldeco.pt\/pt-pt\/wp-json\/wp\/v2\/media\/219357"}],"wp:attachment":[{"href":"https:\/\/staging.aldeco.pt\/pt-pt\/wp-json\/wp\/v2\/media?parent=219623"}],"wp:term":[{"taxonomy":"product_brand","embeddable":true,"href":"https:\/\/staging.aldeco.pt\/pt-pt\/wp-json\/wp\/v2\/product_brand?post=219623"},{"taxonomy":"product_cat","embeddable":true,"href":"https:\/\/staging.aldeco.pt\/pt-pt\/wp-json\/wp\/v2\/product_cat?post=219623"},{"taxonomy":"product_tag","embeddable":true,"href":"https:\/\/staging.aldeco.pt\/pt-pt\/wp-json\/wp\/v2\/product_tag?post=219623"}],"curies":[{"name":"wp","href":"https:\/\/api.w.org\/{rel}","templated":true}]}}