{"id":218744,"date":"2025-01-15T23:55:06","date_gmt":"2025-01-15T23:55:06","guid":{"rendered":"https:\/\/aldeco.pt\/staging\/product\/sopro-fr\/"},"modified":"2025-01-15T23:55:06","modified_gmt":"2025-01-15T23:55:06","slug":"sopro-fr","status":"publish","type":"product","link":"https:\/\/staging.aldeco.pt\/pt-pt\/product\/sopro-fr\/","title":{"rendered":"SOPRO FR"},"content":{"rendered":"<p>SOPRO FR \u00e9 um tecido reciclado com transpar\u00eancia para cortina e uso em contract. Este tecido com mais de 300 cm \u00e9 ideal para os seus projectos, apresenta um look texturado obtido atrav\u00e9s de pequenas nervuras e possui fio de chumbo para uma ca\u00edda perfeita. Possui certifica\u00e7\u00e3o Global Recycled Standard e \u00e9 ign\u00edfugo inerente na norma M1 para uma prote\u00e7\u00e3o total. Este tecido \u00e9 ecol\u00f3gico, possui mais de 85% de mat\u00e9ria reciclada, possui certifica\u00e7\u00e3o OEKO-TEX, n\u00e3o possui subst\u00e2ncias nocivas para o ser humano e para o ambiente. Encontra-se dispon\u00edvel em duas cores suaves.    <\/p>\n","protected":false},"excerpt":{"rendered":"<p>SOPRO FR \u00e9 um tecido reciclado com transpar\u00eancia para cortina e uso em contract. Este tecido com mais de 300 cm \u00e9 ideal para os seus projectos, apresenta um look texturado obtido atrav\u00e9s de pequenas nervuras e possui fio de chumbo para uma ca\u00edda perfeita. Possui certifica\u00e7\u00e3o Global Recycled Standard e \u00e9 ign\u00edfugo inerente na norma M1 para uma prote\u00e7\u00e3o total. Este tecido \u00e9 ecol\u00f3gico, possui mais de 85% de mat\u00e9ria reciclada, possui certifica\u00e7\u00e3o OEKO-TEX, n\u00e3o possui subst\u00e2ncias nocivas para o ser humano e para o ambiente. Encontra-se dispon\u00edvel em duas cores suaves.    <\/p>\n<h2>SOPRO FR \u00e9 um tecido reciclado com transpar\u00eancia para cortina e uso em contract. Este tecido com mais de 300 cm \u00e9 ideal para os seus projectos, apresenta um look texturado obtido atrav\u00e9s de pequenas nervuras e possui fio de chumbo para uma ca\u00edda perfeita. <\/h2>\n<p><img fetchpriority=\"high\" decoding=\"async\" class=\"alignnone wp-image-217464 size-medium\" src=\"https:\/\/aldeco.pt\/staging\/wp-content\/uploads\/2025\/01\/T193220001-1-300x200.jpg\" alt=\"Sopro Fr - Aldeco\" width=\"300\" height=\"200\"><\/p>\n<p><a href=\"https:\/\/aldeco.pt\/staging\/product\/sopro-fr\/?attribute_pa_aldeco-color=01-natural-white\">https:\/\/aldeco.pt\/staging\/product\/sopro-fr\/?attribute_pa_aldeco-color=01-natural-white<\/a><\/p>\n<p><a href=\"https:\/\/www.instagram.com\/aldeco_interiorfabrics\/\">https:\/\/www.instagram.com\/aldeco_interiorfabrics\/<\/a><\/p>\n","protected":false},"featured_media":217149,"template":"","meta":[],"product_brand":[],"product_cat":[6153],"product_tag":[],"class_list":{"0":"post-218744","1":"product","2":"type-product","3":"status-publish","4":"has-post-thumbnail","6":"product_cat-aldeco-smarter-pt-pt","7":"pa_cleanability-8282","8":"pa_composition-ext-8850-rpl-fr-1150-pl-pt-pt","9":"pa_contract-fabrics-1-pt-pt","10":"pa_interior-fabrics-1-pt-pt","11":"pa_line-tecidos","12":"pa_lithfastness-4-pt-pt","13":"pa_opportunities-descontinuado","14":"pa_range-jacquard-pt-pt","15":"pa_special-treatments-fabrics-1-pt-pt","16":"pa_sustainable-fabrics-1-pt-pt","19":"first","20":"instock","21":"purchasable","22":"product-type-variable"},"acf":[],"_links":{"self":[{"href":"https:\/\/staging.aldeco.pt\/pt-pt\/wp-json\/wp\/v2\/product\/218744","targetHints":{"allow":["GET"]}}],"collection":[{"href":"https:\/\/staging.aldeco.pt\/pt-pt\/wp-json\/wp\/v2\/product"}],"about":[{"href":"https:\/\/staging.aldeco.pt\/pt-pt\/wp-json\/wp\/v2\/types\/product"}],"version-history":[{"count":0,"href":"https:\/\/staging.aldeco.pt\/pt-pt\/wp-json\/wp\/v2\/product\/218744\/revisions"}],"wp:featuredmedia":[{"embeddable":true,"href":"https:\/\/staging.aldeco.pt\/pt-pt\/wp-json\/wp\/v2\/media\/217149"}],"wp:attachment":[{"href":"https:\/\/staging.aldeco.pt\/pt-pt\/wp-json\/wp\/v2\/media?parent=218744"}],"wp:term":[{"taxonomy":"product_brand","embeddable":true,"href":"https:\/\/staging.aldeco.pt\/pt-pt\/wp-json\/wp\/v2\/product_brand?post=218744"},{"taxonomy":"product_cat","embeddable":true,"href":"https:\/\/staging.aldeco.pt\/pt-pt\/wp-json\/wp\/v2\/product_cat?post=218744"},{"taxonomy":"product_tag","embeddable":true,"href":"https:\/\/staging.aldeco.pt\/pt-pt\/wp-json\/wp\/v2\/product_tag?post=218744"}],"curies":[{"name":"wp","href":"https:\/\/api.w.org\/{rel}","templated":true}]}}