{"id":218148,"date":"2025-01-15T23:50:49","date_gmt":"2025-01-15T23:50:49","guid":{"rendered":"https:\/\/aldeco.pt\/staging\/product\/memory\/"},"modified":"2025-01-15T23:50:49","modified_gmt":"2025-01-15T23:50:49","slug":"memory","status":"publish","type":"product","link":"https:\/\/staging.aldeco.pt\/pt-pt\/product\/memory\/","title":{"rendered":"MEMORY"},"content":{"rendered":"<p>MEMORY \u00e9 um tecido elegante como um cetim de l\u00e3 e muito vers\u00e1til devido \u00e0 sua largura de 310 cm. A sua mistura de algod\u00e3o e poli\u00e9ster conferem-lhe um look muito natural, uma delicada suavidade e uma enorme resist\u00eancia, tornando-o um tecido multiusos ideal para estofo, cortina e decora\u00e7\u00e3o geral.<br \/>\nEste tecido imprescind\u00edvel est\u00e1 dispon\u00edvel em 12 cores muito naturais. <\/p>\n","protected":false},"excerpt":{"rendered":"<p>MEMORY \u00e9 um tecido elegante como um cetim de l\u00e3 e muito vers\u00e1til devido \u00e0 sua largura de 310 cm. A sua mistura de algod\u00e3o e poli\u00e9ster conferem-lhe um look muito natural, uma delicada suavidade e uma enorme resist\u00eancia, tornando-o um tecido multiusos ideal para estofo, cortina e decora\u00e7\u00e3o geral.<br \/>\nEste tecido imprescind\u00edvel est\u00e1 dispon\u00edvel em 12 cores muito naturais. <\/p>\n<h2>MEMORY \u00e9 um tecido elegante como um cetim de l\u00e3 e muito vers\u00e1til devido \u00e0 sua largura de 310 cm.<\/h2>\n<p><img fetchpriority=\"high\" decoding=\"async\" class=\"alignnone wp-image-217433 size-medium\" src=\"https:\/\/aldeco.pt\/staging\/wp-content\/uploads\/2025\/01\/T193210001-2-300x200.jpg\" alt=\"Memory - Aldeco\" width=\"300\" height=\"200\"><\/p>\n<p><a href=\"https:\/\/aldeco.pt\/staging\/product\/memory\/?attribute_pa_aldeco-color=01-natural-white\">https:\/\/aldeco.pt\/staging\/product\/memory\/?attribute_pa_aldeco-color=01-natural-white<\/a><\/p>\n<p><a href=\"https:\/\/www.instagram.com\/aldeco_interiorfabrics\/\">https:\/\/www.instagram.com\/aldeco_interiorfabrics\/<\/a><\/p>\n","protected":false},"featured_media":217102,"template":"","meta":[],"product_brand":[],"product_cat":[6145],"product_tag":[],"class_list":{"0":"post-218148","1":"product","2":"type-product","3":"status-publish","4":"has-post-thumbnail","6":"product_cat-aldeco-2-pt-pt-2","7":"pa_cleanability-8282","8":"pa_composition-ext-69-co-31-pl-pt-pt","9":"pa_interior-fabrics-1-pt-pt","10":"pa_line-tecidos","11":"pa_lithfastness-4-pt-pt","12":"pa_opportunities-descontinuado","13":"pa_range-cetim","16":"first","17":"instock","18":"purchasable","19":"product-type-variable"},"acf":[],"_links":{"self":[{"href":"https:\/\/staging.aldeco.pt\/pt-pt\/wp-json\/wp\/v2\/product\/218148","targetHints":{"allow":["GET"]}}],"collection":[{"href":"https:\/\/staging.aldeco.pt\/pt-pt\/wp-json\/wp\/v2\/product"}],"about":[{"href":"https:\/\/staging.aldeco.pt\/pt-pt\/wp-json\/wp\/v2\/types\/product"}],"version-history":[{"count":0,"href":"https:\/\/staging.aldeco.pt\/pt-pt\/wp-json\/wp\/v2\/product\/218148\/revisions"}],"wp:featuredmedia":[{"embeddable":true,"href":"https:\/\/staging.aldeco.pt\/pt-pt\/wp-json\/wp\/v2\/media\/217102"}],"wp:attachment":[{"href":"https:\/\/staging.aldeco.pt\/pt-pt\/wp-json\/wp\/v2\/media?parent=218148"}],"wp:term":[{"taxonomy":"product_brand","embeddable":true,"href":"https:\/\/staging.aldeco.pt\/pt-pt\/wp-json\/wp\/v2\/product_brand?post=218148"},{"taxonomy":"product_cat","embeddable":true,"href":"https:\/\/staging.aldeco.pt\/pt-pt\/wp-json\/wp\/v2\/product_cat?post=218148"},{"taxonomy":"product_tag","embeddable":true,"href":"https:\/\/staging.aldeco.pt\/pt-pt\/wp-json\/wp\/v2\/product_tag?post=218148"}],"curies":[{"name":"wp","href":"https:\/\/api.w.org\/{rel}","templated":true}]}}