{"id":218142,"date":"2025-01-15T23:47:37","date_gmt":"2025-01-15T23:47:37","guid":{"rendered":"https:\/\/aldeco.pt\/staging\/product\/baume\/"},"modified":"2025-01-15T23:47:37","modified_gmt":"2025-01-15T23:47:37","slug":"baume","status":"publish","type":"product","link":"https:\/\/staging.aldeco.pt\/pt-pt\/product\/baume\/","title":{"rendered":"BAUM\u00c9"},"content":{"rendered":"<p>BAUM\u00c9 \u00e9 um tecido de cortina muito pesado com um aspeto de l\u00e3 muito natural e elegante. Este tecido tem uma textura irregular com fios flamejantes, o que lhe confere uma estrutura inconfund\u00edvel. Est\u00e1 dispon\u00edvel em duas cores suaves.  <\/p>\n","protected":false},"excerpt":{"rendered":"<p>BAUM\u00c9 \u00e9 um tecido de cortina muito pesado com um aspeto de l\u00e3 muito natural e elegante. Este tecido tem uma textura irregular com fios flamejantes, o que lhe confere uma estrutura inconfund\u00edvel. Est\u00e1 dispon\u00edvel em duas cores suaves.  <\/p>\n<h2>BAUM\u00c9 \u00e9 um tecido de cortina muito pesado com um aspeto de l\u00e3 muito natural e elegante. Este tecido tem uma textura irregular com fios flamejantes, o que lhe confere uma estrutura inconfund\u00edvel. Est\u00e1 dispon\u00edvel em duas cores suaves.  <\/h2>\n<p><img fetchpriority=\"high\" decoding=\"async\" class=\"alignnone wp-image-217382 size-medium\" src=\"https:\/\/aldeco.pt\/staging\/wp-content\/uploads\/2025\/01\/T193230001-1-300x200.jpg\" alt=\"Baume - Aldeco\" width=\"300\" height=\"200\"><\/p>\n<p><a href=\"https:\/\/aldeco.pt\/staging\/product\/baume\/?attribute_pa_aldeco-color=01-natural-white\">https:\/\/aldeco.pt\/staging\/product\/baume\/?attribute_pa_aldeco-color=01-natural-white<\/a><\/p>\n<p><a href=\"https:\/\/www.instagram.com\/aldeco_interiorfabrics\/\">https:\/\/www.instagram.com\/aldeco_interiorfabrics\/<\/a><\/p>\n","protected":false},"featured_media":225496,"template":"","meta":[],"product_brand":[],"product_cat":[6145],"product_tag":[],"class_list":{"0":"post-218142","1":"product","2":"type-product","3":"status-publish","4":"has-post-thumbnail","6":"product_cat-aldeco-2-pt-pt-2","7":"pa_cleanability-8282","8":"pa_composition-ext-1-co-50-vi-5-li-4-pa-27-pl-13-wo-pt-pt","9":"pa_interior-fabrics-1-pt-pt","10":"pa_line-tecidos","11":"pa_lithfastness-4-pt-pt","12":"pa_opportunities-descontinuado","13":"pa_range-jacquard-pt-pt","16":"first","17":"instock","18":"purchasable","19":"product-type-variable"},"acf":[],"_links":{"self":[{"href":"https:\/\/staging.aldeco.pt\/pt-pt\/wp-json\/wp\/v2\/product\/218142","targetHints":{"allow":["GET"]}}],"collection":[{"href":"https:\/\/staging.aldeco.pt\/pt-pt\/wp-json\/wp\/v2\/product"}],"about":[{"href":"https:\/\/staging.aldeco.pt\/pt-pt\/wp-json\/wp\/v2\/types\/product"}],"version-history":[{"count":0,"href":"https:\/\/staging.aldeco.pt\/pt-pt\/wp-json\/wp\/v2\/product\/218142\/revisions"}],"wp:featuredmedia":[{"embeddable":true,"href":"https:\/\/staging.aldeco.pt\/pt-pt\/wp-json\/wp\/v2\/media\/225496"}],"wp:attachment":[{"href":"https:\/\/staging.aldeco.pt\/pt-pt\/wp-json\/wp\/v2\/media?parent=218142"}],"wp:term":[{"taxonomy":"product_brand","embeddable":true,"href":"https:\/\/staging.aldeco.pt\/pt-pt\/wp-json\/wp\/v2\/product_brand?post=218142"},{"taxonomy":"product_cat","embeddable":true,"href":"https:\/\/staging.aldeco.pt\/pt-pt\/wp-json\/wp\/v2\/product_cat?post=218142"},{"taxonomy":"product_tag","embeddable":true,"href":"https:\/\/staging.aldeco.pt\/pt-pt\/wp-json\/wp\/v2\/product_tag?post=218142"}],"curies":[{"name":"wp","href":"https:\/\/api.w.org\/{rel}","templated":true}]}}