{"id":217571,"date":"2025-01-15T23:59:51","date_gmt":"2025-01-15T23:59:51","guid":{"rendered":"https:\/\/aldeco.pt\/staging\/product\/taylors-jacquard-velvet\/"},"modified":"2025-07-24T21:06:49","modified_gmt":"2025-07-24T21:06:49","slug":"taylors-jacquard-velvet","status":"publish","type":"product","link":"https:\/\/staging.aldeco.pt\/pt-pt\/product\/taylors-jacquard-velvet\/","title":{"rendered":"TAYLORS JACQUARD VELVET"},"content":{"rendered":"<p>TAYLORS \u00e9 um elegante veludo jacquard que combina na produ\u00e7\u00e3o a t\u00e9cnica de cut pile (p\u00ealo cortado) com fios boucl\u00e9 na base. O requinte do veludo com o fio boucl\u00e9 \u00e9 distribu\u00eddo em riscas ondulantes. O seu desenho geom\u00e9trico din\u00e2mico evoca as paisagens durienses com o seu jogo de recortes.<br \/>\nEst\u00e1 dispon\u00edvel em 4 cores que pode combinar facilmente com o resto da cole\u00e7\u00e3o.<\/p>\n","protected":false},"excerpt":{"rendered":"<p>TAYLORS \u00e9 um elegante veludo jacquard que combina na produ\u00e7\u00e3o a t\u00e9cnica de cut pile (p\u00ealo cortado) com fios boucl\u00e9 na base. O requinte do veludo com o fio boucl\u00e9 \u00e9 distribu\u00eddo em riscas ondulantes. O seu desenho geom\u00e9trico din\u00e2mico evoca as paisagens durienses com o seu jogo de recortes.<br \/>\nEst\u00e1 dispon\u00edvel em 4 cores que pode combinar facilmente com o resto da cole\u00e7\u00e3o.<\/p>\n<h2>TAYLORS \u00e9 um elegante veludo jacquard que combina na produ\u00e7\u00e3o a t\u00e9cnica de cut pile (p\u00ealo cortado) com fios boucl\u00e9 na base.<\/h2>\n<p><img fetchpriority=\"high\" decoding=\"async\" class=\"alignnone wp-image-217567 size-medium\" src=\"https:\/\/aldeco.pt\/staging\/wp-content\/uploads\/2025\/01\/T193250001-1-300x200.jpg\" alt=\"Taylors Jacquard Velvet - Aldeco\" width=\"300\" height=\"200\" \/><\/p>\n<p><a href=\"https:\/\/aldeco.pt\/staging\/pt-pt\/product\/taylors-jacquard-velvet\/?attribute_pa_aldeco-color=01-linen-marine\">https:\/\/aldeco.pt\/staging\/pt-pt\/product\/taylors-jacquard-velvet\/?attribute_pa_aldeco-color=01-linen-marine<\/a><\/p>\n<p><a href=\"https:\/\/www.instagram.com\/aldeco_interiorfabrics\/\">https:\/\/www.instagram.com\/aldeco_interiorfabrics\/<\/a><\/p>\n","protected":false},"featured_media":217810,"template":"","meta":[],"product_brand":[],"product_cat":[6145],"product_tag":[],"class_list":{"0":"post-217571","1":"product","2":"type-product","3":"status-publish","4":"has-post-thumbnail","6":"product_cat-aldeco-2-pt-pt-2","7":"pa_cleanability-8282","8":"pa_composition-ext-54-pl-46-vi-pt-pt","9":"pa_interior-fabrics-1-pt-pt","10":"pa_line-tecidos","11":"pa_lithfastness-9680","12":"pa_opportunities-descontinuado","13":"pa_range-jacquard-pt-pt","14":"pa_range-veludo","15":"pa_rapport-horizontal-71-pt-pt","16":"pa_rapport-vertical-34-pt-pt","17":"pa_sustainable-fabrics-1-pt-pt","20":"first","21":"instock","22":"purchasable","23":"product-type-variable"},"acf":[],"_links":{"self":[{"href":"https:\/\/staging.aldeco.pt\/pt-pt\/wp-json\/wp\/v2\/product\/217571","targetHints":{"allow":["GET"]}}],"collection":[{"href":"https:\/\/staging.aldeco.pt\/pt-pt\/wp-json\/wp\/v2\/product"}],"about":[{"href":"https:\/\/staging.aldeco.pt\/pt-pt\/wp-json\/wp\/v2\/types\/product"}],"version-history":[{"count":2,"href":"https:\/\/staging.aldeco.pt\/pt-pt\/wp-json\/wp\/v2\/product\/217571\/revisions"}],"predecessor-version":[{"id":217813,"href":"https:\/\/staging.aldeco.pt\/pt-pt\/wp-json\/wp\/v2\/product\/217571\/revisions\/217813"}],"wp:featuredmedia":[{"embeddable":true,"href":"https:\/\/staging.aldeco.pt\/pt-pt\/wp-json\/wp\/v2\/media\/217810"}],"wp:attachment":[{"href":"https:\/\/staging.aldeco.pt\/pt-pt\/wp-json\/wp\/v2\/media?parent=217571"}],"wp:term":[{"taxonomy":"product_brand","embeddable":true,"href":"https:\/\/staging.aldeco.pt\/pt-pt\/wp-json\/wp\/v2\/product_brand?post=217571"},{"taxonomy":"product_cat","embeddable":true,"href":"https:\/\/staging.aldeco.pt\/pt-pt\/wp-json\/wp\/v2\/product_cat?post=217571"},{"taxonomy":"product_tag","embeddable":true,"href":"https:\/\/staging.aldeco.pt\/pt-pt\/wp-json\/wp\/v2\/product_tag?post=217571"}],"curies":[{"name":"wp","href":"https:\/\/api.w.org\/{rel}","templated":true}]}}