{"id":217561,"date":"2025-01-15T23:59:36","date_gmt":"2025-01-15T23:59:36","guid":{"rendered":"https:\/\/aldeco.pt\/staging\/product\/tawny\/"},"modified":"2025-06-03T13:25:36","modified_gmt":"2025-06-03T13:25:36","slug":"tawny","status":"publish","type":"product","link":"https:\/\/staging.aldeco.pt\/pt-pt\/product\/tawny\/","title":{"rendered":"TAWNY"},"content":{"rendered":"<p>TAWNY \u00e9 um tecido jacquard decorativo para cortina e reposteiro. O seu desenho abstrato composto por uma estrutura de linhas paralelas dram\u00e1ticamente decompostas.  Os seus fios de seda, algod\u00e3o e viscose s\u00e3o combinados para criar efeitos de desgaste, conferindo simultaneamente um toque sofisticado e elegante ao tecido. Est\u00e1 dispon\u00edvel em dois tons naturais. <\/p>\n","protected":false},"excerpt":{"rendered":"<p>TAWNY \u00e9 um tecido jacquard decorativo para cortina e reposteiro. O seu desenho abstrato composto por uma estrutura de linhas paralelas dram\u00e1ticamente decompostas.  Os seus fios de seda, algod\u00e3o e viscose s\u00e3o combinados para criar efeitos de desgaste, conferindo simultaneamente um toque sofisticado e elegante ao tecido. Est\u00e1 dispon\u00edvel em dois tons naturais. <\/p>\n<h2>TAWNY \u00e9 um tecido jacquard decorativo para cortina e reposteiro. O seu desenho abastrato composto por uma estrutura de linhas paralelas dram\u00e1ticamente decompostas. <\/h2>\n<p><img fetchpriority=\"high\" decoding=\"async\" class=\"alignnone wp-image-217557 size-medium\" src=\"https:\/\/aldeco.pt\/staging\/wp-content\/uploads\/2025\/01\/T193290001-1-300x200.jpg\" alt=\"Tawny - Aldeco\" width=\"300\" height=\"200\"><\/p>\n<p><a href=\"https:\/\/aldeco.pt\/staging\/pt-pt\/product\/tawny\/?attribute_pa_aldeco-color=01-linen-pt-pt\">https:\/\/aldeco.pt\/staging\/pt-pt\/product\/tawny\/?attribute_pa_aldeco-color=01-linen-pt-pt<\/a><\/p>\n<p><a href=\"https:\/\/www.instagram.com\/aldeco_interiorfabrics\/\">https:\/\/www.instagram.com\/aldeco_interiorfabrics\/<\/a><\/p>\n","protected":false},"featured_media":217814,"template":"","meta":[],"product_brand":[],"product_cat":[6145],"product_tag":[],"class_list":{"0":"post-217561","1":"product","2":"type-product","3":"status-publish","4":"has-post-thumbnail","6":"product_cat-aldeco-2-pt-pt-2","7":"pa_cleanability-8282","8":"pa_composition-ext-16-pl-7-si-30-bci-co-47-vi-pt-pt","9":"pa_interior-fabrics-1-pt-pt","10":"pa_line-tecidos","11":"pa_lithfastness-4-pt-pt","12":"pa_opportunities-descontinuado","13":"pa_range-jacquard-pt-pt","14":"pa_rapport-horizontal-33-5-pt-pt","15":"pa_rapport-vertical-23-5-pt-pt","16":"pa_sustainable-fabrics-1-pt-pt","19":"first","20":"instock","21":"purchasable","22":"product-type-variable"},"acf":[],"_links":{"self":[{"href":"https:\/\/staging.aldeco.pt\/pt-pt\/wp-json\/wp\/v2\/product\/217561","targetHints":{"allow":["GET"]}}],"collection":[{"href":"https:\/\/staging.aldeco.pt\/pt-pt\/wp-json\/wp\/v2\/product"}],"about":[{"href":"https:\/\/staging.aldeco.pt\/pt-pt\/wp-json\/wp\/v2\/types\/product"}],"version-history":[{"count":2,"href":"https:\/\/staging.aldeco.pt\/pt-pt\/wp-json\/wp\/v2\/product\/217561\/revisions"}],"predecessor-version":[{"id":220399,"href":"https:\/\/staging.aldeco.pt\/pt-pt\/wp-json\/wp\/v2\/product\/217561\/revisions\/220399"}],"wp:featuredmedia":[{"embeddable":true,"href":"https:\/\/staging.aldeco.pt\/pt-pt\/wp-json\/wp\/v2\/media\/217814"}],"wp:attachment":[{"href":"https:\/\/staging.aldeco.pt\/pt-pt\/wp-json\/wp\/v2\/media?parent=217561"}],"wp:term":[{"taxonomy":"product_brand","embeddable":true,"href":"https:\/\/staging.aldeco.pt\/pt-pt\/wp-json\/wp\/v2\/product_brand?post=217561"},{"taxonomy":"product_cat","embeddable":true,"href":"https:\/\/staging.aldeco.pt\/pt-pt\/wp-json\/wp\/v2\/product_cat?post=217561"},{"taxonomy":"product_tag","embeddable":true,"href":"https:\/\/staging.aldeco.pt\/pt-pt\/wp-json\/wp\/v2\/product_tag?post=217561"}],"curies":[{"name":"wp","href":"https:\/\/api.w.org\/{rel}","templated":true}]}}