{"id":217553,"date":"2025-01-15T23:59:22","date_gmt":"2025-01-15T23:59:22","guid":{"rendered":"https:\/\/aldeco.pt\/staging\/product\/surriba\/"},"modified":"2025-01-27T11:43:40","modified_gmt":"2025-01-27T11:43:40","slug":"surriba","status":"publish","type":"product","link":"https:\/\/staging.aldeco.pt\/pt-pt\/product\/surriba\/","title":{"rendered":"SURRIBA"},"content":{"rendered":"<p>SURRIBA \u00e9 um tecido jacquard para estofo composto por linhas ondulantes e fluidas. As curvas de Surriba sobrep\u00f5e-se jogam entre si \u00e0 medida que se entrela\u00e7am como um rio. A intera\u00e7\u00e3o de estruturas e cores confere-lhe um toque de dinamismo, criando um tecido simultaneamente calmante e visualmente cativante. Encontra-se dispon\u00edvel em 2 tons suaves.<\/p>\n","protected":false},"excerpt":{"rendered":"<p>SURRIBA \u00e9 um tecido jacquard para estofo composto por linhas ondulantes e fluidas. As curvas de Surriba sobrep\u00f5e-se jogam entre si \u00e0 medida que se entrela\u00e7am como um rio. A intera\u00e7\u00e3o de estruturas e cores confere-lhe um toque de dinamismo, criando um tecido simultaneamente calmante e visualmente cativante. Encontra-se dispon\u00edvel em 2 tons suaves.<\/p>\n<h2>SURRIBA \u00e9 um tecido jacquard para estofo composto por linhas ondulantes e fluidas. As curvas de Surriba sobrep\u00f5e-se jogam entre si \u00e0 medida que se entrela\u00e7am como um rio.<\/h2>\n<p><img fetchpriority=\"high\" decoding=\"async\" class=\"alignnone wp-image-217549 size-medium\" src=\"https:\/\/aldeco.pt\/staging\/wp-content\/uploads\/2025\/01\/T193300001-1-300x200.jpg\" alt=\"Surriba - Aldeco\" width=\"300\" height=\"200\" \/><\/p>\n<p><a href=\"https:\/\/aldeco.pt\/staging\/pt-pt\/product\/surriba\/?attribute_pa_aldeco-color=01-linen-pt-pt\">https:\/\/aldeco.pt\/staging\/pt-pt\/product\/surriba\/?attribute_pa_aldeco-color=01-linen-pt-pt<\/a><\/p>\n<p><a href=\"https:\/\/www.instagram.com\/aldeco_interiorfabrics\/\">https:\/\/www.instagram.com\/aldeco_interiorfabrics\/<\/a><\/p>\n","protected":false},"featured_media":217818,"template":"","meta":[],"product_brand":[],"product_cat":[6145],"product_tag":[],"class_list":{"0":"post-217553","1":"product","2":"type-product","3":"status-publish","4":"has-post-thumbnail","6":"product_cat-aldeco-2-pt-pt-2","7":"pa_cleanability-8282","8":"pa_composition-ext-19-rpl-10-pl-32-bci-co-29-li-10-lyo-pt-pt","9":"pa_interior-fabrics-1-pt-pt","10":"pa_line-tecidos","11":"pa_lithfastness-4-pt-pt","12":"pa_opportunities-descontinuado","13":"pa_outdoor-0-pt-pt","14":"pa_range-jacquard-pt-pt","15":"pa_rapport-horizontal-66-pt-pt","16":"pa_rapport-vertical-47-pt-pt","17":"pa_sustainable-fabrics-1-pt-pt","20":"first","21":"instock","22":"purchasable","23":"product-type-variable"},"acf":[],"_links":{"self":[{"href":"https:\/\/staging.aldeco.pt\/pt-pt\/wp-json\/wp\/v2\/product\/217553","targetHints":{"allow":["GET"]}}],"collection":[{"href":"https:\/\/staging.aldeco.pt\/pt-pt\/wp-json\/wp\/v2\/product"}],"about":[{"href":"https:\/\/staging.aldeco.pt\/pt-pt\/wp-json\/wp\/v2\/types\/product"}],"version-history":[{"count":1,"href":"https:\/\/staging.aldeco.pt\/pt-pt\/wp-json\/wp\/v2\/product\/217553\/revisions"}],"predecessor-version":[{"id":217821,"href":"https:\/\/staging.aldeco.pt\/pt-pt\/wp-json\/wp\/v2\/product\/217553\/revisions\/217821"}],"wp:featuredmedia":[{"embeddable":true,"href":"https:\/\/staging.aldeco.pt\/pt-pt\/wp-json\/wp\/v2\/media\/217818"}],"wp:attachment":[{"href":"https:\/\/staging.aldeco.pt\/pt-pt\/wp-json\/wp\/v2\/media?parent=217553"}],"wp:term":[{"taxonomy":"product_brand","embeddable":true,"href":"https:\/\/staging.aldeco.pt\/pt-pt\/wp-json\/wp\/v2\/product_brand?post=217553"},{"taxonomy":"product_cat","embeddable":true,"href":"https:\/\/staging.aldeco.pt\/pt-pt\/wp-json\/wp\/v2\/product_cat?post=217553"},{"taxonomy":"product_tag","embeddable":true,"href":"https:\/\/staging.aldeco.pt\/pt-pt\/wp-json\/wp\/v2\/product_tag?post=217553"}],"curies":[{"name":"wp","href":"https:\/\/api.w.org\/{rel}","templated":true}]}}