{"id":217546,"date":"2025-01-15T23:58:58","date_gmt":"2025-01-15T23:58:58","guid":{"rendered":"https:\/\/aldeco.pt\/staging\/product\/shale-stone\/"},"modified":"2025-01-27T11:50:14","modified_gmt":"2025-01-27T11:50:14","slug":"shale-stone","status":"publish","type":"product","link":"https:\/\/staging.aldeco.pt\/pt-pt\/product\/shale-stone\/","title":{"rendered":"SHALE STONE"},"content":{"rendered":"<p>SHALE STONE \u00e9 um tecido jacquard para estofo com um aspeto de pedra de xisto, as camadas da pedra cont\u00eam sem si a passagem das eras. Os veios da pedra acrescentam um toque majestoso, real\u00e7ando o fasc\u00ednio intemporal de uma textura elegante. Este tecido hipnotizante est\u00e1 dispon\u00edvel em 2 tons.<\/p>\n","protected":false},"excerpt":{"rendered":"<p>SHALE STONE \u00e9 um tecido jacquard para estofo com um aspeto de pedra de xisto, as camadas da pedra cont\u00eam sem si a passagem das eras. Os veios da pedra acrescentam um toque majestoso, real\u00e7ando o fasc\u00ednio intemporal de uma textura elegante. Este tecido hipnotizante est\u00e1 dispon\u00edvel em 2 tons.<\/p>\n<h2>SHALE STONE \u00e9 um tecido jacquard para estofo com um aspeto de pedra de xisto, as camadas da pedra cont\u00eam sem si a passagem das eras.<\/h2>\n<p><img fetchpriority=\"high\" decoding=\"async\" class=\"alignnone wp-image-217542 size-medium\" src=\"https:\/\/aldeco.pt\/staging\/wp-content\/uploads\/2025\/01\/T193260001-1-300x200.jpg\" alt=\"Shale Stone - Aldeco\" width=\"300\" height=\"200\" \/><\/p>\n<p><a href=\"https:\/\/aldeco.pt\/staging\/pt-pt\/product\/shale-stone\/?attribute_pa_aldeco-color=01-straw\">https:\/\/aldeco.pt\/staging\/pt-pt\/product\/shale-stone\/?attribute_pa_aldeco-color=01-straw<\/a><a href=\"https:\/\/www.instagram.com\/aldeco_interiorfabrics\/\">https:\/\/www.instagram.com\/aldeco_interiorfabrics\/<\/a><\/p>\n","protected":false},"featured_media":217780,"template":"","meta":[],"product_brand":[],"product_cat":[6145],"product_tag":[],"class_list":{"0":"post-217546","1":"product","2":"type-product","3":"status-publish","4":"has-post-thumbnail","6":"product_cat-aldeco-2-pt-pt-2","7":"pa_cleanability-8282","8":"pa_interior-fabrics-1-pt-pt","9":"pa_line-tecidos","10":"pa_lithfastness-4-pt-pt","11":"pa_opportunities-descontinuado","12":"pa_range-jacquard-pt-pt","13":"pa_rapport-horizontal-65-pt-pt","14":"pa_rapport-vertical-64-pt-pt","15":"pa_sustainable-fabrics-1-pt-pt","18":"first","19":"instock","20":"purchasable","21":"product-type-variable"},"acf":[],"_links":{"self":[{"href":"https:\/\/staging.aldeco.pt\/pt-pt\/wp-json\/wp\/v2\/product\/217546","targetHints":{"allow":["GET"]}}],"collection":[{"href":"https:\/\/staging.aldeco.pt\/pt-pt\/wp-json\/wp\/v2\/product"}],"about":[{"href":"https:\/\/staging.aldeco.pt\/pt-pt\/wp-json\/wp\/v2\/types\/product"}],"version-history":[{"count":2,"href":"https:\/\/staging.aldeco.pt\/pt-pt\/wp-json\/wp\/v2\/product\/217546\/revisions"}],"predecessor-version":[{"id":217828,"href":"https:\/\/staging.aldeco.pt\/pt-pt\/wp-json\/wp\/v2\/product\/217546\/revisions\/217828"}],"wp:featuredmedia":[{"embeddable":true,"href":"https:\/\/staging.aldeco.pt\/pt-pt\/wp-json\/wp\/v2\/media\/217780"}],"wp:attachment":[{"href":"https:\/\/staging.aldeco.pt\/pt-pt\/wp-json\/wp\/v2\/media?parent=217546"}],"wp:term":[{"taxonomy":"product_brand","embeddable":true,"href":"https:\/\/staging.aldeco.pt\/pt-pt\/wp-json\/wp\/v2\/product_brand?post=217546"},{"taxonomy":"product_cat","embeddable":true,"href":"https:\/\/staging.aldeco.pt\/pt-pt\/wp-json\/wp\/v2\/product_cat?post=217546"},{"taxonomy":"product_tag","embeddable":true,"href":"https:\/\/staging.aldeco.pt\/pt-pt\/wp-json\/wp\/v2\/product_tag?post=217546"}],"curies":[{"name":"wp","href":"https:\/\/api.w.org\/{rel}","templated":true}]}}