{"id":217534,"date":"2025-01-15T23:58:35","date_gmt":"2025-01-15T23:58:35","guid":{"rendered":"https:\/\/aldeco.pt\/staging\/product\/lodge\/"},"modified":"2025-01-27T11:51:33","modified_gmt":"2025-01-27T11:51:33","slug":"lodge","status":"publish","type":"product","link":"https:\/\/staging.aldeco.pt\/pt-pt\/product\/lodge\/","title":{"rendered":"LODGE"},"content":{"rendered":"<p>LODGE \u00e9 um tecido jacquard para estofo com um pequeno padr\u00e3o geom\u00e9trico que evoca os intemporais padr\u00f5es Pied de Poule. Os destaques cintilantes convergem com tons mate, tornando Lodge um tecido elegante e vers\u00e1til. O jogo de luz d\u00e1 vida ao padr\u00e3o, conferindo-lhe uma sensa\u00e7\u00e3o envolvente. Est\u00e1 dispon\u00edvel em 3 tons ricos e subtis.<\/p>\n","protected":false},"excerpt":{"rendered":"<p>LODGE \u00e9 um tecido jacquard para estofo com um pequeno padr\u00e3o geom\u00e9trico que evoca os intemporais padr\u00f5es Pied de Poule. Os destaques cintilantes convergem com tons mate, tornando Lodge um tecido elegante e vers\u00e1til. O jogo de luz d\u00e1 vida ao padr\u00e3o, conferindo-lhe uma sensa\u00e7\u00e3o envolvente. Est\u00e1 dispon\u00edvel em 3 tons ricos e subtis.<\/p>\n<h2>LODGE \u00e9 um tecido jacquard para estofo com um pequeno padr\u00e3o geom\u00e9trico que evoca os intemporais padr\u00f5es Pied de Poule.<\/h2>\n<p><img fetchpriority=\"high\" decoding=\"async\" class=\"alignnone wp-image-217530 size-medium\" src=\"https:\/\/aldeco.pt\/staging\/wp-content\/uploads\/2025\/01\/T193280001-1-300x200.jpg\" alt=\"Lodge - Aldeco\" width=\"300\" height=\"200\" \/><\/p>\n<p><a href=\"https:\/\/aldeco.pt\/staging\/pt-pt\/product\/lodge\/?attribute_pa_aldeco-color=01-ivory-pt-pt\">https:\/\/aldeco.pt\/staging\/pt-pt\/product\/lodge\/?attribute_pa_aldeco-color=01-ivory-pt-pt<\/a><\/p>\n<p><a href=\"https:\/\/www.instagram.com\/aldeco_interiorfabrics\/\">https:\/\/www.instagram.com\/aldeco_interiorfabrics\/<\/a><\/p>\n","protected":false},"featured_media":217770,"template":"","meta":[],"product_brand":[],"product_cat":[6145],"product_tag":[],"class_list":{"0":"post-217534","1":"product","2":"type-product","3":"status-publish","4":"has-post-thumbnail","6":"product_cat-aldeco-2-pt-pt-2","7":"pa_cleanability-8282","8":"pa_composition-ext-25-rpl-56-bci-co-9-pl-pt-pt","9":"pa_interior-fabrics-1-pt-pt","10":"pa_line-tecidos","11":"pa_lithfastness-4-pt-pt","12":"pa_opportunities-descontinuado","13":"pa_range-jacquard-pt-pt","14":"pa_rapport-horizontal-32-8-pt-pt","15":"pa_rapport-vertical-11-pt-pt","16":"pa_sustainable-fabrics-1-pt-pt","19":"first","20":"instock","21":"purchasable","22":"product-type-variable"},"acf":[],"_links":{"self":[{"href":"https:\/\/staging.aldeco.pt\/pt-pt\/wp-json\/wp\/v2\/product\/217534","targetHints":{"allow":["GET"]}}],"collection":[{"href":"https:\/\/staging.aldeco.pt\/pt-pt\/wp-json\/wp\/v2\/product"}],"about":[{"href":"https:\/\/staging.aldeco.pt\/pt-pt\/wp-json\/wp\/v2\/types\/product"}],"version-history":[{"count":1,"href":"https:\/\/staging.aldeco.pt\/pt-pt\/wp-json\/wp\/v2\/product\/217534\/revisions"}],"predecessor-version":[{"id":217829,"href":"https:\/\/staging.aldeco.pt\/pt-pt\/wp-json\/wp\/v2\/product\/217534\/revisions\/217829"}],"wp:featuredmedia":[{"embeddable":true,"href":"https:\/\/staging.aldeco.pt\/pt-pt\/wp-json\/wp\/v2\/media\/217770"}],"wp:attachment":[{"href":"https:\/\/staging.aldeco.pt\/pt-pt\/wp-json\/wp\/v2\/media?parent=217534"}],"wp:term":[{"taxonomy":"product_brand","embeddable":true,"href":"https:\/\/staging.aldeco.pt\/pt-pt\/wp-json\/wp\/v2\/product_brand?post=217534"},{"taxonomy":"product_cat","embeddable":true,"href":"https:\/\/staging.aldeco.pt\/pt-pt\/wp-json\/wp\/v2\/product_cat?post=217534"},{"taxonomy":"product_tag","embeddable":true,"href":"https:\/\/staging.aldeco.pt\/pt-pt\/wp-json\/wp\/v2\/product_tag?post=217534"}],"curies":[{"name":"wp","href":"https:\/\/api.w.org\/{rel}","templated":true}]}}