{"id":217522,"date":"2025-01-15T23:57:40","date_gmt":"2025-01-15T23:57:40","guid":{"rendered":"https:\/\/aldeco.pt\/staging\/product\/foz-coa\/"},"modified":"2025-05-18T18:15:48","modified_gmt":"2025-05-18T18:15:48","slug":"foz-coa","status":"publish","type":"product","link":"https:\/\/staging.aldeco.pt\/pt-pt\/product\/foz-coa\/","title":{"rendered":"FOZ COA"},"content":{"rendered":"<p>FOZ COA \u00e9 um tecido para cortina , como uma base muito estruturada , bem estabilizada e muito natural na composi\u00e7\u00e3o, no toque e no look. Este tecido \u00e9 sin\u00f3nimo de leveza e eleg\u00e2ncia combinado tradi\u00e7\u00e3o e modernidade com uma beleza serena.  Deixe-se seduzir por uma ambi\u00eancia suave e arejada com um toque descontra\u00eddo, leve e elegante. Com uma largura de 310 cm est\u00e1 dispon\u00edvel em 7 cores naturais. <\/p>\n","protected":false},"excerpt":{"rendered":"<p>FOZ COA \u00e9 um tecido para cortina , como uma base muito estruturada , bem estabilizada e muito natural na composi\u00e7\u00e3o, no toque e no look. Este tecido \u00e9 sin\u00f3nimo de leveza e eleg\u00e2ncia combinado tradi\u00e7\u00e3o e modernidade com uma beleza serena.  Deixe-se seduzir por uma ambi\u00eancia suave e arejada com um toque descontra\u00eddo, leve e elegante. Com uma largura de 310 cm est\u00e1 dispon\u00edvel em 7 cores naturais. <\/p>\n<h2>FOZ COA \u00e9 um tecido para cortina , como uma base muito estruturada , bem estabilizada e muito natural na composi\u00e7\u00e3o, no toque e no look. Este tecido \u00e9 sin\u00f3nimo de leveza e eleg\u00e2ncia combinado tradi\u00e7\u00e3o e modernidade com uma beleza serena. <\/h2>\n<p><img fetchpriority=\"high\" decoding=\"async\" class=\"alignnone wp-image-217518 size-medium\" src=\"https:\/\/aldeco.pt\/staging\/wp-content\/uploads\/2025\/01\/T193310001-1-300x200.jpg\" alt=\"Foz Coa - Aldeco\" width=\"300\" height=\"200\"><\/p>\n<p><a href=\"https:\/\/aldeco.pt\/staging\/pt-pt\/product\/foz-coa\/?attribute_pa_aldeco-color=01-natural-white-pt-pt\">https:\/\/aldeco.pt\/staging\/pt-pt\/product\/foz-coa\/?attribute_pa_aldeco-color=01-natural-white-pt-pt<\/a><\/p>\n<p><a href=\"https:\/\/www.instagram.com\/aldeco_interiorfabrics\/\">https:\/\/www.instagram.com\/aldeco_interiorfabrics\/<\/a><\/p>\n","protected":false},"featured_media":217839,"template":"","meta":[],"product_brand":[],"product_cat":[6145],"product_tag":[],"class_list":{"0":"post-217522","1":"product","2":"type-product","3":"status-publish","4":"has-post-thumbnail","6":"product_cat-aldeco-2-pt-pt-2","7":"pa_cleanability-8282","8":"pa_composition-ext-45-co-30-pl-25-vi-pt-pt","9":"pa_interior-fabrics-1-pt-pt","10":"pa_line-tecidos","11":"pa_lithfastness-4-5-pt-pt-2","12":"pa_opportunities-descontinuado","13":"pa_range-dobby-pt-pt","14":"pa_sustainable-fabrics-1-pt-pt","17":"first","18":"instock","19":"purchasable","20":"product-type-variable"},"acf":[],"_links":{"self":[{"href":"https:\/\/staging.aldeco.pt\/pt-pt\/wp-json\/wp\/v2\/product\/217522","targetHints":{"allow":["GET"]}}],"collection":[{"href":"https:\/\/staging.aldeco.pt\/pt-pt\/wp-json\/wp\/v2\/product"}],"about":[{"href":"https:\/\/staging.aldeco.pt\/pt-pt\/wp-json\/wp\/v2\/types\/product"}],"version-history":[{"count":3,"href":"https:\/\/staging.aldeco.pt\/pt-pt\/wp-json\/wp\/v2\/product\/217522\/revisions"}],"predecessor-version":[{"id":218747,"href":"https:\/\/staging.aldeco.pt\/pt-pt\/wp-json\/wp\/v2\/product\/217522\/revisions\/218747"}],"wp:featuredmedia":[{"embeddable":true,"href":"https:\/\/staging.aldeco.pt\/pt-pt\/wp-json\/wp\/v2\/media\/217839"}],"wp:attachment":[{"href":"https:\/\/staging.aldeco.pt\/pt-pt\/wp-json\/wp\/v2\/media?parent=217522"}],"wp:term":[{"taxonomy":"product_brand","embeddable":true,"href":"https:\/\/staging.aldeco.pt\/pt-pt\/wp-json\/wp\/v2\/product_brand?post=217522"},{"taxonomy":"product_cat","embeddable":true,"href":"https:\/\/staging.aldeco.pt\/pt-pt\/wp-json\/wp\/v2\/product_cat?post=217522"},{"taxonomy":"product_tag","embeddable":true,"href":"https:\/\/staging.aldeco.pt\/pt-pt\/wp-json\/wp\/v2\/product_tag?post=217522"}],"curies":[{"name":"wp","href":"https:\/\/api.w.org\/{rel}","templated":true}]}}