{"id":217512,"date":"2025-01-15T23:57:10","date_gmt":"2025-01-15T23:57:10","guid":{"rendered":"https:\/\/aldeco.pt\/staging\/product\/degrade\/"},"modified":"2025-05-18T18:15:49","modified_gmt":"2025-05-18T18:15:49","slug":"degrade","status":"publish","type":"product","link":"https:\/\/staging.aldeco.pt\/pt-pt\/product\/degrade\/","title":{"rendered":"DEGRAD\u00c9"},"content":{"rendered":"<p>DEGRAD\u00c9 \u00e9 um tecido de cortina transparente estampado. A sua base de linho poli\u00e9ster confere-lhe um look moderno, fant\u00e1stico e suave. O seu desenho em forma de degrad\u00e9 \u00e9 intemporal e subtil podendo ser facilmente combinado com a restante decora\u00e7\u00e3o. Est\u00e1 dispon\u00edvel em 4 tons elegantes.   <\/p>\n","protected":false},"excerpt":{"rendered":"<p>DEGRAD\u00c9 \u00e9 um tecido de cortina transparente estampado. A sua base de linho poli\u00e9ster confere-lhe um look moderno, fant\u00e1stico e suave. O seu desenho em forma de degrad\u00e9 \u00e9 intemporal e subtil podendo ser facilmente combinado com a restante decora\u00e7\u00e3o. Est\u00e1 dispon\u00edvel em 4 tons elegantes.   <\/p>\n<h2>DEGRADE \u00e9 um tecido de cortina transparente estampado. A sua base de linho poli\u00e9ster confere-lhe um look moderno, fant\u00e1stico e suave. <\/h2>\n<p><img fetchpriority=\"high\" decoding=\"async\" class=\"alignnone size-medium wp-image-217508\" src=\"https:\/\/aldeco.pt\/staging\/wp-content\/uploads\/2025\/01\/T193320001-2-300x200.jpg\" alt=\"\" width=\"300\" height=\"200\"><\/p>\n<p><a href=\"https:\/\/aldeco.pt\/staging\/pt-pt\/product\/degrade\/?attribute_pa_aldeco-color=01-mocha-mousse\">https:\/\/aldeco.pt\/staging\/pt-pt\/product\/degrade\/?attribute_pa_aldeco-color=01-mocha-mousse<\/a><\/p>\n<p><a href=\"https:\/\/www.instagram.com\/aldeco_interiorfabrics\/\">https:\/\/www.instagram.com\/aldeco_interiorfabrics\/<\/a><\/p>\n","protected":false},"featured_media":217852,"template":"","meta":[],"product_brand":[],"product_cat":[6145],"product_tag":[],"class_list":{"0":"post-217512","1":"product","2":"type-product","3":"status-publish","4":"has-post-thumbnail","6":"product_cat-aldeco-2-pt-pt-2","7":"pa_cleanability-8282","8":"pa_composition-ext-60-li-40-pl-pt-pt","9":"pa_interior-fabrics-1-pt-pt","10":"pa_line-tecidos","11":"pa_lithfastness-4-5-pt-pt-2","12":"pa_opportunities-descontinuado","13":"pa_range-dobby-pt-pt","14":"pa_range-print-pt-pt","15":"pa_rapport-vertical-305-pt-pt","16":"pa_sustainable-fabrics-1-pt-pt","19":"first","20":"instock","21":"purchasable","22":"product-type-variable"},"acf":[],"_links":{"self":[{"href":"https:\/\/staging.aldeco.pt\/pt-pt\/wp-json\/wp\/v2\/product\/217512","targetHints":{"allow":["GET"]}}],"collection":[{"href":"https:\/\/staging.aldeco.pt\/pt-pt\/wp-json\/wp\/v2\/product"}],"about":[{"href":"https:\/\/staging.aldeco.pt\/pt-pt\/wp-json\/wp\/v2\/types\/product"}],"version-history":[{"count":3,"href":"https:\/\/staging.aldeco.pt\/pt-pt\/wp-json\/wp\/v2\/product\/217512\/revisions"}],"predecessor-version":[{"id":218147,"href":"https:\/\/staging.aldeco.pt\/pt-pt\/wp-json\/wp\/v2\/product\/217512\/revisions\/218147"}],"wp:featuredmedia":[{"embeddable":true,"href":"https:\/\/staging.aldeco.pt\/pt-pt\/wp-json\/wp\/v2\/media\/217852"}],"wp:attachment":[{"href":"https:\/\/staging.aldeco.pt\/pt-pt\/wp-json\/wp\/v2\/media?parent=217512"}],"wp:term":[{"taxonomy":"product_brand","embeddable":true,"href":"https:\/\/staging.aldeco.pt\/pt-pt\/wp-json\/wp\/v2\/product_brand?post=217512"},{"taxonomy":"product_cat","embeddable":true,"href":"https:\/\/staging.aldeco.pt\/pt-pt\/wp-json\/wp\/v2\/product_cat?post=217512"},{"taxonomy":"product_tag","embeddable":true,"href":"https:\/\/staging.aldeco.pt\/pt-pt\/wp-json\/wp\/v2\/product_tag?post=217512"}],"curies":[{"name":"wp","href":"https:\/\/api.w.org\/{rel}","templated":true}]}}