{"id":217477,"date":"2025-01-15T23:55:23","date_gmt":"2025-01-15T23:55:23","guid":{"rendered":"https:\/\/aldeco.pt\/staging\/product\/vallado\/"},"modified":"2025-01-31T11:47:04","modified_gmt":"2025-01-31T11:47:04","slug":"vallado","status":"publish","type":"product","link":"https:\/\/staging.aldeco.pt\/pt-pt\/product\/vallado\/","title":{"rendered":"VALLADO"},"content":{"rendered":"<p>Vallado \u00e9 um cetim de algod\u00e3o bordado com pontos variados e ricos. Vallado \u00e9 um cetim de algod\u00e3o bordado com pontos variados e ricos.<br \/>Com o nome de uma das quintas mais lend\u00e1rias, pertencente \u00e0 fam\u00edlia de Dona Ant\u00f3nia Adelaide Ferreira, da regi\u00e3o demarcada do Douro, Vallado honra a tradi\u00e7\u00e3o vin\u00edcola do Douro e os socalcos das vinhas que definem esta paisagem t\u00e3o caracter\u00edstica. Inspirado no ritmo serpenteante do Rio Douro e dos seus afluentes, que d\u00e1 forma \u00e0s vinhas que se estendem pelas encostas, Vallado transporta-nos para uma regi\u00e3o rica em cor, sabores e tradi\u00e7\u00e3o. Este desenho geom\u00e9trico e din\u00e2mico est\u00e1 dispon\u00edvel em duas cores que representam os principais est\u00e1gios das vinhas, com os tons frescos da Primavera numa variante e os tons mais quentes e outonais na segunda.  <\/p>\n","protected":false},"excerpt":{"rendered":"<p>Vallado \u00e9 um cetim de algod\u00e3o bordado com pontos variados e ricos. Vallado \u00e9 um cetim de algod\u00e3o bordado com pontos variados e ricos.<br \/>Com o nome de uma das quintas mais lend\u00e1rias, pertencente \u00e0 fam\u00edlia de Dona Ant\u00f3nia Adelaide Ferreira, da regi\u00e3o demarcada do Douro, Vallado honra a tradi\u00e7\u00e3o vin\u00edcola do Douro e os socalcos das vinhas que definem esta paisagem t\u00e3o caracter\u00edstica. Inspirado no ritmo serpenteante do Rio Douro e dos seus afluentes, que d\u00e1 forma \u00e0s vinhas que se estendem pelas encostas, Vallado transporta-nos para uma regi\u00e3o rica em cor, sabores e tradi\u00e7\u00e3o. Este desenho geom\u00e9trico e din\u00e2mico est\u00e1 dispon\u00edvel em duas cores que representam os principais est\u00e1gios das vinhas, com os tons frescos da Primavera numa variante e os tons mais quentes e outonais na segunda.  <\/p>\n<h2>Vallado \u00e9 um cetim de algod\u00e3o bordado com pontos variados e ricos.<\/h2>\n<p><img fetchpriority=\"high\" decoding=\"async\" class=\"alignnone wp-image-217472 size-medium\" src=\"https:\/\/aldeco.pt\/staging\/wp-content\/uploads\/2025\/01\/T193140001-1-300x200.jpg\" alt=\"Vallado - Aldeco\" width=\"300\" height=\"200\"><\/p>\n<p><a href=\"https:\/\/aldeco.pt\/staging\/product\/vallado\/?attribute_pa_aldeco-color=01-autumn-harvest\">https:\/\/aldeco.pt\/staging\/product\/vallado\/?attribute_pa_aldeco-color=01-autumn-harvest<\/a><\/p>\n<p><a href=\"https:\/\/www.instagram.com\/aldeco_interiorfabrics\/\">https:\/\/www.instagram.com\/aldeco_interiorfabrics\/<\/a><\/p>\n","protected":false},"featured_media":217866,"template":"","meta":[],"product_brand":[],"product_cat":[6145],"product_tag":[],"class_list":{"0":"post-217477","1":"product","2":"type-product","3":"status-publish","4":"has-post-thumbnail","6":"product_cat-aldeco-2-pt-pt-2","7":"pa_cleanability-8282","8":"pa_composition-ext-100-co-bordado-100-pl","9":"pa_interior-fabrics-1-pt-pt","10":"pa_line-tecidos","11":"pa_lithfastness-4-pt-pt","12":"pa_opportunities-descontinuado","13":"pa_range-bordado","14":"pa_range-cetim","15":"pa_rapport-horizontal-45-pt-pt","16":"pa_rapport-vertical-38-pt-pt","17":"pa_sustainable-fabrics-1-pt-pt","20":"first","21":"instock","22":"purchasable","23":"product-type-variable"},"acf":[],"_links":{"self":[{"href":"https:\/\/staging.aldeco.pt\/pt-pt\/wp-json\/wp\/v2\/product\/217477","targetHints":{"allow":["GET"]}}],"collection":[{"href":"https:\/\/staging.aldeco.pt\/pt-pt\/wp-json\/wp\/v2\/product"}],"about":[{"href":"https:\/\/staging.aldeco.pt\/pt-pt\/wp-json\/wp\/v2\/types\/product"}],"version-history":[{"count":4,"href":"https:\/\/staging.aldeco.pt\/pt-pt\/wp-json\/wp\/v2\/product\/217477\/revisions"}],"predecessor-version":[{"id":218136,"href":"https:\/\/staging.aldeco.pt\/pt-pt\/wp-json\/wp\/v2\/product\/217477\/revisions\/218136"}],"wp:featuredmedia":[{"embeddable":true,"href":"https:\/\/staging.aldeco.pt\/pt-pt\/wp-json\/wp\/v2\/media\/217866"}],"wp:attachment":[{"href":"https:\/\/staging.aldeco.pt\/pt-pt\/wp-json\/wp\/v2\/media?parent=217477"}],"wp:term":[{"taxonomy":"product_brand","embeddable":true,"href":"https:\/\/staging.aldeco.pt\/pt-pt\/wp-json\/wp\/v2\/product_brand?post=217477"},{"taxonomy":"product_cat","embeddable":true,"href":"https:\/\/staging.aldeco.pt\/pt-pt\/wp-json\/wp\/v2\/product_cat?post=217477"},{"taxonomy":"product_tag","embeddable":true,"href":"https:\/\/staging.aldeco.pt\/pt-pt\/wp-json\/wp\/v2\/product_tag?post=217477"}],"curies":[{"name":"wp","href":"https:\/\/api.w.org\/{rel}","templated":true}]}}