{"id":217459,"date":"2025-01-15T23:54:21","date_gmt":"2025-01-15T23:54:21","guid":{"rendered":"https:\/\/aldeco.pt\/staging\/product\/senses\/"},"modified":"2025-05-18T18:15:55","modified_gmt":"2025-05-18T18:15:55","slug":"senses","status":"publish","type":"product","link":"https:\/\/staging.aldeco.pt\/pt-pt\/product\/senses\/","title":{"rendered":"SENSES"},"content":{"rendered":"<p>Senses \u00e9 um tecido largo de cortina leve e flu\u00eddo devido \u00e0 presen\u00e7a de modal na sua composi\u00e7\u00e3o. Esta fibra confere-lhe uma suavidade elegante e permanente. Este tecido irresist\u00edvel define-se pela sua textura macia com uma ca\u00edda delicada fenomenal. Est\u00e1 dispon\u00edvel em 4 tons naturais com fio de chumbo.<\/p>\n","protected":false},"excerpt":{"rendered":"<p>Senses \u00e9 um tecido largo de cortina leve e flu\u00eddo devido \u00e0 presen\u00e7a de modal na sua composi\u00e7\u00e3o. Esta fibra confere-lhe uma suavidade elegante e permanente. Este tecido irresist\u00edvel define-se pela sua textura macia com uma ca\u00edda delicada fenomenal. Est\u00e1 dispon\u00edvel em 4 tons naturais com fio de chumbo.<\/p>\n<h2>Senses \u00e9 um tecido largo de cortina leve e flu\u00eddo devido \u00e0 presen\u00e7a de modal na sua composi\u00e7\u00e3o.<\/h2>\n<p><img fetchpriority=\"high\" decoding=\"async\" class=\"alignnone wp-image-217455 size-medium\" src=\"https:\/\/aldeco.pt\/staging\/wp-content\/uploads\/2025\/01\/T193170001-1-300x200.jpg\" alt=\"Senses - Aldeco\" width=\"300\" height=\"200\" \/><\/p>\n<p><a href=\"https:\/\/aldeco.pt\/staging\/product\/senses\/?attribute_pa_aldeco-color=01-natural-white\">https:\/\/aldeco.pt\/staging\/product\/senses\/?attribute_pa_aldeco-color=01-natural-white<\/a><\/p>\n<p><a href=\"https:\/\/www.instagram.com\/aldeco_interiorfabrics\/\">https:\/\/www.instagram.com\/aldeco_interiorfabrics\/<\/a><\/p>\n","protected":false},"featured_media":217880,"template":"","meta":[],"product_brand":[],"product_cat":[6153],"product_tag":[],"class_list":{"0":"post-217459","1":"product","2":"type-product","3":"status-publish","4":"has-post-thumbnail","6":"product_cat-aldeco-smarter-pt-pt","7":"pa_cleanability-8282","8":"pa_composition-ext-50-cmd-50-pl-pt-pt","9":"pa_interior-fabrics-1-pt-pt","10":"pa_line-tecidos","11":"pa_lithfastness-4-5-pt-pt-2","12":"pa_opportunities-descontinuado","13":"pa_range-liso","16":"first","17":"instock","18":"purchasable","19":"product-type-variable"},"acf":[],"_links":{"self":[{"href":"https:\/\/staging.aldeco.pt\/pt-pt\/wp-json\/wp\/v2\/product\/217459","targetHints":{"allow":["GET"]}}],"collection":[{"href":"https:\/\/staging.aldeco.pt\/pt-pt\/wp-json\/wp\/v2\/product"}],"about":[{"href":"https:\/\/staging.aldeco.pt\/pt-pt\/wp-json\/wp\/v2\/types\/product"}],"version-history":[{"count":3,"href":"https:\/\/staging.aldeco.pt\/pt-pt\/wp-json\/wp\/v2\/product\/217459\/revisions"}],"predecessor-version":[{"id":217886,"href":"https:\/\/staging.aldeco.pt\/pt-pt\/wp-json\/wp\/v2\/product\/217459\/revisions\/217886"}],"wp:featuredmedia":[{"embeddable":true,"href":"https:\/\/staging.aldeco.pt\/pt-pt\/wp-json\/wp\/v2\/media\/217880"}],"wp:attachment":[{"href":"https:\/\/staging.aldeco.pt\/pt-pt\/wp-json\/wp\/v2\/media?parent=217459"}],"wp:term":[{"taxonomy":"product_brand","embeddable":true,"href":"https:\/\/staging.aldeco.pt\/pt-pt\/wp-json\/wp\/v2\/product_brand?post=217459"},{"taxonomy":"product_cat","embeddable":true,"href":"https:\/\/staging.aldeco.pt\/pt-pt\/wp-json\/wp\/v2\/product_cat?post=217459"},{"taxonomy":"product_tag","embeddable":true,"href":"https:\/\/staging.aldeco.pt\/pt-pt\/wp-json\/wp\/v2\/product_tag?post=217459"}],"curies":[{"name":"wp","href":"https:\/\/api.w.org\/{rel}","templated":true}]}}