{"id":217418,"date":"2025-01-15T23:48:44","date_gmt":"2025-01-15T23:48:44","guid":{"rendered":"https:\/\/aldeco.pt\/staging\/product\/calem-jacquard-velvet\/"},"modified":"2025-01-27T12:27:20","modified_gmt":"2025-01-27T12:27:20","slug":"calem-jacquard-velvet","status":"publish","type":"product","link":"https:\/\/staging.aldeco.pt\/pt-pt\/product\/calem-jacquard-velvet\/","title":{"rendered":"CALEM JACQUARD VELVET"},"content":{"rendered":"<p>Calem \u00e9 um veludo jacquard elegante que conjuga na t\u00e9cnica cut pile o requinte do pelo de veludo com o boucl\u00e9 distribu\u00eddo de forma abstrata na base. O seu desenho geom\u00e9trico din\u00e2mico evoca as paisagens do Douro com o seu jogo de recortes. Est\u00e1 dispon\u00edvel em 7 cores que pode conjugar facilmente com a restante colec\u00e7\u00e3o.<\/p>\n","protected":false},"excerpt":{"rendered":"<p>Calem \u00e9 um veludo jacquard elegante que conjuga na t\u00e9cnica cut pile o requinte do pelo de veludo com o boucl\u00e9 distribu\u00eddo de forma abstrata na base. O seu desenho geom\u00e9trico din\u00e2mico evoca as paisagens do Douro com o seu jogo de recortes. Est\u00e1 dispon\u00edvel em 7 cores que pode conjugar facilmente com a restante colec\u00e7\u00e3o.<\/p>\n<h2>Calem \u00e9 um veludo jacquard elegante que conjuga na t\u00e9cnica cut pile o requinte do pelo de veludo com o boucl\u00e9 distribu\u00eddo de forma abstrata na base.<\/h2>\n<p><img fetchpriority=\"high\" decoding=\"async\" class=\"alignnone wp-image-217406 size-medium\" src=\"https:\/\/aldeco.pt\/staging\/wp-content\/uploads\/2025\/01\/T193150001-1-300x200.jpg\" alt=\"Calem Jacquard Velvet - Aldeco\" width=\"300\" height=\"200\" \/><\/p>\n<p><a href=\"https:\/\/aldeco.pt\/staging\/product\/calem-jacquard-velvet\/?attribute_pa_aldeco-color=01-white-linen\">https:\/\/aldeco.pt\/staging\/product\/calem-jacquard-velvet\/?attribute_pa_aldeco-color=01-white-linen<\/a><\/p>\n<p><a href=\"https:\/\/www.instagram.com\/aldeco_interiorfabrics\/\">https:\/\/www.instagram.com\/aldeco_interiorfabrics\/<\/a><\/p>\n","protected":false},"featured_media":217887,"template":"","meta":[],"product_brand":[],"product_cat":[6145],"product_tag":[],"class_list":{"0":"post-217418","1":"product","2":"type-product","3":"status-publish","4":"has-post-thumbnail","6":"product_cat-aldeco-2-pt-pt-2","7":"pa_cleanability-8282","8":"pa_composition-ext-54-pl-46-vi-pt-pt","9":"pa_interior-fabrics-1-pt-pt","10":"pa_line-tecidos","11":"pa_lithfastness-9680","12":"pa_opportunities-descontinuado","13":"pa_range-jacquard-pt-pt","14":"pa_range-veludo","15":"pa_rapport-horizontal-18-pt-pt","16":"pa_rapport-vertical-42-pt-pt","19":"first","20":"instock","21":"purchasable","22":"product-type-variable"},"acf":[],"_links":{"self":[{"href":"https:\/\/staging.aldeco.pt\/pt-pt\/wp-json\/wp\/v2\/product\/217418","targetHints":{"allow":["GET"]}}],"collection":[{"href":"https:\/\/staging.aldeco.pt\/pt-pt\/wp-json\/wp\/v2\/product"}],"about":[{"href":"https:\/\/staging.aldeco.pt\/pt-pt\/wp-json\/wp\/v2\/types\/product"}],"version-history":[{"count":1,"href":"https:\/\/staging.aldeco.pt\/pt-pt\/wp-json\/wp\/v2\/product\/217418\/revisions"}],"predecessor-version":[{"id":217908,"href":"https:\/\/staging.aldeco.pt\/pt-pt\/wp-json\/wp\/v2\/product\/217418\/revisions\/217908"}],"wp:featuredmedia":[{"embeddable":true,"href":"https:\/\/staging.aldeco.pt\/pt-pt\/wp-json\/wp\/v2\/media\/217887"}],"wp:attachment":[{"href":"https:\/\/staging.aldeco.pt\/pt-pt\/wp-json\/wp\/v2\/media?parent=217418"}],"wp:term":[{"taxonomy":"product_brand","embeddable":true,"href":"https:\/\/staging.aldeco.pt\/pt-pt\/wp-json\/wp\/v2\/product_brand?post=217418"},{"taxonomy":"product_cat","embeddable":true,"href":"https:\/\/staging.aldeco.pt\/pt-pt\/wp-json\/wp\/v2\/product_cat?post=217418"},{"taxonomy":"product_tag","embeddable":true,"href":"https:\/\/staging.aldeco.pt\/pt-pt\/wp-json\/wp\/v2\/product_tag?post=217418"}],"curies":[{"name":"wp","href":"https:\/\/api.w.org\/{rel}","templated":true}]}}