{"id":216868,"date":"2024-12-12T12:28:01","date_gmt":"2024-12-12T12:28:01","guid":{"rendered":"https:\/\/aldeco.pt\/staging\/product\/vinyl-belle-terre\/"},"modified":"2024-12-12T12:28:01","modified_gmt":"2024-12-12T12:28:01","slug":"vinyl-belle-terre","status":"publish","type":"product","link":"https:\/\/staging.aldeco.pt\/pt-pt\/product\/vinyl-belle-terre\/","title":{"rendered":"VINYL BELLE TERRE"},"content":{"rendered":"<p>Gaugin e outros pintores simbolistas modernos foram profundamente inspirados pelas cores ousadas dispon\u00edveis na natureza e pelos efeitos de luz que o sol originou nos fundos ex\u00f3ticos.<\/p>\n","protected":false},"excerpt":{"rendered":"<p>Gaugin e outros pintores simbolistas modernos foram profundamente inspirados pelas cores ousadas dispon\u00edveis na natureza e pelos efeitos de luz que o sol originou nos fundos ex\u00f3ticos.<\/p>\n<h2>Vinyl Belle Terre, Gauguin e outros pintores simbolistas modernos foram profundamente inspirados pelas cores vibrantes dispon\u00edveis na natureza e pelos efeitos de luz que o sol originava nos cen\u00e1rios ex\u00f3ticos.<\/h2>\n<p><img decoding=\"async\" class=\"alignnone wp-image-216665 size-medium\" src=\"https:\/\/aldeco.pt\/staging\/wp-content\/uploads\/2024\/12\/BELLE-TERRE-02_10x28_book-107x300.jpg\" alt=\"Vinyl Belle Terre - Aldeco\" width=\"107\" height=\"300\"><\/p>\n<p><a href=\"https:\/\/www.instagram.com\/aldeco_interiorfabrics\/\">https:\/\/www.instagram.com\/aldeco_interiorfabrics\/<\/a><\/p>\n<p><a href=\"https:\/\/aldeco.pt\/staging\/product\/vinyl-belle-terre\/?attribute_pa_colour=multicolour&amp;attribute_pa_aldeco-color=01\">https:\/\/aldeco.pt\/staging\/product\/vinyl-belle-terre\/?attribute_pa_colour=multicolour&amp;attribute_pa_aldeco-color=01<\/a><\/p>\n","protected":false},"featured_media":216666,"template":"","meta":[],"product_brand":[],"product_cat":[6155],"product_tag":[],"class_list":{"0":"post-216868","1":"product","2":"type-product","3":"status-publish","4":"has-post-thumbnail","6":"product_cat-walldeco-pt-pt","7":"pa_application-method-paste-the-wall-no-overlapping-pt-pt","8":"pa_composition-ext-pvc-cellulose-pt-pt","9":"pa_line-papel-parede","10":"pa_lithfastness-resistente-a-luz","11":"pa_number-of-rolls-2-pt-pt","12":"pa_opportunities-descontinuado","13":"pa_range-non-woven-pt-pt","14":"pa_removal-method-easy-to-remove-pt-pt","17":"first","18":"instock","19":"purchasable","20":"product-type-variable"},"acf":[],"_links":{"self":[{"href":"https:\/\/staging.aldeco.pt\/pt-pt\/wp-json\/wp\/v2\/product\/216868","targetHints":{"allow":["GET"]}}],"collection":[{"href":"https:\/\/staging.aldeco.pt\/pt-pt\/wp-json\/wp\/v2\/product"}],"about":[{"href":"https:\/\/staging.aldeco.pt\/pt-pt\/wp-json\/wp\/v2\/types\/product"}],"version-history":[{"count":0,"href":"https:\/\/staging.aldeco.pt\/pt-pt\/wp-json\/wp\/v2\/product\/216868\/revisions"}],"wp:featuredmedia":[{"embeddable":true,"href":"https:\/\/staging.aldeco.pt\/pt-pt\/wp-json\/wp\/v2\/media\/216666"}],"wp:attachment":[{"href":"https:\/\/staging.aldeco.pt\/pt-pt\/wp-json\/wp\/v2\/media?parent=216868"}],"wp:term":[{"taxonomy":"product_brand","embeddable":true,"href":"https:\/\/staging.aldeco.pt\/pt-pt\/wp-json\/wp\/v2\/product_brand?post=216868"},{"taxonomy":"product_cat","embeddable":true,"href":"https:\/\/staging.aldeco.pt\/pt-pt\/wp-json\/wp\/v2\/product_cat?post=216868"},{"taxonomy":"product_tag","embeddable":true,"href":"https:\/\/staging.aldeco.pt\/pt-pt\/wp-json\/wp\/v2\/product_tag?post=216868"}],"curies":[{"name":"wp","href":"https:\/\/api.w.org\/{rel}","templated":true}]}}