{"id":216830,"date":"2024-12-12T12:30:12","date_gmt":"2024-12-12T12:30:12","guid":{"rendered":"https:\/\/aldeco.pt\/staging\/product\/vinyl-digby\/"},"modified":"2024-12-12T12:30:12","modified_gmt":"2024-12-12T12:30:12","slug":"vinyl-digby","status":"publish","type":"product","link":"https:\/\/staging.aldeco.pt\/pt-pt\/product\/vinyl-digby\/","title":{"rendered":"VINYL DIGBY"},"content":{"rendered":"<p>Inspirado na nova vaga de artistas brit\u00e2nicos, alguns deles envolvidos em processos de reinterpreta\u00e7\u00e3o da arte e de um passado glorioso para um presente elegante e distinto.<\/p>\n","protected":false},"excerpt":{"rendered":"<p>Inspirado na nova vaga de artistas brit\u00e2nicos, alguns deles envolvidos em processos de reinterpreta\u00e7\u00e3o da arte e de um passado glorioso para um presente elegante e distinto.<\/p>\n<h2>Vinyl Digby, inspirado pela nova vaga de artistas brit\u00e2nicos, alguns deles envolvidos em processos de reinterpreta\u00e7\u00e3o da arte e por um passado glorioso para um presente elegante e distinto.<\/h2>\n<p><img decoding=\"async\" class=\"alignnone wp-image-216741 size-medium\" src=\"https:\/\/aldeco.pt\/staging\/wp-content\/uploads\/2024\/12\/DIGBY_05-Royal-Blue_10x28_book-107x300.jpg\" alt=\"Vinyl Digby - Aldeco\" width=\"107\" height=\"300\"><\/p>\n<p><a href=\"https:\/\/aldeco.pt\/staging\/product\/vinyl-digby\/?attribute_pa_aldeco-color=06-fucshia&amp;attribute_pa_colour=pink\">https:\/\/aldeco.pt\/staging\/product\/vinyl-digby\/?attribute_pa_aldeco-color=06-fucshia&amp;attribute_pa_colour=pink<\/a><\/p>\n<p><a href=\"https:\/\/www.instagram.com\/aldeco_interiorfabrics\/\">https:\/\/www.instagram.com\/aldeco_interiorfabrics\/<\/a><\/p>\n","protected":false},"featured_media":216742,"template":"","meta":[],"product_brand":[],"product_cat":[6155],"product_tag":[],"class_list":{"0":"post-216830","1":"product","2":"type-product","3":"status-publish","4":"has-post-thumbnail","6":"product_cat-walldeco-pt-pt","7":"pa_application-method-paste-the-wall-no-overlapping-pt-pt","8":"pa_composition-ext-pvc-cellulose-pt-pt","9":"pa_line-papel-parede","10":"pa_lithfastness-resistente-a-luz","11":"pa_number-of-rolls-2-pt-pt","12":"pa_opportunities-descontinuado","13":"pa_range-non-woven-pt-pt","16":"first","17":"instock","18":"purchasable","19":"product-type-variable"},"acf":[],"_links":{"self":[{"href":"https:\/\/staging.aldeco.pt\/pt-pt\/wp-json\/wp\/v2\/product\/216830","targetHints":{"allow":["GET"]}}],"collection":[{"href":"https:\/\/staging.aldeco.pt\/pt-pt\/wp-json\/wp\/v2\/product"}],"about":[{"href":"https:\/\/staging.aldeco.pt\/pt-pt\/wp-json\/wp\/v2\/types\/product"}],"version-history":[{"count":0,"href":"https:\/\/staging.aldeco.pt\/pt-pt\/wp-json\/wp\/v2\/product\/216830\/revisions"}],"wp:featuredmedia":[{"embeddable":true,"href":"https:\/\/staging.aldeco.pt\/pt-pt\/wp-json\/wp\/v2\/media\/216742"}],"wp:attachment":[{"href":"https:\/\/staging.aldeco.pt\/pt-pt\/wp-json\/wp\/v2\/media?parent=216830"}],"wp:term":[{"taxonomy":"product_brand","embeddable":true,"href":"https:\/\/staging.aldeco.pt\/pt-pt\/wp-json\/wp\/v2\/product_brand?post=216830"},{"taxonomy":"product_cat","embeddable":true,"href":"https:\/\/staging.aldeco.pt\/pt-pt\/wp-json\/wp\/v2\/product_cat?post=216830"},{"taxonomy":"product_tag","embeddable":true,"href":"https:\/\/staging.aldeco.pt\/pt-pt\/wp-json\/wp\/v2\/product_tag?post=216830"}],"curies":[{"name":"wp","href":"https:\/\/api.w.org\/{rel}","templated":true}]}}