{"id":216784,"date":"2024-12-12T12:25:32","date_gmt":"2024-12-12T12:25:32","guid":{"rendered":"https:\/\/aldeco.pt\/staging\/product\/nonwoven-paysage-de-reve\/"},"modified":"2024-12-12T12:25:32","modified_gmt":"2024-12-12T12:25:32","slug":"nonwoven-paysage-de-reve","status":"publish","type":"product","link":"https:\/\/staging.aldeco.pt\/pt-pt\/product\/nonwoven-paysage-de-reve\/","title":{"rendered":"NONWOVEN PAYSAGE DE R\u00caVE"},"content":{"rendered":"<p>A flora presente \u00e9 ex\u00f3tica com folhas grandes e pinceladas limpas, quase como um toile de jouy.<\/p>\n","protected":false},"excerpt":{"rendered":"<p>A flora presente \u00e9 ex\u00f3tica com folhas grandes e pinceladas limpas, quase como um toile de jouy.<\/p>\n<h2>Nonwoven Paysage de R\u00eave, a flora presente \u00e9 ex\u00f3tica, com folhas grandes e pinceladas limpas, quase como uma toile de jouy.<\/h2>\n<p><img decoding=\"async\" class=\"alignnone wp-image-216767 size-medium\" src=\"https:\/\/aldeco.pt\/staging\/wp-content\/uploads\/2024\/12\/PAYSAGE-01_10x28_book-107x300.jpg\" alt=\"Nonwoven - Paysage de R\u00eave\" width=\"107\" height=\"300\"><\/p>\n<p><a href=\"https:\/\/www.instagram.com\/aldeco_interiorfabrics\/\">https:\/\/www.instagram.com\/aldeco_interiorfabrics\/<\/a><\/p>\n<p><a href=\"https:\/\/aldeco.pt\/staging\/product\/nonwoven-paysage-de-reve\/?attribute_pa_colour=beige&amp;attribute_pa_aldeco-color=01\">https:\/\/aldeco.pt\/staging\/product\/nonwoven-paysage-de-reve\/?attribute_pa_colour=beige&amp;attribute_pa_aldeco-color=01<\/a><\/p>\n","protected":false},"featured_media":216768,"template":"","meta":[],"product_brand":[],"product_cat":[6155],"product_tag":[],"class_list":{"0":"post-216784","1":"product","2":"type-product","3":"status-publish","4":"has-post-thumbnail","6":"product_cat-walldeco-pt-pt","7":"pa_application-method-paste-the-wall-no-overlapping-pt-pt","8":"pa_composition-ext-cellulose-pt-pt","9":"pa_line-papel-parede","10":"pa_lithfastness-resistente-a-luz","11":"pa_number-of-rolls-2-pt-pt","12":"pa_opportunities-descontinuado","13":"pa_range-non-woven-pt-pt","14":"pa_removal-method-easy-to-remove-pt-pt","17":"first","18":"instock","19":"purchasable","20":"product-type-variable"},"acf":[],"_links":{"self":[{"href":"https:\/\/staging.aldeco.pt\/pt-pt\/wp-json\/wp\/v2\/product\/216784","targetHints":{"allow":["GET"]}}],"collection":[{"href":"https:\/\/staging.aldeco.pt\/pt-pt\/wp-json\/wp\/v2\/product"}],"about":[{"href":"https:\/\/staging.aldeco.pt\/pt-pt\/wp-json\/wp\/v2\/types\/product"}],"version-history":[{"count":0,"href":"https:\/\/staging.aldeco.pt\/pt-pt\/wp-json\/wp\/v2\/product\/216784\/revisions"}],"wp:featuredmedia":[{"embeddable":true,"href":"https:\/\/staging.aldeco.pt\/pt-pt\/wp-json\/wp\/v2\/media\/216768"}],"wp:attachment":[{"href":"https:\/\/staging.aldeco.pt\/pt-pt\/wp-json\/wp\/v2\/media?parent=216784"}],"wp:term":[{"taxonomy":"product_brand","embeddable":true,"href":"https:\/\/staging.aldeco.pt\/pt-pt\/wp-json\/wp\/v2\/product_brand?post=216784"},{"taxonomy":"product_cat","embeddable":true,"href":"https:\/\/staging.aldeco.pt\/pt-pt\/wp-json\/wp\/v2\/product_cat?post=216784"},{"taxonomy":"product_tag","embeddable":true,"href":"https:\/\/staging.aldeco.pt\/pt-pt\/wp-json\/wp\/v2\/product_tag?post=216784"}],"curies":[{"name":"wp","href":"https:\/\/api.w.org\/{rel}","templated":true}]}}