{"id":216496,"date":"2024-11-29T20:28:16","date_gmt":"2024-11-29T20:28:16","guid":{"rendered":"https:\/\/aldeco.pt\/staging\/product\/vinyl-interception\/"},"modified":"2024-11-29T20:28:16","modified_gmt":"2024-11-29T20:28:16","slug":"vinyl-interception","status":"publish","type":"product","link":"https:\/\/staging.aldeco.pt\/pt-pt\/product\/vinyl-interception\/","title":{"rendered":"VINYL INTERCEPTION"},"content":{"rendered":"<p>Design de labirinto l\u00fadico com um visual geom\u00e9trico moderno, din\u00e2mico e \u00fanico.<\/p>\n","protected":false},"excerpt":{"rendered":"<p>Design de labirinto l\u00fadico com um visual geom\u00e9trico moderno, din\u00e2mico e \u00fanico.<\/p>\n<h2>Vinyl Interception, design de labirinto l\u00fadico com um visual geom\u00e9trico moderno, din\u00e2mico e \u00fanico.<\/h2>\n<p><img fetchpriority=\"high\" decoding=\"async\" class=\"alignnone wp-image-216251 size-medium\" src=\"https:\/\/aldeco.pt\/staging\/wp-content\/uploads\/2024\/11\/WV02101301-300x187.jpg\" alt=\"Vinyl Interception - Aldeco\" width=\"300\" height=\"187\"><\/p>\n<p><a href=\"https:\/\/aldeco.pt\/staging\/product\/vinyl-woven-interception\/?attribute_pa_colour=greige&amp;attribute_pa_aldeco-color=1\">https:\/\/aldeco.pt\/staging\/product\/vinyl-woven-interception\/?attribute_pa_colour=greige&amp;attribute_pa_aldeco-color=1<\/a><\/p>\n<p><a href=\"https:\/\/www.instagram.com\/aldeco_interiorfabrics\/\">https:\/\/www.instagram.com\/aldeco_interiorfabrics\/<\/a><\/p>\n","protected":false},"featured_media":216255,"template":"","meta":[],"product_brand":[],"product_cat":[6155],"product_tag":[],"class_list":{"0":"post-216496","1":"product","2":"type-product","3":"status-publish","4":"has-post-thumbnail","6":"product_cat-walldeco-pt-pt","7":"pa_application-method-paste-the-wall-no-overlapping-pt-pt","8":"pa_cleanability-cola-na-parede-nao-sobrepor","9":"pa_composition-ext-pvc-cellulose-pt-pt","10":"pa_line-papel-parede","11":"pa_lithfastness-resistente-a-luz","12":"pa_number-of-rolls-9-pt-pt","13":"pa_opportunities-descontinuado","14":"pa_outdoor-0-pt-pt","15":"pa_range-non-woven-pt-pt","16":"pa_rapport-horizontal-35-pt-pt","17":"pa_rapport-vertical-10-5-pt-pt","18":"pa_removal-method-easy-to-remove-pt-pt","21":"first","22":"instock","23":"purchasable","24":"product-type-variable"},"acf":[],"_links":{"self":[{"href":"https:\/\/staging.aldeco.pt\/pt-pt\/wp-json\/wp\/v2\/product\/216496","targetHints":{"allow":["GET"]}}],"collection":[{"href":"https:\/\/staging.aldeco.pt\/pt-pt\/wp-json\/wp\/v2\/product"}],"about":[{"href":"https:\/\/staging.aldeco.pt\/pt-pt\/wp-json\/wp\/v2\/types\/product"}],"version-history":[{"count":0,"href":"https:\/\/staging.aldeco.pt\/pt-pt\/wp-json\/wp\/v2\/product\/216496\/revisions"}],"wp:featuredmedia":[{"embeddable":true,"href":"https:\/\/staging.aldeco.pt\/pt-pt\/wp-json\/wp\/v2\/media\/216255"}],"wp:attachment":[{"href":"https:\/\/staging.aldeco.pt\/pt-pt\/wp-json\/wp\/v2\/media?parent=216496"}],"wp:term":[{"taxonomy":"product_brand","embeddable":true,"href":"https:\/\/staging.aldeco.pt\/pt-pt\/wp-json\/wp\/v2\/product_brand?post=216496"},{"taxonomy":"product_cat","embeddable":true,"href":"https:\/\/staging.aldeco.pt\/pt-pt\/wp-json\/wp\/v2\/product_cat?post=216496"},{"taxonomy":"product_tag","embeddable":true,"href":"https:\/\/staging.aldeco.pt\/pt-pt\/wp-json\/wp\/v2\/product_tag?post=216496"}],"curies":[{"name":"wp","href":"https:\/\/api.w.org\/{rel}","templated":true}]}}