{"id":216362,"date":"2024-11-29T20:30:08","date_gmt":"2024-11-29T20:30:08","guid":{"rendered":"https:\/\/aldeco.pt\/staging\/product\/vinyl-woven-rhapsody\/"},"modified":"2024-12-05T10:52:39","modified_gmt":"2024-12-05T10:52:39","slug":"vinyl-woven-rhapsody","status":"publish","type":"product","link":"https:\/\/staging.aldeco.pt\/pt-pt\/product\/vinyl-woven-rhapsody\/","title":{"rendered":"VINYL RHAPSODY"},"content":{"rendered":"<p>A sofistica\u00e7\u00e3o e o detalhe da combina\u00e7\u00e3o de bordado total em colmeia.<\/p>\n","protected":false},"excerpt":{"rendered":"<p>A sofistica\u00e7\u00e3o e o detalhe da combina\u00e7\u00e3o de bordado total em colmeia.<\/p>\n<h2>Vinyl Rhapsody, a sofistica\u00e7\u00e3o e o detalhe da combina\u00e7\u00e3o de bordado total em colmeia.<\/h2>\n<p><img decoding=\"async\" class=\"alignnone wp-image-216351 size-medium\" src=\"https:\/\/aldeco.pt\/staging\/wp-content\/uploads\/2024\/11\/WV02100801-107x300.jpg\" alt=\"Vinyl Rhapsody - Aldeco\" width=\"107\" height=\"300\"><\/p>\n<p><a href=\"https:\/\/aldeco.pt\/staging\/product\/vinyl-woven-rhapsody\/?attribute_pa_colour=multicolour&amp;attribute_pa_aldeco-color=1\">https:\/\/aldeco.pt\/staging\/product\/vinyl-woven-rhapsody\/?attribute_pa_colour=multicolour&amp;attribute_pa_aldeco-color=1<\/a><\/p>\n<p><a href=\"https:\/\/www.instagram.com\/aldeco_interiorfabrics\/\">https:\/\/www.instagram.com\/aldeco_interiorfabrics\/<\/a><\/p>\n","protected":false},"featured_media":216352,"template":"","meta":[],"product_brand":[],"product_cat":[6155],"product_tag":[],"class_list":{"0":"post-216362","1":"product","2":"type-product","3":"status-publish","4":"has-post-thumbnail","6":"product_cat-walldeco-pt-pt","7":"pa_application-method-paste-the-wall-no-overlapping-pt-pt","8":"pa_cleanability-cola-na-parede-nao-sobrepor","9":"pa_composition-ext-pvc-cellulose-pt-pt","10":"pa_line-papel-parede","11":"pa_lithfastness-resistente-a-luz","12":"pa_number-of-rolls-2-pt-pt","13":"pa_opportunities-descontinuado","14":"pa_outdoor-0-pt-pt","15":"pa_range-non-woven-pt-pt","16":"pa_rapport-horizontal-19-5-pt-pt","17":"pa_rapport-vertical-32-pt-pt","18":"pa_removal-method-easy-to-remove-pt-pt","21":"first","22":"instock","23":"purchasable","24":"product-type-variable"},"acf":[],"_links":{"self":[{"href":"https:\/\/staging.aldeco.pt\/pt-pt\/wp-json\/wp\/v2\/product\/216362","targetHints":{"allow":["GET"]}}],"collection":[{"href":"https:\/\/staging.aldeco.pt\/pt-pt\/wp-json\/wp\/v2\/product"}],"about":[{"href":"https:\/\/staging.aldeco.pt\/pt-pt\/wp-json\/wp\/v2\/types\/product"}],"version-history":[{"count":1,"href":"https:\/\/staging.aldeco.pt\/pt-pt\/wp-json\/wp\/v2\/product\/216362\/revisions"}],"predecessor-version":[{"id":216518,"href":"https:\/\/staging.aldeco.pt\/pt-pt\/wp-json\/wp\/v2\/product\/216362\/revisions\/216518"}],"wp:featuredmedia":[{"embeddable":true,"href":"https:\/\/staging.aldeco.pt\/pt-pt\/wp-json\/wp\/v2\/media\/216352"}],"wp:attachment":[{"href":"https:\/\/staging.aldeco.pt\/pt-pt\/wp-json\/wp\/v2\/media?parent=216362"}],"wp:term":[{"taxonomy":"product_brand","embeddable":true,"href":"https:\/\/staging.aldeco.pt\/pt-pt\/wp-json\/wp\/v2\/product_brand?post=216362"},{"taxonomy":"product_cat","embeddable":true,"href":"https:\/\/staging.aldeco.pt\/pt-pt\/wp-json\/wp\/v2\/product_cat?post=216362"},{"taxonomy":"product_tag","embeddable":true,"href":"https:\/\/staging.aldeco.pt\/pt-pt\/wp-json\/wp\/v2\/product_tag?post=216362"}],"curies":[{"name":"wp","href":"https:\/\/api.w.org\/{rel}","templated":true}]}}