{"id":216078,"date":"2024-11-29T20:19:34","date_gmt":"2024-11-29T20:19:34","guid":{"rendered":"https:\/\/aldeco.pt\/staging\/product\/nonwoven-botanical-dream\/"},"modified":"2024-11-29T20:19:34","modified_gmt":"2024-11-29T20:19:34","slug":"nonwoven-botanical-dream","status":"publish","type":"product","link":"https:\/\/staging.aldeco.pt\/pt-pt\/product\/nonwoven-botanical-dream\/","title":{"rendered":"NONWOVEN BOTANICAL DREAM"},"content":{"rendered":"<p>Motivos animais e bot\u00e2nicos que refletem o esp\u00edrito da selva nas suas numerosas variantes luminosas di\u00e1rias.<\/p>\n","protected":false},"excerpt":{"rendered":"<p>Animal nad botanical motifs reflecting the spirit of the jugle in it\u00b4s numerous daily luminous variants.<\/p>\n<h2>Nonwoven Botanical Dream, motivos animais e bot\u00e2nicos que refletem o esp\u00edrito da selva nas suas numerosas variantes luminosas di\u00e1rias.<\/h2>\n<p><img fetchpriority=\"high\" decoding=\"async\" class=\"alignnone wp-image-215729 size-medium\" src=\"https:\/\/aldeco.pt\/staging\/wp-content\/uploads\/2024\/11\/WN02100002-1-300x184.jpg\" alt=\"Nonwoven Botanical Dream - Aldeco\" width=\"300\" height=\"184\"><\/p>\n<p><a href=\"https:\/\/www.instagram.com\/aldeco_interiorfabrics\/\">https:\/\/www.instagram.com\/aldeco_interiorfabrics\/<\/a><\/p>\n<p><a href=\"https:\/\/aldeco.pt\/staging\/product\/nonwoven-botanical-dream\/?attribute_pa_aldeco-color=1&amp;attribute_pa_colour=multicolour\">https:\/\/aldeco.pt\/staging\/product\/nonwoven-botanical-dream\/?attribute_pa_aldeco-color=1&amp;attribute_pa_colour=multicolour<\/a><\/p>\n","protected":false},"featured_media":215727,"template":"","meta":[],"product_brand":[],"product_cat":[6155],"product_tag":[],"class_list":{"0":"post-216078","1":"product","2":"type-product","3":"status-publish","4":"has-post-thumbnail","6":"product_cat-walldeco-pt-pt","7":"pa_application-method-paste-the-wall-no-overlapping-pt-pt","8":"pa_cleanability-cola-na-parede-nao-sobrepor","9":"pa_composition-ext-cellulose-pt-pt","10":"pa_line-papel-parede","11":"pa_lithfastness-resistente-a-luz","12":"pa_number-of-rolls-9-pt-pt","13":"pa_opportunities-descontinuado","14":"pa_outdoor-0-pt-pt","15":"pa_range-non-woven-pt-pt","16":"pa_rapport-horizontal-73-6-pt-pt","17":"pa_rapport-vertical-89-2-pt-pt","18":"pa_removal-method-easy-to-remove-pt-pt","21":"first","22":"instock","23":"purchasable","24":"product-type-variable"},"acf":[],"_links":{"self":[{"href":"https:\/\/staging.aldeco.pt\/pt-pt\/wp-json\/wp\/v2\/product\/216078","targetHints":{"allow":["GET"]}}],"collection":[{"href":"https:\/\/staging.aldeco.pt\/pt-pt\/wp-json\/wp\/v2\/product"}],"about":[{"href":"https:\/\/staging.aldeco.pt\/pt-pt\/wp-json\/wp\/v2\/types\/product"}],"version-history":[{"count":0,"href":"https:\/\/staging.aldeco.pt\/pt-pt\/wp-json\/wp\/v2\/product\/216078\/revisions"}],"wp:featuredmedia":[{"embeddable":true,"href":"https:\/\/staging.aldeco.pt\/pt-pt\/wp-json\/wp\/v2\/media\/215727"}],"wp:attachment":[{"href":"https:\/\/staging.aldeco.pt\/pt-pt\/wp-json\/wp\/v2\/media?parent=216078"}],"wp:term":[{"taxonomy":"product_brand","embeddable":true,"href":"https:\/\/staging.aldeco.pt\/pt-pt\/wp-json\/wp\/v2\/product_brand?post=216078"},{"taxonomy":"product_cat","embeddable":true,"href":"https:\/\/staging.aldeco.pt\/pt-pt\/wp-json\/wp\/v2\/product_cat?post=216078"},{"taxonomy":"product_tag","embeddable":true,"href":"https:\/\/staging.aldeco.pt\/pt-pt\/wp-json\/wp\/v2\/product_tag?post=216078"}],"curies":[{"name":"wp","href":"https:\/\/api.w.org\/{rel}","templated":true}]}}