{"id":215991,"date":"2024-12-02T17:20:37","date_gmt":"2024-12-02T17:20:37","guid":{"rendered":"https:\/\/aldeco.pt\/staging\/product\/nonwoven-mirabillis\/"},"modified":"2024-12-03T09:57:29","modified_gmt":"2024-12-03T09:57:29","slug":"nonwoven-mirabillis","status":"publish","type":"product","link":"https:\/\/staging.aldeco.pt\/pt-pt\/product\/nonwoven-mirabillis\/","title":{"rendered":"NONWOVEN MIRABILLIS"},"content":{"rendered":"<p>Ep\u00edtome do conceito invicta com flora e fauna ex\u00f3ticas, geometria Bauhaus e motivos folcl\u00f3ricos \u00e9tnicos.<\/p>\n","protected":false},"excerpt":{"rendered":"<p>Ep\u00edtome do conceito invicta com flora e fauna ex\u00f3ticas, geometria Bauhaus e motivos folcl\u00f3ricos \u00e9tnicos.<\/p>\n<h2>Nonwoven Mirabillis, ep\u00edtome do conceito invicta com flora e fauna ex\u00f3ticas, geometria Bauhaus e motivos folcl\u00f3ricos \u00e9tnicos.<\/h2>\n<p><img fetchpriority=\"high\" decoding=\"async\" class=\"alignnone wp-image-215985 size-medium\" src=\"https:\/\/aldeco.pt\/staging\/wp-content\/uploads\/2024\/12\/WN02100502-300x187.jpg\" alt=\"Nonwoven Mirabillis - Aldeco\" width=\"300\" height=\"187\"><\/p>\n<p><a href=\"https:\/\/www.instagram.com\/aldeco_interiorfabrics\/\">https:\/\/www.instagram.com\/aldeco_interiorfabrics\/<\/a><\/p>\n<p>&nbsp;<\/p>\n","protected":false},"featured_media":215986,"template":"","meta":[],"product_brand":[],"product_cat":[6155],"product_tag":[],"class_list":{"0":"post-215991","1":"product","2":"type-product","3":"status-publish","4":"has-post-thumbnail","6":"product_cat-walldeco-pt-pt","7":"pa_application-method-paste-the-wall-no-overlapping-pt-pt","8":"pa_cleanability-cola-na-parede-nao-sobrepor","9":"pa_composition-ext-cellulose-pt-pt","10":"pa_line-papel-parede","11":"pa_lithfastness-resistente-a-luz","12":"pa_number-of-rolls-9-pt-pt","13":"pa_opportunities-descontinuado","14":"pa_outdoor-0-pt-pt","15":"pa_range-non-woven-pt-pt","16":"pa_removal-method-easy-to-remove-pt-pt","19":"first","20":"instock","21":"shipping-taxable","22":"purchasable","23":"product-type-variable"},"acf":[],"_links":{"self":[{"href":"https:\/\/staging.aldeco.pt\/pt-pt\/wp-json\/wp\/v2\/product\/215991","targetHints":{"allow":["GET"]}}],"collection":[{"href":"https:\/\/staging.aldeco.pt\/pt-pt\/wp-json\/wp\/v2\/product"}],"about":[{"href":"https:\/\/staging.aldeco.pt\/pt-pt\/wp-json\/wp\/v2\/types\/product"}],"version-history":[{"count":1,"href":"https:\/\/staging.aldeco.pt\/pt-pt\/wp-json\/wp\/v2\/product\/215991\/revisions"}],"predecessor-version":[{"id":215997,"href":"https:\/\/staging.aldeco.pt\/pt-pt\/wp-json\/wp\/v2\/product\/215991\/revisions\/215997"}],"wp:featuredmedia":[{"embeddable":true,"href":"https:\/\/staging.aldeco.pt\/pt-pt\/wp-json\/wp\/v2\/media\/215986"}],"wp:attachment":[{"href":"https:\/\/staging.aldeco.pt\/pt-pt\/wp-json\/wp\/v2\/media?parent=215991"}],"wp:term":[{"taxonomy":"product_brand","embeddable":true,"href":"https:\/\/staging.aldeco.pt\/pt-pt\/wp-json\/wp\/v2\/product_brand?post=215991"},{"taxonomy":"product_cat","embeddable":true,"href":"https:\/\/staging.aldeco.pt\/pt-pt\/wp-json\/wp\/v2\/product_cat?post=215991"},{"taxonomy":"product_tag","embeddable":true,"href":"https:\/\/staging.aldeco.pt\/pt-pt\/wp-json\/wp\/v2\/product_tag?post=215991"}],"curies":[{"name":"wp","href":"https:\/\/api.w.org\/{rel}","templated":true}]}}