{"id":215860,"date":"2024-11-29T20:22:04","date_gmt":"2024-11-29T20:22:04","guid":{"rendered":"https:\/\/aldeco.pt\/staging\/product\/nonwoven-modernist\/"},"modified":"2024-12-03T10:10:03","modified_gmt":"2024-12-03T10:10:03","slug":"nonwoven-modernist","status":"publish","type":"product","link":"https:\/\/staging.aldeco.pt\/pt-pt\/product\/nonwoven-modernist\/","title":{"rendered":"NONWOVEN MODERNIST"},"content":{"rendered":"<p>Formas geom\u00e9tricas dos anos 1930 com um toque moderno e uma rica combina\u00e7\u00e3o de cores.<\/p>\n","protected":false},"excerpt":{"rendered":"<p>Formas geom\u00e9tricas dos anos 1930 com um toque moderno e uma rica combina\u00e7\u00e3o de cores.<\/p>\n<h2>Nonwoven Modernist, formas geom\u00e9tricas dos anos 1930 com um toque moderno e uma rica combina\u00e7\u00e3o de cores.<\/h2>\n<p><img decoding=\"async\" class=\"alignnone wp-image-215849 size-medium\" src=\"https:\/\/aldeco.pt\/staging\/wp-content\/uploads\/2024\/11\/WN02101202-107x300.jpg\" alt=\"Nonwoven Modernist - Aldeco\" width=\"107\" height=\"300\"><\/p>\n<p><a href=\"https:\/\/www.instagram.com\/aldeco_interiorfabrics\/\">https:\/\/www.instagram.com\/aldeco_interiorfabrics\/<\/a><\/p>\n<p><a href=\"https:\/\/aldeco.pt\/staging\/product\/nonwoven-modernist\/?attribute_pa_colour=greige&amp;attribute_pa_aldeco-color=1\">https:\/\/aldeco.pt\/staging\/product\/nonwoven-modernist\/?attribute_pa_colour=greige&amp;attribute_pa_aldeco-color=1<\/a><\/p>\n","protected":false},"featured_media":215847,"template":"","meta":[],"product_brand":[],"product_cat":[6155],"product_tag":[],"class_list":{"0":"post-215860","1":"product","2":"type-product","3":"status-publish","4":"has-post-thumbnail","6":"product_cat-walldeco-pt-pt","7":"pa_application-method-paste-the-wall-no-overlapping-pt-pt","8":"pa_cleanability-cola-na-parede-nao-sobrepor","9":"pa_composition-ext-cellulose-pt-pt","10":"pa_line-papel-parede","11":"pa_lithfastness-resistente-a-luz","12":"pa_number-of-rolls-2-pt-pt","13":"pa_opportunities-descontinuado","14":"pa_outdoor-0-pt-pt","15":"pa_range-non-woven-pt-pt","16":"pa_rapport-horizontal-17-5-pt-pt","17":"pa_rapport-vertical-27-6-pt-pt","18":"pa_removal-method-easy-to-remove-pt-pt","21":"first","22":"instock","23":"purchasable","24":"product-type-variable"},"acf":[],"_links":{"self":[{"href":"https:\/\/staging.aldeco.pt\/pt-pt\/wp-json\/wp\/v2\/product\/215860","targetHints":{"allow":["GET"]}}],"collection":[{"href":"https:\/\/staging.aldeco.pt\/pt-pt\/wp-json\/wp\/v2\/product"}],"about":[{"href":"https:\/\/staging.aldeco.pt\/pt-pt\/wp-json\/wp\/v2\/types\/product"}],"version-history":[{"count":1,"href":"https:\/\/staging.aldeco.pt\/pt-pt\/wp-json\/wp\/v2\/product\/215860\/revisions"}],"predecessor-version":[{"id":215865,"href":"https:\/\/staging.aldeco.pt\/pt-pt\/wp-json\/wp\/v2\/product\/215860\/revisions\/215865"}],"wp:featuredmedia":[{"embeddable":true,"href":"https:\/\/staging.aldeco.pt\/pt-pt\/wp-json\/wp\/v2\/media\/215847"}],"wp:attachment":[{"href":"https:\/\/staging.aldeco.pt\/pt-pt\/wp-json\/wp\/v2\/media?parent=215860"}],"wp:term":[{"taxonomy":"product_brand","embeddable":true,"href":"https:\/\/staging.aldeco.pt\/pt-pt\/wp-json\/wp\/v2\/product_brand?post=215860"},{"taxonomy":"product_cat","embeddable":true,"href":"https:\/\/staging.aldeco.pt\/pt-pt\/wp-json\/wp\/v2\/product_cat?post=215860"},{"taxonomy":"product_tag","embeddable":true,"href":"https:\/\/staging.aldeco.pt\/pt-pt\/wp-json\/wp\/v2\/product_tag?post=215860"}],"curies":[{"name":"wp","href":"https:\/\/api.w.org\/{rel}","templated":true}]}}