{"id":214678,"date":"2024-11-19T13:03:40","date_gmt":"2024-11-19T13:03:40","guid":{"rendered":"https:\/\/aldeco.pt\/staging\/product\/scotch\/"},"modified":"2024-11-19T13:03:40","modified_gmt":"2024-11-19T13:03:40","slug":"scotch","status":"publish","type":"product","link":"https:\/\/staging.aldeco.pt\/pt-pt\/product\/scotch\/","title":{"rendered":"SCOTCH"},"content":{"rendered":"<p>SCOTCH \u00e9 um tecido xadrez de estilo escoc\u00eas, perfeito para adicionar um toque acolhedor ao seu espa\u00e7o. A sua resist\u00eancia, durabilidade e suavidade ao toque tornaram este cl\u00e1ssico intemporal ideal para estofo e almofadas. <\/p>\n","protected":false},"excerpt":{"rendered":"<p>SCOTCH \u00e9 um tecido xadrez de estilo escoc\u00eas, perfeito para adicionar um toque acolhedor ao seu espa\u00e7o. A sua resist\u00eancia, durabilidade e suavidade ao toque tornaram este cl\u00e1ssico intemporal ideal para estofo e almofadas. <\/p>\n<h2>SCOTCH \u00e9 um tecido xadrez de estilo escoc\u00eas, perfeito para adicionar um toque acolhedor ao seu espa\u00e7o.<\/h2>\n<p><img fetchpriority=\"high\" decoding=\"async\" class=\"alignnone wp-image-214650 size-medium\" src=\"https:\/\/aldeco.pt\/staging\/wp-content\/uploads\/2024\/11\/T017990505-300x300.jpg\" alt=\"Scotch - Aldeco\" width=\"300\" height=\"300\"><\/p>\n<p><a href=\"https:\/\/www.instagram.com\/aldeco_interiorfabrics\/\">https:\/\/www.instagram.com\/aldeco_interiorfabrics\/<\/a><\/p>\n<p><a href=\"https:\/\/aldeco.pt\/staging\/product\/scotch\/?attribute_pa_aldeco-color=05\">https:\/\/aldeco.pt\/staging\/product\/scotch\/?attribute_pa_aldeco-color=05<\/a><\/p>\n<p>&nbsp;<\/p>\n","protected":false},"featured_media":214651,"template":"","meta":[],"product_brand":[],"product_cat":[],"product_tag":[],"class_list":{"0":"post-214678","1":"product","2":"type-product","3":"status-publish","4":"has-post-thumbnail","6":"pa_cleanability-8282","7":"pa_composition-ext-50-pp-31-pl-19-co-pt-pt","8":"pa_line-oportunidades","9":"pa_lithfastness-6-pt-pt-2","10":"pa_opportunities-ativo","13":"first","14":"instock","15":"shipping-taxable","16":"purchasable","17":"product-type-variable"},"acf":[],"_links":{"self":[{"href":"https:\/\/staging.aldeco.pt\/pt-pt\/wp-json\/wp\/v2\/product\/214678","targetHints":{"allow":["GET"]}}],"collection":[{"href":"https:\/\/staging.aldeco.pt\/pt-pt\/wp-json\/wp\/v2\/product"}],"about":[{"href":"https:\/\/staging.aldeco.pt\/pt-pt\/wp-json\/wp\/v2\/types\/product"}],"version-history":[{"count":0,"href":"https:\/\/staging.aldeco.pt\/pt-pt\/wp-json\/wp\/v2\/product\/214678\/revisions"}],"wp:featuredmedia":[{"embeddable":true,"href":"https:\/\/staging.aldeco.pt\/pt-pt\/wp-json\/wp\/v2\/media\/214651"}],"wp:attachment":[{"href":"https:\/\/staging.aldeco.pt\/pt-pt\/wp-json\/wp\/v2\/media?parent=214678"}],"wp:term":[{"taxonomy":"product_brand","embeddable":true,"href":"https:\/\/staging.aldeco.pt\/pt-pt\/wp-json\/wp\/v2\/product_brand?post=214678"},{"taxonomy":"product_cat","embeddable":true,"href":"https:\/\/staging.aldeco.pt\/pt-pt\/wp-json\/wp\/v2\/product_cat?post=214678"},{"taxonomy":"product_tag","embeddable":true,"href":"https:\/\/staging.aldeco.pt\/pt-pt\/wp-json\/wp\/v2\/product_tag?post=214678"}],"curies":[{"name":"wp","href":"https:\/\/api.w.org\/{rel}","templated":true}]}}