{"id":214559,"date":"2024-11-19T11:51:50","date_gmt":"2024-11-19T11:51:50","guid":{"rendered":"https:\/\/aldeco.pt\/staging\/product\/prisma\/"},"modified":"2024-11-19T11:51:50","modified_gmt":"2024-11-19T11:51:50","slug":"prisma","status":"publish","type":"product","link":"https:\/\/staging.aldeco.pt\/pt-pt\/product\/prisma\/","title":{"rendered":"PRISMA"},"content":{"rendered":"<p>PRISMA \u00e9 um tecido com um design simples e linhas subtis que criam uma sensa\u00e7\u00e3o de movimento. \u00c9 perfeito para estofos devido \u00e0 sua durabilidade e resist\u00eancia, e tamb\u00e9m \u00e9 FR (resistente ao fogo). <\/p>\n","protected":false},"excerpt":{"rendered":"<p>PRISMA \u00e9 um tecido com um design simples e linhas subtis que criam uma sensa\u00e7\u00e3o de movimento. \u00c9 perfeito para estofos devido \u00e0 sua durabilidade e resist\u00eancia, e tamb\u00e9m \u00e9 FR (resistente ao fogo). <\/p>\n<h2>PRISMA \u00e9 um tecido com um design simples e linhas subtis que criam uma sensa\u00e7\u00e3o de movimento.<\/h2>\n<p><img fetchpriority=\"high\" decoding=\"async\" class=\"alignnone wp-image-214541 size-medium\" src=\"https:\/\/aldeco.pt\/staging\/wp-content\/uploads\/2024\/11\/T016910267-300x300.jpg\" alt=\"Prisma - Aldeco\" width=\"300\" height=\"300\"><\/p>\n<p><a href=\"https:\/\/www.instagram.com\/aldeco_interiorfabrics\/\">https:\/\/www.instagram.com\/aldeco_interiorfabrics\/<\/a><\/p>\n<p><a href=\"https:\/\/aldeco.pt\/staging\/product\/prisma\/?attribute_pa_aldeco-color=05\">https:\/\/aldeco.pt\/staging\/product\/prisma\/?attribute_pa_aldeco-color=05<\/a><\/p>\n","protected":false},"featured_media":214512,"template":"","meta":[],"product_brand":[],"product_cat":[],"product_tag":[],"class_list":{"0":"post-214559","1":"product","2":"type-product","3":"status-publish","4":"has-post-thumbnail","6":"pa_cleanability-8282","7":"pa_composition-ext-88-pl-12-co-pt-pt","8":"pa_line-oportunidades","9":"pa_lithfastness-5-6-pt-pt-2","10":"pa_opportunities-ativo","11":"pa_range-liso","14":"first","15":"instock","16":"shipping-taxable","17":"purchasable","18":"product-type-variable"},"acf":[],"_links":{"self":[{"href":"https:\/\/staging.aldeco.pt\/pt-pt\/wp-json\/wp\/v2\/product\/214559","targetHints":{"allow":["GET"]}}],"collection":[{"href":"https:\/\/staging.aldeco.pt\/pt-pt\/wp-json\/wp\/v2\/product"}],"about":[{"href":"https:\/\/staging.aldeco.pt\/pt-pt\/wp-json\/wp\/v2\/types\/product"}],"version-history":[{"count":0,"href":"https:\/\/staging.aldeco.pt\/pt-pt\/wp-json\/wp\/v2\/product\/214559\/revisions"}],"wp:featuredmedia":[{"embeddable":true,"href":"https:\/\/staging.aldeco.pt\/pt-pt\/wp-json\/wp\/v2\/media\/214512"}],"wp:attachment":[{"href":"https:\/\/staging.aldeco.pt\/pt-pt\/wp-json\/wp\/v2\/media?parent=214559"}],"wp:term":[{"taxonomy":"product_brand","embeddable":true,"href":"https:\/\/staging.aldeco.pt\/pt-pt\/wp-json\/wp\/v2\/product_brand?post=214559"},{"taxonomy":"product_cat","embeddable":true,"href":"https:\/\/staging.aldeco.pt\/pt-pt\/wp-json\/wp\/v2\/product_cat?post=214559"},{"taxonomy":"product_tag","embeddable":true,"href":"https:\/\/staging.aldeco.pt\/pt-pt\/wp-json\/wp\/v2\/product_tag?post=214559"}],"curies":[{"name":"wp","href":"https:\/\/api.w.org\/{rel}","templated":true}]}}