{"id":214424,"date":"2024-11-19T10:41:48","date_gmt":"2024-11-19T10:41:48","guid":{"rendered":"https:\/\/aldeco.pt\/staging\/product\/pixel-2\/"},"modified":"2024-11-19T10:41:48","modified_gmt":"2024-11-19T10:41:48","slug":"pixel-2","status":"publish","type":"product","link":"https:\/\/staging.aldeco.pt\/pt-pt\/product\/pixel-2\/","title":{"rendered":"PIXEL"},"content":{"rendered":"<p>Um chenille jacquard com um padr\u00e3o microgeom\u00e9trico. Pixel \u00e9 ideal para estofo e decora\u00e7\u00e3o. <\/p>\n","protected":false},"excerpt":{"rendered":"<p>Um chenille jacquard com um padr\u00e3o microgeom\u00e9trico. Pixel \u00e9 ideal para estofos e decora\u00e7\u00e3o. <\/p>\n<h2>Pixel, um chenille jacquard com um padr\u00e3o microgeom\u00e9trico. Pixel \u00e9 ideal para estofo e decora\u00e7\u00e3o. <\/h2>\n<p><img fetchpriority=\"high\" decoding=\"async\" class=\"alignnone wp-image-214414 size-medium\" src=\"https:\/\/aldeco.pt\/staging\/wp-content\/uploads\/2024\/11\/T017991108-300x300.jpg\" alt=\"Pixel - Aldeco\" width=\"300\" height=\"300\"><\/p>\n<p><a href=\"https:\/\/www.instagram.com\/aldeco_interiorfabrics\/\">https:\/\/www.instagram.com\/aldeco_interiorfabrics\/<\/a><\/p>\n<p><a href=\"https:\/\/aldeco.pt\/staging\/product\/organza-dupla-lisa\/?attribute_pa_aldeco-color=marfim\">https:\/\/aldeco.pt\/staging\/product\/organza-dupla-lisa\/?attribute_pa_aldeco-color=marfim<\/a><\/p>\n","protected":false},"featured_media":214415,"template":"","meta":[],"product_brand":[],"product_cat":[],"product_tag":[],"class_list":{"0":"post-214424","1":"product","2":"type-product","3":"status-publish","4":"has-post-thumbnail","8":"first","9":"instock","10":"shipping-taxable","11":"purchasable","12":"product-type-variable"},"acf":[],"_links":{"self":[{"href":"https:\/\/staging.aldeco.pt\/pt-pt\/wp-json\/wp\/v2\/product\/214424","targetHints":{"allow":["GET"]}}],"collection":[{"href":"https:\/\/staging.aldeco.pt\/pt-pt\/wp-json\/wp\/v2\/product"}],"about":[{"href":"https:\/\/staging.aldeco.pt\/pt-pt\/wp-json\/wp\/v2\/types\/product"}],"version-history":[{"count":0,"href":"https:\/\/staging.aldeco.pt\/pt-pt\/wp-json\/wp\/v2\/product\/214424\/revisions"}],"wp:featuredmedia":[{"embeddable":true,"href":"https:\/\/staging.aldeco.pt\/pt-pt\/wp-json\/wp\/v2\/media\/214415"}],"wp:attachment":[{"href":"https:\/\/staging.aldeco.pt\/pt-pt\/wp-json\/wp\/v2\/media?parent=214424"}],"wp:term":[{"taxonomy":"product_brand","embeddable":true,"href":"https:\/\/staging.aldeco.pt\/pt-pt\/wp-json\/wp\/v2\/product_brand?post=214424"},{"taxonomy":"product_cat","embeddable":true,"href":"https:\/\/staging.aldeco.pt\/pt-pt\/wp-json\/wp\/v2\/product_cat?post=214424"},{"taxonomy":"product_tag","embeddable":true,"href":"https:\/\/staging.aldeco.pt\/pt-pt\/wp-json\/wp\/v2\/product_tag?post=214424"}],"curies":[{"name":"wp","href":"https:\/\/api.w.org\/{rel}","templated":true}]}}