{"id":214303,"date":"2024-11-19T09:22:54","date_gmt":"2024-11-19T09:22:54","guid":{"rendered":"https:\/\/aldeco.pt\/staging\/product\/nova\/"},"modified":"2024-11-19T09:22:54","modified_gmt":"2024-11-19T09:22:54","slug":"nova","status":"publish","type":"product","link":"https:\/\/staging.aldeco.pt\/pt-pt\/product\/nova\/","title":{"rendered":"NOVA"},"content":{"rendered":"<p>Este maravilhoso chenille \u00e9 um tecido intemporal, perfeito para projetos de estofo devido \u00e0 sua durabilidade e resist\u00eancia. O seu padr\u00e3o geom\u00e9trico bicolor proporciona uma ilus\u00e3o de profundidade e textura. <\/p>\n","protected":false},"excerpt":{"rendered":"<p>Este maravilhoso chenille \u00e9 um tecido intemporal, perfeito para projetos de estofo devido \u00e0 sua durabilidade e resist\u00eancia. O seu padr\u00e3o geom\u00e9trico bicolor proporciona uma ilus\u00e3o de profundidade e textura. <\/p>\n<h2>Nova, este maravilhoso chenille \u00e9 um tecido intemporal, perfeito para projetos de estofo devido \u00e0 sua durabilidade e resist\u00eancia.<\/h2>\n<p><img fetchpriority=\"high\" decoding=\"async\" class=\"alignnone wp-image-214297 size-medium\" src=\"https:\/\/aldeco.pt\/staging\/wp-content\/uploads\/2024\/11\/T016910391-300x168.jpg\" alt=\"Nova - Aldeco\" width=\"300\" height=\"168\"><\/p>\n<p><a href=\"https:\/\/www.instagram.com\/aldeco_interiorfabrics\/\">https:\/\/www.instagram.com\/aldeco_interiorfabrics\/<\/a><\/p>\n<p><a href=\"https:\/\/aldeco.pt\/staging\/product\/nova\/?attribute_pa_aldeco-color=12\">https:\/\/aldeco.pt\/staging\/product\/nova\/?attribute_pa_aldeco-color=12<\/a><\/p>\n<p>&nbsp;<\/p>\n","protected":false},"featured_media":214280,"template":"","meta":[],"product_brand":[],"product_cat":[],"product_tag":[],"class_list":{"0":"post-214303","1":"product","2":"type-product","3":"status-publish","4":"has-post-thumbnail","6":"pa_cleanability-8282","7":"pa_composition-ext-97-pl-3-co-pt-pt","8":"pa_line-oportunidades","9":"pa_lithfastness-5-6-pt-pt-2","10":"pa_opportunities-ativo","11":"pa_range-jacquard-pt-pt","14":"first","15":"instock","16":"shipping-taxable","17":"purchasable","18":"product-type-variable"},"acf":[],"_links":{"self":[{"href":"https:\/\/staging.aldeco.pt\/pt-pt\/wp-json\/wp\/v2\/product\/214303","targetHints":{"allow":["GET"]}}],"collection":[{"href":"https:\/\/staging.aldeco.pt\/pt-pt\/wp-json\/wp\/v2\/product"}],"about":[{"href":"https:\/\/staging.aldeco.pt\/pt-pt\/wp-json\/wp\/v2\/types\/product"}],"version-history":[{"count":0,"href":"https:\/\/staging.aldeco.pt\/pt-pt\/wp-json\/wp\/v2\/product\/214303\/revisions"}],"wp:featuredmedia":[{"embeddable":true,"href":"https:\/\/staging.aldeco.pt\/pt-pt\/wp-json\/wp\/v2\/media\/214280"}],"wp:attachment":[{"href":"https:\/\/staging.aldeco.pt\/pt-pt\/wp-json\/wp\/v2\/media?parent=214303"}],"wp:term":[{"taxonomy":"product_brand","embeddable":true,"href":"https:\/\/staging.aldeco.pt\/pt-pt\/wp-json\/wp\/v2\/product_brand?post=214303"},{"taxonomy":"product_cat","embeddable":true,"href":"https:\/\/staging.aldeco.pt\/pt-pt\/wp-json\/wp\/v2\/product_cat?post=214303"},{"taxonomy":"product_tag","embeddable":true,"href":"https:\/\/staging.aldeco.pt\/pt-pt\/wp-json\/wp\/v2\/product_tag?post=214303"}],"curies":[{"name":"wp","href":"https:\/\/api.w.org\/{rel}","templated":true}]}}