{"id":214181,"date":"2024-11-18T17:24:30","date_gmt":"2024-11-18T17:24:30","guid":{"rendered":"https:\/\/aldeco.pt\/staging\/product\/nara\/"},"modified":"2024-11-18T17:24:30","modified_gmt":"2024-11-18T17:24:30","slug":"nara","status":"publish","type":"product","link":"https:\/\/staging.aldeco.pt\/pt-pt\/product\/nara\/","title":{"rendered":"NARA"},"content":{"rendered":"<p>NARA \u00e9 um tecido texturizado que \u00e9 resistente a manchas e f\u00e1cil de limpar. A sua resist\u00eancia e durabilidade tornam-no perfeito para estofo e almofadas. <\/p>\n","protected":false},"excerpt":{"rendered":"<p>NARA \u00e9 um tecido texturizado que \u00e9 resistente a manchas e f\u00e1cil de limpar. A sua resist\u00eancia e durabilidade tornam-no perfeito para estofo e almofadas. <\/p>\n<h2>NARA \u00e9 um tecido texturizado que \u00e9 resistente a manchas e f\u00e1cil de limpar. A sua resist\u00eancia e durabilidade tornam-no perfeito para estofo e almofadas. <\/h2>\n<p><img fetchpriority=\"high\" decoding=\"async\" class=\"alignnone wp-image-214156 size-medium\" src=\"https:\/\/aldeco.pt\/staging\/wp-content\/uploads\/2024\/11\/T017991210-300x300.jpg\" alt=\"Nara - Aldeco\" width=\"300\" height=\"300\"><\/p>\n<p><a href=\"https:\/\/aldeco.pt\/staging\/product\/nara\/?attribute_pa_aldeco-color=51\">https:\/\/aldeco.pt\/staging\/product\/nara\/?attribute_pa_aldeco-color=51<\/a><\/p>\n<p><a href=\"https:\/\/www.instagram.com\/aldeco_interiorfabrics\/\">https:\/\/www.instagram.com\/aldeco_interiorfabrics\/<\/a><\/p>\n","protected":false},"featured_media":214157,"template":"","meta":[],"product_brand":[],"product_cat":[],"product_tag":[],"class_list":{"0":"post-214181","1":"product","2":"type-product","3":"status-publish","4":"has-post-thumbnail","6":"pa_cleanability-8282","7":"pa_composition-ext-50-co-25-pp-25-pl-pt-pt","8":"pa_line-oportunidades","9":"pa_lithfastness-5-pt-pt","10":"pa_opportunities-ativo","11":"pa_range-liso","14":"first","15":"instock","16":"shipping-taxable","17":"purchasable","18":"product-type-variable"},"acf":[],"_links":{"self":[{"href":"https:\/\/staging.aldeco.pt\/pt-pt\/wp-json\/wp\/v2\/product\/214181","targetHints":{"allow":["GET"]}}],"collection":[{"href":"https:\/\/staging.aldeco.pt\/pt-pt\/wp-json\/wp\/v2\/product"}],"about":[{"href":"https:\/\/staging.aldeco.pt\/pt-pt\/wp-json\/wp\/v2\/types\/product"}],"version-history":[{"count":0,"href":"https:\/\/staging.aldeco.pt\/pt-pt\/wp-json\/wp\/v2\/product\/214181\/revisions"}],"wp:featuredmedia":[{"embeddable":true,"href":"https:\/\/staging.aldeco.pt\/pt-pt\/wp-json\/wp\/v2\/media\/214157"}],"wp:attachment":[{"href":"https:\/\/staging.aldeco.pt\/pt-pt\/wp-json\/wp\/v2\/media?parent=214181"}],"wp:term":[{"taxonomy":"product_brand","embeddable":true,"href":"https:\/\/staging.aldeco.pt\/pt-pt\/wp-json\/wp\/v2\/product_brand?post=214181"},{"taxonomy":"product_cat","embeddable":true,"href":"https:\/\/staging.aldeco.pt\/pt-pt\/wp-json\/wp\/v2\/product_cat?post=214181"},{"taxonomy":"product_tag","embeddable":true,"href":"https:\/\/staging.aldeco.pt\/pt-pt\/wp-json\/wp\/v2\/product_tag?post=214181"}],"curies":[{"name":"wp","href":"https:\/\/api.w.org\/{rel}","templated":true}]}}