{"id":214141,"date":"2024-11-18T17:03:12","date_gmt":"2024-11-18T17:03:12","guid":{"rendered":"https:\/\/aldeco.pt\/staging\/product\/mosaic\/"},"modified":"2024-11-18T17:24:53","modified_gmt":"2024-11-18T17:24:53","slug":"mosaic","status":"publish","type":"product","link":"https:\/\/staging.aldeco.pt\/pt-pt\/product\/mosaic\/","title":{"rendered":"MOSAIC"},"content":{"rendered":"<p>MOSAIC \u00e9 um tecido texturizado com um padr\u00e3o geom\u00e9trico subtil. Gra\u00e7as \u00e0 sua resist\u00eancia e durabilidade, \u00e9 excelente para estofos e almofadas elegantes. <\/p>\n","protected":false},"excerpt":{"rendered":"<p>MOSAIC \u00e9 um tecido texturizado com um padr\u00e3o geom\u00e9trico subtil. Gra\u00e7as \u00e0 sua resist\u00eancia e durabilidade, \u00e9 excelente para estofos e almofadas elegantes. <\/p>\n<h2>MOSAIC \u00e9 um tecido texturizado com um padr\u00e3o geom\u00e9trico subtil. Gra\u00e7as \u00e0 sua resist\u00eancia e durabilidade, \u00e9 excelente para estofos e almofadas elegantes. <\/h2>\n<p><img fetchpriority=\"high\" decoding=\"async\" class=\"alignnone wp-image-214136 size-full\" src=\"https:\/\/aldeco.pt\/staging\/wp-content\/uploads\/2024\/11\/T017990445.jpg\" alt=\"Mosaic - Aldeco\" width=\"280\" height=\"280\"><\/p>\n<p><a href=\"https:\/\/aldeco.pt\/staging\/product\/mosaic\/?attribute_pa_aldeco-color=27\">https:\/\/aldeco.pt\/staging\/product\/mosaic\/?attribute_pa_aldeco-color=27<\/a><\/p>\n<p><a href=\"https:\/\/www.instagram.com\/aldeco_interiorfabrics\/\">https:\/\/www.instagram.com\/aldeco_interiorfabrics\/<\/a><\/p>\n","protected":false},"featured_media":214122,"template":"","meta":[],"product_brand":[],"product_cat":[],"product_tag":[],"class_list":{"0":"post-214141","1":"product","2":"type-product","3":"status-publish","4":"has-post-thumbnail","6":"pa_cleanability-8282","7":"pa_composition-ext-48-pp-33-pes-19-co-pt-pt","8":"pa_line-oportunidades","9":"pa_lithfastness-6-pt-pt-2","10":"pa_opportunities-ativo","11":"pa_range-liso","14":"first","15":"instock","16":"shipping-taxable","17":"purchasable","18":"product-type-variable"},"acf":[],"_links":{"self":[{"href":"https:\/\/staging.aldeco.pt\/pt-pt\/wp-json\/wp\/v2\/product\/214141","targetHints":{"allow":["GET"]}}],"collection":[{"href":"https:\/\/staging.aldeco.pt\/pt-pt\/wp-json\/wp\/v2\/product"}],"about":[{"href":"https:\/\/staging.aldeco.pt\/pt-pt\/wp-json\/wp\/v2\/types\/product"}],"version-history":[{"count":1,"href":"https:\/\/staging.aldeco.pt\/pt-pt\/wp-json\/wp\/v2\/product\/214141\/revisions"}],"predecessor-version":[{"id":214160,"href":"https:\/\/staging.aldeco.pt\/pt-pt\/wp-json\/wp\/v2\/product\/214141\/revisions\/214160"}],"wp:featuredmedia":[{"embeddable":true,"href":"https:\/\/staging.aldeco.pt\/pt-pt\/wp-json\/wp\/v2\/media\/214122"}],"wp:attachment":[{"href":"https:\/\/staging.aldeco.pt\/pt-pt\/wp-json\/wp\/v2\/media?parent=214141"}],"wp:term":[{"taxonomy":"product_brand","embeddable":true,"href":"https:\/\/staging.aldeco.pt\/pt-pt\/wp-json\/wp\/v2\/product_brand?post=214141"},{"taxonomy":"product_cat","embeddable":true,"href":"https:\/\/staging.aldeco.pt\/pt-pt\/wp-json\/wp\/v2\/product_cat?post=214141"},{"taxonomy":"product_tag","embeddable":true,"href":"https:\/\/staging.aldeco.pt\/pt-pt\/wp-json\/wp\/v2\/product_tag?post=214141"}],"curies":[{"name":"wp","href":"https:\/\/api.w.org\/{rel}","templated":true}]}}