{"id":213909,"date":"2024-11-18T14:13:39","date_gmt":"2024-11-18T14:13:39","guid":{"rendered":"https:\/\/aldeco.pt\/staging\/product\/air-fundo-claro\/"},"modified":"2024-11-18T14:13:39","modified_gmt":"2024-11-18T14:13:39","slug":"air-fundo-claro","status":"publish","type":"product","link":"https:\/\/staging.aldeco.pt\/pt-pt\/product\/air-fundo-claro\/","title":{"rendered":"AIR (Fundo claro)"},"content":{"rendered":"<p>AIR \u00e9 um tecido macio com uma constru\u00e7\u00e3o de apar\u00eancia natural, certificado pela OEKO-TEX. Foi testado para subst\u00e2ncias nocivas, garantindo que o tecido \u00e9 inofensivo para a sa\u00fade humana. <\/p>\n","protected":false},"excerpt":{"rendered":"<p>AIR is a soft fabric with a natural-looking construction, certified by OEKO-TEX. It has been tested for harmful substances, ensuring that the fabric is harmless to human health. <\/p>\n<h2>AIR \u00e9 um tecido macio com uma constru\u00e7\u00e3o de apar\u00eancia natural, certificado pela OEKO-TEX. Foi testado para subst\u00e2ncias nocivas, garantindo que o tecido \u00e9 inofensivo para a sa\u00fade humana. <\/h2>\n<p><img fetchpriority=\"high\" decoding=\"async\" class=\"alignnone wp-image-213902 size-medium\" src=\"https:\/\/aldeco.pt\/staging\/wp-content\/uploads\/2024\/11\/T014480303-300x200.jpg\" alt=\"Air - Aldeco\" width=\"300\" height=\"200\"><\/p>\n<p><a href=\"https:\/\/www.instagram.com\/aldeco_interiorfabrics\/\">https:\/\/www.instagram.com\/aldeco_interiorfabrics\/<\/a><\/p>\n<p><a href=\"https:\/\/aldeco.pt\/staging\/product\/air-fundo-claro\/\">https:\/\/aldeco.pt\/staging\/product\/air-fundo-claro\/<\/a><\/p>\n","protected":false},"featured_media":213897,"template":"","meta":[],"product_brand":[],"product_cat":[],"product_tag":[],"class_list":{"0":"post-213909","1":"product","2":"type-product","3":"status-publish","4":"has-post-thumbnail","6":"pa_cleanability-8282","7":"pa_composition-ext-80-pes-20-li-pt-pt","8":"pa_line-oportunidades","9":"pa_lithfastness-9680","10":"pa_opportunities-ativo","11":"pa_range-transparente","14":"first","15":"instock","16":"shipping-taxable","17":"purchasable","18":"product-type-variable"},"acf":[],"_links":{"self":[{"href":"https:\/\/staging.aldeco.pt\/pt-pt\/wp-json\/wp\/v2\/product\/213909","targetHints":{"allow":["GET"]}}],"collection":[{"href":"https:\/\/staging.aldeco.pt\/pt-pt\/wp-json\/wp\/v2\/product"}],"about":[{"href":"https:\/\/staging.aldeco.pt\/pt-pt\/wp-json\/wp\/v2\/types\/product"}],"version-history":[{"count":0,"href":"https:\/\/staging.aldeco.pt\/pt-pt\/wp-json\/wp\/v2\/product\/213909\/revisions"}],"wp:featuredmedia":[{"embeddable":true,"href":"https:\/\/staging.aldeco.pt\/pt-pt\/wp-json\/wp\/v2\/media\/213897"}],"wp:attachment":[{"href":"https:\/\/staging.aldeco.pt\/pt-pt\/wp-json\/wp\/v2\/media?parent=213909"}],"wp:term":[{"taxonomy":"product_brand","embeddable":true,"href":"https:\/\/staging.aldeco.pt\/pt-pt\/wp-json\/wp\/v2\/product_brand?post=213909"},{"taxonomy":"product_cat","embeddable":true,"href":"https:\/\/staging.aldeco.pt\/pt-pt\/wp-json\/wp\/v2\/product_cat?post=213909"},{"taxonomy":"product_tag","embeddable":true,"href":"https:\/\/staging.aldeco.pt\/pt-pt\/wp-json\/wp\/v2\/product_tag?post=213909"}],"curies":[{"name":"wp","href":"https:\/\/api.w.org\/{rel}","templated":true}]}}