{"id":213333,"date":"2024-11-15T12:37:57","date_gmt":"2024-11-15T12:37:57","guid":{"rendered":"https:\/\/aldeco.pt\/staging\/product\/chelsea-fr\/"},"modified":"2024-11-15T12:37:57","modified_gmt":"2024-11-15T12:37:57","slug":"chelsea-fr","status":"publish","type":"product","link":"https:\/\/staging.aldeco.pt\/pt-pt\/product\/chelsea-fr\/","title":{"rendered":"CHELSEA FR"},"content":{"rendered":"<p>CHELSEA FR \u00e9 um tecido resistente ao fogo com padr\u00f5es micro geom\u00e9tricos elegantes. A sua resist\u00eancia e durabilidade fazem deste tecido um favorito para projetos de estofo. <\/p>\n","protected":false},"excerpt":{"rendered":"<p>CHELSEA FR \u00e9 um tecido resistente ao fogo com padr\u00f5es micro geom\u00e9tricos elegantes. A sua resist\u00eancia e durabilidade fazem deste tecido um favorito para projetos de estofo. <\/p>\n<h2>CHELSEA FR \u00e9 um tecido resistente ao fogo com padr\u00f5es micro geom\u00e9tricos elegantes. A sua resist\u00eancia e durabilidade fazem deste tecido um favorito para projetos de estofo. <\/h2>\n<p><img fetchpriority=\"high\" decoding=\"async\" class=\"alignnone wp-image-213326 size-medium\" src=\"https:\/\/aldeco.pt\/staging\/wp-content\/uploads\/2024\/11\/T019970260-300x300.jpg\" alt=\"Chelsea Fr - Aldeco\" width=\"300\" height=\"300\"><\/p>\n<p><a href=\"https:\/\/aldeco.pt\/staging\/product\/chelsea-fr\/?attribute_pa_aldeco-color=60\">https:\/\/aldeco.pt\/staging\/product\/chelsea-fr\/?attribute_pa_aldeco-color=60<\/a><\/p>\n<p><a href=\"https:\/\/www.instagram.com\/aldeco_interiorfabrics\/\">https:\/\/www.instagram.com\/aldeco_interiorfabrics\/<\/a><\/p>\n","protected":false},"featured_media":213302,"template":"","meta":[],"product_brand":[],"product_cat":[],"product_tag":[],"class_list":{"0":"post-213333","1":"product","2":"type-product","3":"status-publish","4":"has-post-thumbnail","6":"pa_cleanability-8282","7":"pa_composition-ext-34-wo-28-pl-23-pp-15-co-pt-pt","8":"pa_contract-fabrics-1-pt-pt","9":"pa_line-oportunidades","10":"pa_lithfastness-5-6-pt-pt-2","11":"pa_opportunities-ativo","12":"pa_range-liso","15":"first","16":"instock","17":"shipping-taxable","18":"purchasable","19":"product-type-variable"},"acf":[],"_links":{"self":[{"href":"https:\/\/staging.aldeco.pt\/pt-pt\/wp-json\/wp\/v2\/product\/213333","targetHints":{"allow":["GET"]}}],"collection":[{"href":"https:\/\/staging.aldeco.pt\/pt-pt\/wp-json\/wp\/v2\/product"}],"about":[{"href":"https:\/\/staging.aldeco.pt\/pt-pt\/wp-json\/wp\/v2\/types\/product"}],"version-history":[{"count":0,"href":"https:\/\/staging.aldeco.pt\/pt-pt\/wp-json\/wp\/v2\/product\/213333\/revisions"}],"wp:featuredmedia":[{"embeddable":true,"href":"https:\/\/staging.aldeco.pt\/pt-pt\/wp-json\/wp\/v2\/media\/213302"}],"wp:attachment":[{"href":"https:\/\/staging.aldeco.pt\/pt-pt\/wp-json\/wp\/v2\/media?parent=213333"}],"wp:term":[{"taxonomy":"product_brand","embeddable":true,"href":"https:\/\/staging.aldeco.pt\/pt-pt\/wp-json\/wp\/v2\/product_brand?post=213333"},{"taxonomy":"product_cat","embeddable":true,"href":"https:\/\/staging.aldeco.pt\/pt-pt\/wp-json\/wp\/v2\/product_cat?post=213333"},{"taxonomy":"product_tag","embeddable":true,"href":"https:\/\/staging.aldeco.pt\/pt-pt\/wp-json\/wp\/v2\/product_tag?post=213333"}],"curies":[{"name":"wp","href":"https:\/\/api.w.org\/{rel}","templated":true}]}}