{"id":213286,"date":"2024-11-15T10:54:45","date_gmt":"2024-11-15T10:54:45","guid":{"rendered":"https:\/\/aldeco.pt\/staging\/product\/bricks\/"},"modified":"2024-11-15T10:58:53","modified_gmt":"2024-11-15T10:58:53","slug":"bricks","status":"publish","type":"product","link":"https:\/\/staging.aldeco.pt\/pt-pt\/product\/bricks\/","title":{"rendered":"BRICKS"},"content":{"rendered":"<p>BRICKS \u00e9 um tecido com padr\u00f5es micro geom\u00e9tricos elegantes e sublimes. Este tecido texturizado \u00e9 adequado para estofo e almofadas e est\u00e1 dispon\u00edvel em 5 cores. <\/p>\n","protected":false},"excerpt":{"rendered":"<p>BRICKS \u00e9 um tecido com padr\u00f5es micro geom\u00e9tricos elegantes e sublimes. Este tecido texturizado \u00e9 adequado para estofo e almofadas e est\u00e1 dispon\u00edvel em 5 cores. <\/p>\n<h2>BRICKS \u00e9 um tecido com padr\u00f5es micro geom\u00e9tricos elegantes e sublimes. Este tecido texturizado \u00e9 adequado para estofo e almofadas e est\u00e1 dispon\u00edvel em 5 cores. <\/h2>\n<p><img fetchpriority=\"high\" decoding=\"async\" class=\"alignnone wp-image-213263 size-medium\" src=\"https:\/\/aldeco.pt\/staging\/wp-content\/uploads\/2024\/11\/T017990201-300x300.jpg\" alt=\"Bricks - Aldeco\" width=\"300\" height=\"300\"><\/p>\n<p><a href=\"https:\/\/www.instagram.com\/aldeco_interiorfabrics\/\">https:\/\/www.instagram.com\/aldeco_interiorfabrics\/<\/a><\/p>\n<p><a href=\"https:\/\/aldeco.pt\/staging\/product\/bricks\/?attribute_pa_aldeco-color=07\">https:\/\/aldeco.pt\/staging\/product\/bricks\/?attribute_pa_aldeco-color=07<\/a><\/p>\n","protected":false},"featured_media":213264,"template":"","meta":[],"product_brand":[],"product_cat":[],"product_tag":[],"class_list":{"0":"post-213286","1":"product","2":"type-product","3":"status-publish","4":"has-post-thumbnail","6":"pa_cleanability-8282","7":"pa_composition-ext-75-pp-25-pes-pt-pt","8":"pa_line-oportunidades","9":"pa_lithfastness-6-pt-pt-2","10":"pa_opportunities-ativo","11":"pa_range-liso","14":"first","15":"instock","16":"shipping-taxable","17":"purchasable","18":"product-type-variable"},"acf":[],"_links":{"self":[{"href":"https:\/\/staging.aldeco.pt\/pt-pt\/wp-json\/wp\/v2\/product\/213286","targetHints":{"allow":["GET"]}}],"collection":[{"href":"https:\/\/staging.aldeco.pt\/pt-pt\/wp-json\/wp\/v2\/product"}],"about":[{"href":"https:\/\/staging.aldeco.pt\/pt-pt\/wp-json\/wp\/v2\/types\/product"}],"version-history":[{"count":1,"href":"https:\/\/staging.aldeco.pt\/pt-pt\/wp-json\/wp\/v2\/product\/213286\/revisions"}],"predecessor-version":[{"id":213298,"href":"https:\/\/staging.aldeco.pt\/pt-pt\/wp-json\/wp\/v2\/product\/213286\/revisions\/213298"}],"wp:featuredmedia":[{"embeddable":true,"href":"https:\/\/staging.aldeco.pt\/pt-pt\/wp-json\/wp\/v2\/media\/213264"}],"wp:attachment":[{"href":"https:\/\/staging.aldeco.pt\/pt-pt\/wp-json\/wp\/v2\/media?parent=213286"}],"wp:term":[{"taxonomy":"product_brand","embeddable":true,"href":"https:\/\/staging.aldeco.pt\/pt-pt\/wp-json\/wp\/v2\/product_brand?post=213286"},{"taxonomy":"product_cat","embeddable":true,"href":"https:\/\/staging.aldeco.pt\/pt-pt\/wp-json\/wp\/v2\/product_cat?post=213286"},{"taxonomy":"product_tag","embeddable":true,"href":"https:\/\/staging.aldeco.pt\/pt-pt\/wp-json\/wp\/v2\/product_tag?post=213286"}],"curies":[{"name":"wp","href":"https:\/\/api.w.org\/{rel}","templated":true}]}}