{"id":212828,"date":"2024-11-10T14:22:18","date_gmt":"2024-11-10T14:22:18","guid":{"rendered":"https:\/\/aldeco.pt\/staging\/product\/tilt\/"},"modified":"2024-11-10T14:22:18","modified_gmt":"2024-11-10T14:22:18","slug":"tilt","status":"publish","type":"product","link":"https:\/\/staging.aldeco.pt\/pt-pt\/product\/tilt\/","title":{"rendered":"TILT"},"content":{"rendered":"<p>Tilt \u00e9 um tecido altamente dur\u00e1vel, ideal para estofamento. Est\u00e1 dispon\u00edvel numa paleta de cores naturais e profundas, e o seu toque suave com textura din\u00e2mica faz dele um favorito para estofo. <\/p>\n","protected":false},"excerpt":{"rendered":"<p>Tilt \u00e9 um tecido altamente dur\u00e1vel, ideal para estofamento. Est\u00e1 dispon\u00edvel numa paleta de cores naturais e profundas, e o seu toque suave com textura din\u00e2mica faz dele um favorito para estofo. <\/p>\n<h2>Tilt \u00e9 um tecido altamente dur\u00e1vel, ideal para estofamento. Est\u00e1 dispon\u00edvel numa paleta de cores naturais e profundas, e o seu toque suave com textura din\u00e2mica faz dele um favorito para estofo. <\/h2>\n<p><img fetchpriority=\"high\" decoding=\"async\" class=\"alignnone wp-image-212823 size-medium\" src=\"https:\/\/aldeco.pt\/staging\/wp-content\/uploads\/2024\/11\/T019990001-300x240.jpg\" alt=\"Tilt - Aldeco\" width=\"300\" height=\"240\"><\/p>\n<p><a href=\"https:\/\/aldeco.pt\/staging\/product\/tilt\/?attribute_pa_aldeco-color=01-cloud-cream\">https:\/\/aldeco.pt\/staging\/product\/tilt\/?attribute_pa_aldeco-color=01-cloud-cream<\/a><\/p>\n<p><a href=\"https:\/\/www.instagram.com\/aldeco_interiorfabrics\/\">https:\/\/www.instagram.com\/aldeco_interiorfabrics\/<\/a><\/p>\n","protected":false},"featured_media":207109,"template":"","meta":[],"product_brand":[],"product_cat":[6153],"product_tag":[],"class_list":{"0":"post-212828","1":"product","2":"type-product","3":"status-publish","4":"has-post-thumbnail","6":"product_cat-aldeco-smarter-pt-pt","7":"pa_cleanability-8282","8":"pa_composition-ext-100-pl-pt-pt","9":"pa_line-oportunidades","10":"pa_lithfastness-4-5-pt-pt-2","11":"pa_opportunities-ativo","12":"pa_range-veludo","13":"pa_rapport-vertical-11009","16":"first","17":"instock","18":"purchasable","19":"product-type-variable"},"acf":[],"_links":{"self":[{"href":"https:\/\/staging.aldeco.pt\/pt-pt\/wp-json\/wp\/v2\/product\/212828","targetHints":{"allow":["GET"]}}],"collection":[{"href":"https:\/\/staging.aldeco.pt\/pt-pt\/wp-json\/wp\/v2\/product"}],"about":[{"href":"https:\/\/staging.aldeco.pt\/pt-pt\/wp-json\/wp\/v2\/types\/product"}],"version-history":[{"count":0,"href":"https:\/\/staging.aldeco.pt\/pt-pt\/wp-json\/wp\/v2\/product\/212828\/revisions"}],"wp:featuredmedia":[{"embeddable":true,"href":"https:\/\/staging.aldeco.pt\/pt-pt\/wp-json\/wp\/v2\/media\/207109"}],"wp:attachment":[{"href":"https:\/\/staging.aldeco.pt\/pt-pt\/wp-json\/wp\/v2\/media?parent=212828"}],"wp:term":[{"taxonomy":"product_brand","embeddable":true,"href":"https:\/\/staging.aldeco.pt\/pt-pt\/wp-json\/wp\/v2\/product_brand?post=212828"},{"taxonomy":"product_cat","embeddable":true,"href":"https:\/\/staging.aldeco.pt\/pt-pt\/wp-json\/wp\/v2\/product_cat?post=212828"},{"taxonomy":"product_tag","embeddable":true,"href":"https:\/\/staging.aldeco.pt\/pt-pt\/wp-json\/wp\/v2\/product_tag?post=212828"}],"curies":[{"name":"wp","href":"https:\/\/api.w.org\/{rel}","templated":true}]}}