{"id":212734,"date":"2024-11-10T14:25:16","date_gmt":"2024-11-10T14:25:16","guid":{"rendered":"https:\/\/aldeco.pt\/staging\/product\/sumatra\/"},"modified":"2024-11-10T14:25:16","modified_gmt":"2024-11-10T14:25:16","slug":"sumatra","status":"publish","type":"product","link":"https:\/\/staging.aldeco.pt\/pt-pt\/product\/sumatra\/","title":{"rendered":"SUMATRA"},"content":{"rendered":"<p>SUMATRA apresenta um padr\u00e3o com riscas horizontais em v\u00e1rios tons, conferindo ao tecido uma sensa\u00e7\u00e3o de movimento.<\/p>\n","protected":false},"excerpt":{"rendered":"<p>SUMATRA apresenta um padr\u00e3o com riscas horizontais em v\u00e1rios tons, conferindo ao tecido uma sensa\u00e7\u00e3o de movimento.<\/p>\n<h2>SUMATRA apresenta um padr\u00e3o com riscas horizontais em v\u00e1rios tons, conferindo ao tecido uma sensa\u00e7\u00e3o de movimento.<\/h2>\n<p><img fetchpriority=\"high\" decoding=\"async\" class=\"alignnone wp-image-212730 size-medium\" src=\"https:\/\/aldeco.pt\/staging\/wp-content\/uploads\/2024\/11\/T200850001-300x280.jpg\" alt=\"Sumatra - Aldeco\" width=\"300\" height=\"280\"><\/p>\n<p><a href=\"https:\/\/aldeco.pt\/staging\/product\/sumatra\/?attribute_pa_aldeco-color=2\">https:\/\/aldeco.pt\/staging\/product\/sumatra\/?attribute_pa_aldeco-color=2<\/a><\/p>\n<p><a href=\"https:\/\/www.instagram.com\/aldeco_interiorfabrics\/\">https:\/\/www.instagram.com\/aldeco_interiorfabrics\/<\/a><\/p>\n","protected":false},"featured_media":207003,"template":"","meta":[],"product_brand":[],"product_cat":[6145],"product_tag":[],"class_list":{"0":"post-212734","1":"product","2":"type-product","3":"status-publish","4":"has-post-thumbnail","6":"product_cat-aldeco-2-pt-pt-2","7":"pa_cleanability-8282","8":"pa_composition-ext-58-5-se-41-5-co-pt-pt","9":"pa_line-oportunidades","10":"pa_lithfastness-4-pt-pt","11":"pa_opportunities-ativo","12":"pa_range-jacquard-pt-pt","13":"pa_range-liso","14":"pa_rapport-horizontal-33-5-pt-pt","15":"pa_rapport-vertical-67-5-pt-pt","18":"first","19":"instock","20":"purchasable","21":"product-type-variable"},"acf":[],"_links":{"self":[{"href":"https:\/\/staging.aldeco.pt\/pt-pt\/wp-json\/wp\/v2\/product\/212734","targetHints":{"allow":["GET"]}}],"collection":[{"href":"https:\/\/staging.aldeco.pt\/pt-pt\/wp-json\/wp\/v2\/product"}],"about":[{"href":"https:\/\/staging.aldeco.pt\/pt-pt\/wp-json\/wp\/v2\/types\/product"}],"version-history":[{"count":0,"href":"https:\/\/staging.aldeco.pt\/pt-pt\/wp-json\/wp\/v2\/product\/212734\/revisions"}],"wp:featuredmedia":[{"embeddable":true,"href":"https:\/\/staging.aldeco.pt\/pt-pt\/wp-json\/wp\/v2\/media\/207003"}],"wp:attachment":[{"href":"https:\/\/staging.aldeco.pt\/pt-pt\/wp-json\/wp\/v2\/media?parent=212734"}],"wp:term":[{"taxonomy":"product_brand","embeddable":true,"href":"https:\/\/staging.aldeco.pt\/pt-pt\/wp-json\/wp\/v2\/product_brand?post=212734"},{"taxonomy":"product_cat","embeddable":true,"href":"https:\/\/staging.aldeco.pt\/pt-pt\/wp-json\/wp\/v2\/product_cat?post=212734"},{"taxonomy":"product_tag","embeddable":true,"href":"https:\/\/staging.aldeco.pt\/pt-pt\/wp-json\/wp\/v2\/product_tag?post=212734"}],"curies":[{"name":"wp","href":"https:\/\/api.w.org\/{rel}","templated":true}]}}