{"id":212726,"date":"2024-11-10T14:25:31","date_gmt":"2024-11-10T14:25:31","guid":{"rendered":"https:\/\/aldeco.pt\/staging\/product\/stylish-velvet\/"},"modified":"2024-11-10T14:25:31","modified_gmt":"2024-11-10T14:25:31","slug":"stylish-velvet","status":"publish","type":"product","link":"https:\/\/staging.aldeco.pt\/pt-pt\/product\/stylish-velvet\/","title":{"rendered":"STYLISH VELVET"},"content":{"rendered":"<p>STYLISH VELVET \u00e9 um veludo estampado baseado no nosso Mirage, semelhante ao Kochi e Kajal. Apresenta um design geom\u00e9trico com uma ilus\u00e3o 3D. A combina\u00e7\u00e3o de cores foi cuidadosamente selecionada para acentuar este efeito e pode ser combinada com o nosso Si\u00e9ge Velvet.  <\/p>\n","protected":false},"excerpt":{"rendered":"<p>STYLISH VELVET \u00e9 um veludo estampado baseado no nosso Mirage, semelhante ao Kochi e Kajal. Apresenta um design geom\u00e9trico com uma ilus\u00e3o 3D. A combina\u00e7\u00e3o de cores foi cuidadosamente selecionada para acentuar este efeito e pode ser combinada com o nosso Si\u00e9ge Velvet.  <\/p>\n<h2>STYLISH VELVET \u00e9 um veludo estampado baseado no nosso Mirage, semelhante ao Kochi e Kajal. Apresenta um design geom\u00e9trico com uma ilus\u00e3o 3D. <\/h2>\n<p><img fetchpriority=\"high\" decoding=\"async\" class=\"alignnone wp-image-212721 size-medium\" src=\"https:\/\/aldeco.pt\/staging\/wp-content\/uploads\/2024\/11\/T190550004-300x200.jpg\" alt=\"Stylish Velvet - Aldeco\" width=\"300\" height=\"200\"><\/p>\n<p><a href=\"https:\/\/aldeco.pt\/staging\/product\/stylish-velvet\/?attribute_pa_aldeco-color=04-red-valentine\">https:\/\/aldeco.pt\/staging\/product\/stylish-velvet\/?attribute_pa_aldeco-color=04-red-valentine<\/a><\/p>\n<p><a href=\"https:\/\/www.instagram.com\/aldeco_interiorfabrics\/\">https:\/\/www.instagram.com\/aldeco_interiorfabrics\/<\/a><\/p>\n","protected":false},"featured_media":206987,"template":"","meta":[],"product_brand":[],"product_cat":[6145],"product_tag":[],"class_list":{"0":"post-212726","1":"product","2":"type-product","3":"status-publish","4":"has-post-thumbnail","6":"product_cat-aldeco-2-pt-pt-2","7":"pa_cleanability-8282","8":"pa_composition-ext-68-vi-26-co-6-pl-pt-pt","9":"pa_line-oportunidades","10":"pa_lithfastness-4-5-pt-pt-2","11":"pa_opportunities-ativo","12":"pa_range-estampado","13":"pa_range-veludo","14":"pa_rapport-horizontal-9-8-pt-pt","15":"pa_rapport-vertical-4-8-pt-pt","18":"first","19":"instock","20":"purchasable","21":"product-type-variable"},"acf":[],"_links":{"self":[{"href":"https:\/\/staging.aldeco.pt\/pt-pt\/wp-json\/wp\/v2\/product\/212726","targetHints":{"allow":["GET"]}}],"collection":[{"href":"https:\/\/staging.aldeco.pt\/pt-pt\/wp-json\/wp\/v2\/product"}],"about":[{"href":"https:\/\/staging.aldeco.pt\/pt-pt\/wp-json\/wp\/v2\/types\/product"}],"version-history":[{"count":0,"href":"https:\/\/staging.aldeco.pt\/pt-pt\/wp-json\/wp\/v2\/product\/212726\/revisions"}],"wp:featuredmedia":[{"embeddable":true,"href":"https:\/\/staging.aldeco.pt\/pt-pt\/wp-json\/wp\/v2\/media\/206987"}],"wp:attachment":[{"href":"https:\/\/staging.aldeco.pt\/pt-pt\/wp-json\/wp\/v2\/media?parent=212726"}],"wp:term":[{"taxonomy":"product_brand","embeddable":true,"href":"https:\/\/staging.aldeco.pt\/pt-pt\/wp-json\/wp\/v2\/product_brand?post=212726"},{"taxonomy":"product_cat","embeddable":true,"href":"https:\/\/staging.aldeco.pt\/pt-pt\/wp-json\/wp\/v2\/product_cat?post=212726"},{"taxonomy":"product_tag","embeddable":true,"href":"https:\/\/staging.aldeco.pt\/pt-pt\/wp-json\/wp\/v2\/product_tag?post=212726"}],"curies":[{"name":"wp","href":"https:\/\/api.w.org\/{rel}","templated":true}]}}