{"id":212700,"date":"2024-11-10T14:25:44","date_gmt":"2024-11-10T14:25:44","guid":{"rendered":"https:\/\/aldeco.pt\/staging\/product\/stop\/"},"modified":"2024-11-10T14:25:44","modified_gmt":"2024-11-10T14:25:44","slug":"stop","status":"publish","type":"product","link":"https:\/\/staging.aldeco.pt\/pt-pt\/product\/stop\/","title":{"rendered":"STOP"},"content":{"rendered":"<p>STOP \u00e9 um tecido semi-texturizado e brilhante. Este tecido de apar\u00eancia luxuosa \u00e9 perfeito para estofo e almofadas. <\/p>\n","protected":false},"excerpt":{"rendered":"<p>STOP \u00e9 um tecido semi-texturizado e brilhante. Este tecido de apar\u00eancia luxuosa \u00e9 perfeito para estofo e almofadas. <\/p>\n<h2>STOP \u00e9 um tecido semi-texturizado e brilhante. Este tecido de apar\u00eancia luxuosa \u00e9 perfeito para estofo e almofadas. <\/h2>\n<p><img fetchpriority=\"high\" decoding=\"async\" class=\"alignnone wp-image-212695 size-medium\" src=\"https:\/\/aldeco.pt\/staging\/wp-content\/uploads\/2024\/11\/T014940004-300x178.jpg\" alt=\"Stop - Aldeco\" width=\"300\" height=\"178\"><\/p>\n<p><a href=\"https:\/\/aldeco.pt\/staging\/product\/stop\/?attribute_pa_aldeco-color=marfim\">https:\/\/aldeco.pt\/staging\/product\/stop\/?attribute_pa_aldeco-color=marfim<\/a><\/p>\n<p><a href=\"https:\/\/www.instagram.com\/aldeco_interiorfabrics\/\">https:\/\/www.instagram.com\/aldeco_interiorfabrics\/<\/a><\/p>\n","protected":false},"featured_media":212681,"template":"","meta":[],"product_brand":[],"product_cat":[6145],"product_tag":[],"class_list":{"0":"post-212700","1":"product","2":"type-product","3":"status-publish","4":"has-post-thumbnail","6":"product_cat-aldeco-2-pt-pt-2","7":"pa_cleanability-8282","8":"pa_composition-ext-59-pu-28-7-pes-12-3-co-pt-pt","9":"pa_line-oportunidades","10":"pa_lithfastness-6-pt-pt","11":"pa_opportunities-ativo","12":"pa_range-liso","13":"pa_rapport-vertical-11009","16":"first","17":"instock","18":"purchasable","19":"product-type-variable"},"acf":[],"_links":{"self":[{"href":"https:\/\/staging.aldeco.pt\/pt-pt\/wp-json\/wp\/v2\/product\/212700","targetHints":{"allow":["GET"]}}],"collection":[{"href":"https:\/\/staging.aldeco.pt\/pt-pt\/wp-json\/wp\/v2\/product"}],"about":[{"href":"https:\/\/staging.aldeco.pt\/pt-pt\/wp-json\/wp\/v2\/types\/product"}],"version-history":[{"count":0,"href":"https:\/\/staging.aldeco.pt\/pt-pt\/wp-json\/wp\/v2\/product\/212700\/revisions"}],"wp:featuredmedia":[{"embeddable":true,"href":"https:\/\/staging.aldeco.pt\/pt-pt\/wp-json\/wp\/v2\/media\/212681"}],"wp:attachment":[{"href":"https:\/\/staging.aldeco.pt\/pt-pt\/wp-json\/wp\/v2\/media?parent=212700"}],"wp:term":[{"taxonomy":"product_brand","embeddable":true,"href":"https:\/\/staging.aldeco.pt\/pt-pt\/wp-json\/wp\/v2\/product_brand?post=212700"},{"taxonomy":"product_cat","embeddable":true,"href":"https:\/\/staging.aldeco.pt\/pt-pt\/wp-json\/wp\/v2\/product_cat?post=212700"},{"taxonomy":"product_tag","embeddable":true,"href":"https:\/\/staging.aldeco.pt\/pt-pt\/wp-json\/wp\/v2\/product_tag?post=212700"}],"curies":[{"name":"wp","href":"https:\/\/api.w.org\/{rel}","templated":true}]}}