{"id":212658,"date":"2024-11-10T14:26:34","date_gmt":"2024-11-10T14:26:34","guid":{"rendered":"https:\/\/aldeco.pt\/staging\/product\/sprint\/"},"modified":"2024-11-10T14:26:34","modified_gmt":"2024-11-10T14:26:34","slug":"sprint","status":"publish","type":"product","link":"https:\/\/staging.aldeco.pt\/pt-pt\/product\/sprint\/","title":{"rendered":"SPRINT"},"content":{"rendered":"<p>Sprint \u00e9 um tecido extremamente elegante e dur\u00e1vel com 45.000 ciclos Martindale. O seu design discreto em ziguezague torna-o ideal para m\u00faltiplos projetos e combina\u00e7\u00f5es. <\/p>\n","protected":false},"excerpt":{"rendered":"<p>Sprint \u00e9 um tecido extremamente elegante e dur\u00e1vel com 45.000 ciclos Martindale. O seu design discreto em ziguezague torna-o ideal para m\u00faltiplos projetos e combina\u00e7\u00f5es. <\/p>\n<h2>Sprint \u00e9 um tecido extremamente elegante e dur\u00e1vel com 45.000 ciclos Martindale. O seu design discreto em ziguezague torna-o ideal para m\u00faltiplos projetos e combina\u00e7\u00f5es. <\/h2>\n<p><img fetchpriority=\"high\" decoding=\"async\" class=\"alignnone wp-image-212654 size-medium\" src=\"https:\/\/aldeco.pt\/staging\/wp-content\/uploads\/2024\/11\/T190040009-300x240.jpg\" alt=\"Sprint - Aldeco\" width=\"300\" height=\"240\"><\/p>\n<p><a href=\"https:\/\/aldeco.pt\/staging\/product\/sprint\/?attribute_pa_aldeco-color=02-sand\">https:\/\/aldeco.pt\/staging\/product\/sprint\/?attribute_pa_aldeco-color=02-sand<\/a><\/p>\n<p><a href=\"https:\/\/www.instagram.com\/aldeco_interiorfabrics\/\">https:\/\/www.instagram.com\/aldeco_interiorfabrics\/<\/a><\/p>\n","protected":false},"featured_media":206940,"template":"","meta":[],"product_brand":[],"product_cat":[6153],"product_tag":[],"class_list":{"0":"post-212658","1":"product","2":"type-product","3":"status-publish","4":"has-post-thumbnail","6":"product_cat-aldeco-smarter-pt-pt","7":"pa_cleanability-8282","8":"pa_composition-ext-100-pl-pt-pt","9":"pa_line-oportunidades","10":"pa_lithfastness-4-5-pt-pt-2","11":"pa_opportunities-ativo","12":"pa_range-liso","13":"pa_rapport-vertical-11009","16":"first","17":"instock","18":"purchasable","19":"product-type-variable"},"acf":[],"_links":{"self":[{"href":"https:\/\/staging.aldeco.pt\/pt-pt\/wp-json\/wp\/v2\/product\/212658","targetHints":{"allow":["GET"]}}],"collection":[{"href":"https:\/\/staging.aldeco.pt\/pt-pt\/wp-json\/wp\/v2\/product"}],"about":[{"href":"https:\/\/staging.aldeco.pt\/pt-pt\/wp-json\/wp\/v2\/types\/product"}],"version-history":[{"count":0,"href":"https:\/\/staging.aldeco.pt\/pt-pt\/wp-json\/wp\/v2\/product\/212658\/revisions"}],"wp:featuredmedia":[{"embeddable":true,"href":"https:\/\/staging.aldeco.pt\/pt-pt\/wp-json\/wp\/v2\/media\/206940"}],"wp:attachment":[{"href":"https:\/\/staging.aldeco.pt\/pt-pt\/wp-json\/wp\/v2\/media?parent=212658"}],"wp:term":[{"taxonomy":"product_brand","embeddable":true,"href":"https:\/\/staging.aldeco.pt\/pt-pt\/wp-json\/wp\/v2\/product_brand?post=212658"},{"taxonomy":"product_cat","embeddable":true,"href":"https:\/\/staging.aldeco.pt\/pt-pt\/wp-json\/wp\/v2\/product_cat?post=212658"},{"taxonomy":"product_tag","embeddable":true,"href":"https:\/\/staging.aldeco.pt\/pt-pt\/wp-json\/wp\/v2\/product_tag?post=212658"}],"curies":[{"name":"wp","href":"https:\/\/api.w.org\/{rel}","templated":true}]}}