{"id":212624,"date":"2024-11-10T14:29:28","date_gmt":"2024-11-10T14:29:28","guid":{"rendered":"https:\/\/aldeco.pt\/staging\/product\/spacial\/"},"modified":"2024-11-10T14:29:28","modified_gmt":"2024-11-10T14:29:28","slug":"spacial","status":"publish","type":"product","link":"https:\/\/staging.aldeco.pt\/pt-pt\/product\/spacial\/","title":{"rendered":"SPACIAL"},"content":{"rendered":"<p>SPACIAL WLB apresenta uma ligeira transpar\u00eancia, e o seu padr\u00e3o de linhas entrela\u00e7adas d\u00e1 uma sensa\u00e7\u00e3o de movimento. Sendo um tecido leve, \u00e9 utilizado para cortinas. <\/p>\n","protected":false},"excerpt":{"rendered":"<p>SPACIAL WLB apresenta uma ligeira transpar\u00eancia, e o seu padr\u00e3o de linhas entrela\u00e7adas d\u00e1 uma sensa\u00e7\u00e3o de movimento. Sendo um tecido leve, \u00e9 utilizado para cortinas. <\/p>\n<h2>SPACIAL WLB apresenta uma ligeira transpar\u00eancia, e o seu padr\u00e3o de linhas entrela\u00e7adas d\u00e1 uma sensa\u00e7\u00e3o de movimento. Sendo um tecido leve, \u00e9 utilizado para cortinas. <\/h2>\n<p><img fetchpriority=\"high\" decoding=\"async\" class=\"alignnone wp-image-212613 size-medium\" src=\"https:\/\/aldeco.pt\/staging\/wp-content\/uploads\/2024\/11\/T016680002-300x280.jpg\" alt=\"Spacial Wlb - Aldeco\" width=\"300\" height=\"280\"><\/p>\n<p><a href=\"https:\/\/aldeco.pt\/staging\/product\/spacial\/?attribute_pa_aldeco-color=1\">https:\/\/aldeco.pt\/staging\/product\/spacial\/?attribute_pa_aldeco-color=1<\/a><\/p>\n<p><a href=\"https:\/\/www.instagram.com\/aldeco_interiorfabrics\/\">https:\/\/www.instagram.com\/aldeco_interiorfabrics\/<\/a><\/p>\n","protected":false},"featured_media":206896,"template":"","meta":[],"product_brand":[],"product_cat":[6145],"product_tag":[],"class_list":{"0":"post-212624","1":"product","2":"type-product","3":"status-publish","4":"has-post-thumbnail","6":"product_cat-aldeco-2-pt-pt-2","7":"pa_cleanability-8282","8":"pa_composition-ext-100-pl-pt-pt","9":"pa_line-oportunidades","10":"pa_lithfastness-4-5-pt-pt-2","11":"pa_opportunities-ativo","12":"pa_range-transparente","13":"pa_rapport-horizontal-38-5-pt-pt","14":"pa_rapport-vertical-60-pt-pt","17":"first","18":"instock","19":"purchasable","20":"product-type-variable"},"acf":[],"_links":{"self":[{"href":"https:\/\/staging.aldeco.pt\/pt-pt\/wp-json\/wp\/v2\/product\/212624","targetHints":{"allow":["GET"]}}],"collection":[{"href":"https:\/\/staging.aldeco.pt\/pt-pt\/wp-json\/wp\/v2\/product"}],"about":[{"href":"https:\/\/staging.aldeco.pt\/pt-pt\/wp-json\/wp\/v2\/types\/product"}],"version-history":[{"count":0,"href":"https:\/\/staging.aldeco.pt\/pt-pt\/wp-json\/wp\/v2\/product\/212624\/revisions"}],"wp:featuredmedia":[{"embeddable":true,"href":"https:\/\/staging.aldeco.pt\/pt-pt\/wp-json\/wp\/v2\/media\/206896"}],"wp:attachment":[{"href":"https:\/\/staging.aldeco.pt\/pt-pt\/wp-json\/wp\/v2\/media?parent=212624"}],"wp:term":[{"taxonomy":"product_brand","embeddable":true,"href":"https:\/\/staging.aldeco.pt\/pt-pt\/wp-json\/wp\/v2\/product_brand?post=212624"},{"taxonomy":"product_cat","embeddable":true,"href":"https:\/\/staging.aldeco.pt\/pt-pt\/wp-json\/wp\/v2\/product_cat?post=212624"},{"taxonomy":"product_tag","embeddable":true,"href":"https:\/\/staging.aldeco.pt\/pt-pt\/wp-json\/wp\/v2\/product_tag?post=212624"}],"curies":[{"name":"wp","href":"https:\/\/api.w.org\/{rel}","templated":true}]}}