{"id":212519,"date":"2024-11-10T14:31:02","date_gmt":"2024-11-10T14:31:02","guid":{"rendered":"https:\/\/aldeco.pt\/staging\/product\/siricaia\/"},"modified":"2024-11-10T14:31:02","modified_gmt":"2024-11-10T14:31:02","slug":"siricaia","status":"publish","type":"product","link":"https:\/\/staging.aldeco.pt\/pt-pt\/product\/siricaia\/","title":{"rendered":"SIRICAIA"},"content":{"rendered":"<p>Fabulosa transpar\u00eancia com um bordado rico e magn\u00edfico de aproximadamente 1 cm de altura, criando um padr\u00e3o de ziguezague tricolor.<\/p>\n","protected":false},"excerpt":{"rendered":"<p>Fabulosa transpar\u00eancia com um bordado rico e magn\u00edfico de aproximadamente 1 cm de altura, criando um padr\u00e3o de ziguezague tricolor.<\/p>\n<h2>Siricaia, fabulosa transpar\u00eancia com um bordado rico e magn\u00edfico de aproximadamente 1 cm de altura, criando um padr\u00e3o de ziguezague tricolor.<\/h2>\n<p><img decoding=\"async\" class=\"alignnone wp-image-212514 size-full\" src=\"https:\/\/aldeco.pt\/staging\/wp-content\/uploads\/2024\/11\/T018250001.jpg\" alt=\"Siricaia - Aldeco\" width=\"192\" height=\"179\"><\/p>\n<p><a href=\"https:\/\/aldeco.pt\/staging\/product\/siricaia\/?attribute_pa_aldeco-color=1-pure-white\">https:\/\/aldeco.pt\/staging\/product\/siricaia\/?attribute_pa_aldeco-color=1-pure-white<\/a><\/p>\n<p><a href=\"https:\/\/www.instagram.com\/aldeco_interiorfabrics\/\">https:\/\/www.instagram.com\/aldeco_interiorfabrics\/<\/a><\/p>\n","protected":false},"featured_media":206838,"template":"","meta":[],"product_brand":[],"product_cat":[6145],"product_tag":[],"class_list":{"0":"post-212519","1":"product","2":"type-product","3":"status-publish","4":"has-post-thumbnail","6":"product_cat-aldeco-2-pt-pt-2","7":"pa_cleanability-8282","8":"pa_composition-ext-23-pl-77-co-pt-pt","9":"pa_line-oportunidades","10":"pa_lithfastness-9680","11":"pa_opportunities-ativo","12":"pa_range-bordado","13":"pa_range-transparente","14":"pa_rapport-horizontal-14-pt-pt","15":"pa_rapport-vertical-8-pt-pt","18":"first","19":"instock","20":"purchasable","21":"product-type-variable"},"acf":[],"_links":{"self":[{"href":"https:\/\/staging.aldeco.pt\/pt-pt\/wp-json\/wp\/v2\/product\/212519","targetHints":{"allow":["GET"]}}],"collection":[{"href":"https:\/\/staging.aldeco.pt\/pt-pt\/wp-json\/wp\/v2\/product"}],"about":[{"href":"https:\/\/staging.aldeco.pt\/pt-pt\/wp-json\/wp\/v2\/types\/product"}],"version-history":[{"count":0,"href":"https:\/\/staging.aldeco.pt\/pt-pt\/wp-json\/wp\/v2\/product\/212519\/revisions"}],"wp:featuredmedia":[{"embeddable":true,"href":"https:\/\/staging.aldeco.pt\/pt-pt\/wp-json\/wp\/v2\/media\/206838"}],"wp:attachment":[{"href":"https:\/\/staging.aldeco.pt\/pt-pt\/wp-json\/wp\/v2\/media?parent=212519"}],"wp:term":[{"taxonomy":"product_brand","embeddable":true,"href":"https:\/\/staging.aldeco.pt\/pt-pt\/wp-json\/wp\/v2\/product_brand?post=212519"},{"taxonomy":"product_cat","embeddable":true,"href":"https:\/\/staging.aldeco.pt\/pt-pt\/wp-json\/wp\/v2\/product_cat?post=212519"},{"taxonomy":"product_tag","embeddable":true,"href":"https:\/\/staging.aldeco.pt\/pt-pt\/wp-json\/wp\/v2\/product_tag?post=212519"}],"curies":[{"name":"wp","href":"https:\/\/api.w.org\/{rel}","templated":true}]}}