{"id":212502,"date":"2024-11-10T14:31:30","date_gmt":"2024-11-10T14:31:30","guid":{"rendered":"https:\/\/aldeco.pt\/staging\/product\/shaka\/"},"modified":"2024-11-10T14:31:30","modified_gmt":"2024-11-10T14:31:30","slug":"shaka","status":"publish","type":"product","link":"https:\/\/staging.aldeco.pt\/pt-pt\/product\/shaka\/","title":{"rendered":"SHAKA"},"content":{"rendered":"<p>SHAKA \u00e9 um tecido elegante com um padr\u00e3o simples e uma ligeira textura suave ao toque. \u00c9 perfeito para estofo e almofadas <\/p>\n","protected":false},"excerpt":{"rendered":"<p>SHAKA \u00e9 um tecido elegante com um padr\u00e3o simples e uma ligeira textura suave ao toque. \u00c9 perfeito para estofo e almofadas <\/p>\n<h2>SHAKA \u00e9 um tecido elegante com um padr\u00e3o simples e uma ligeira textura suave ao toque. \u00c9 perfeito para estofo e almofadas <\/h2>\n<p><img fetchpriority=\"high\" decoding=\"async\" class=\"alignnone wp-image-212495 size-medium\" src=\"https:\/\/aldeco.pt\/staging\/wp-content\/uploads\/2024\/11\/T017560007-300x280.jpg\" alt=\"Shaka - Aldeco\" width=\"300\" height=\"280\"><\/p>\n<p><a href=\"https:\/\/aldeco.pt\/staging\/product\/shaka\/?attribute_pa_aldeco-color=1-white\">https:\/\/aldeco.pt\/staging\/product\/shaka\/?attribute_pa_aldeco-color=1-white<\/a><\/p>\n<p><a href=\"https:\/\/www.instagram.com\/aldeco_interiorfabrics\/\">https:\/\/www.instagram.com\/aldeco_interiorfabrics\/<\/a><\/p>\n","protected":false},"featured_media":206828,"template":"","meta":[],"product_brand":[],"product_cat":[6145],"product_tag":[],"class_list":{"0":"post-212502","1":"product","2":"type-product","3":"status-publish","4":"has-post-thumbnail","6":"product_cat-aldeco-2-pt-pt-2","7":"pa_cleanability-8282","8":"pa_composition-ext-48-1-pl-44-3-ac-7-6-vi-pt-pt","9":"pa_line-oportunidades","10":"pa_lithfastness-3-4-pt-pt","11":"pa_opportunities-ativo","12":"pa_range-jacquard-pt-pt","13":"pa_rapport-horizontal-4-5-pt-pt","14":"pa_rapport-vertical-4-pt-pt","17":"first","18":"instock","19":"purchasable","20":"product-type-variable"},"acf":[],"_links":{"self":[{"href":"https:\/\/staging.aldeco.pt\/pt-pt\/wp-json\/wp\/v2\/product\/212502","targetHints":{"allow":["GET"]}}],"collection":[{"href":"https:\/\/staging.aldeco.pt\/pt-pt\/wp-json\/wp\/v2\/product"}],"about":[{"href":"https:\/\/staging.aldeco.pt\/pt-pt\/wp-json\/wp\/v2\/types\/product"}],"version-history":[{"count":0,"href":"https:\/\/staging.aldeco.pt\/pt-pt\/wp-json\/wp\/v2\/product\/212502\/revisions"}],"wp:featuredmedia":[{"embeddable":true,"href":"https:\/\/staging.aldeco.pt\/pt-pt\/wp-json\/wp\/v2\/media\/206828"}],"wp:attachment":[{"href":"https:\/\/staging.aldeco.pt\/pt-pt\/wp-json\/wp\/v2\/media?parent=212502"}],"wp:term":[{"taxonomy":"product_brand","embeddable":true,"href":"https:\/\/staging.aldeco.pt\/pt-pt\/wp-json\/wp\/v2\/product_brand?post=212502"},{"taxonomy":"product_cat","embeddable":true,"href":"https:\/\/staging.aldeco.pt\/pt-pt\/wp-json\/wp\/v2\/product_cat?post=212502"},{"taxonomy":"product_tag","embeddable":true,"href":"https:\/\/staging.aldeco.pt\/pt-pt\/wp-json\/wp\/v2\/product_tag?post=212502"}],"curies":[{"name":"wp","href":"https:\/\/api.w.org\/{rel}","templated":true}]}}