{"id":212406,"date":"2024-11-10T14:35:34","date_gmt":"2024-11-10T14:35:34","guid":{"rendered":"https:\/\/aldeco.pt\/staging\/product\/sarda\/"},"modified":"2024-11-10T14:35:34","modified_gmt":"2024-11-10T14:35:34","slug":"sarda","status":"publish","type":"product","link":"https:\/\/staging.aldeco.pt\/pt-pt\/product\/sarda\/","title":{"rendered":"SARDA"},"content":{"rendered":"<p>SARDA \u00e9 um tecido suave e macio ao toque. \u00c9 f\u00e1cil de limpar, tornando-o perfeito para projetos de estofos e almofadas. <\/p>\n","protected":false},"excerpt":{"rendered":"<p>SARDA \u00e9 um tecido suave e macio ao toque. \u00c9 f\u00e1cil de limpar, tornando-o perfeito para projetos de estofos e almofadas. <\/p>\n<h2>SARDA \u00e9 um tecido suave e macio ao toque. \u00c9 f\u00e1cil de limpar, tornando-o perfeito para projetos de estofos e almofadas. <\/h2>\n<p><img fetchpriority=\"high\" decoding=\"async\" class=\"alignnone wp-image-212402 size-medium\" src=\"https:\/\/aldeco.pt\/staging\/wp-content\/uploads\/2024\/11\/T018060718-300x280.jpg\" alt=\"Sarda - Aldeco\" width=\"300\" height=\"280\"><\/p>\n<p><a href=\"https:\/\/aldeco.pt\/staging\/product\/sarda\/?attribute_pa_aldeco-color=4113-titanium\">https:\/\/aldeco.pt\/staging\/product\/sarda\/?attribute_pa_aldeco-color=4113-titanium<\/a><\/p>\n<p><a href=\"https:\/\/www.instagram.com\/aldeco_interiorfabrics\/\">https:\/\/www.instagram.com\/aldeco_interiorfabrics\/<\/a><\/p>\n","protected":false},"featured_media":212394,"template":"","meta":[],"product_brand":[],"product_cat":[6145],"product_tag":[],"class_list":{"0":"post-212406","1":"product","2":"type-product","3":"status-publish","4":"has-post-thumbnail","6":"product_cat-aldeco-2-pt-pt-2","7":"pa_cleanability-8282","8":"pa_composition-ext-2-pu-83-pvc-15-pl-fibres-pile-100-pl-fibres-pt-pt","9":"pa_line-oportunidades","10":"pa_lithfastness-9680","11":"pa_opportunities-ativo","12":"pa_range-liso","13":"pa_rapport-vertical-11009","16":"first","17":"instock","18":"purchasable","19":"product-type-variable"},"acf":[],"_links":{"self":[{"href":"https:\/\/staging.aldeco.pt\/pt-pt\/wp-json\/wp\/v2\/product\/212406","targetHints":{"allow":["GET"]}}],"collection":[{"href":"https:\/\/staging.aldeco.pt\/pt-pt\/wp-json\/wp\/v2\/product"}],"about":[{"href":"https:\/\/staging.aldeco.pt\/pt-pt\/wp-json\/wp\/v2\/types\/product"}],"version-history":[{"count":0,"href":"https:\/\/staging.aldeco.pt\/pt-pt\/wp-json\/wp\/v2\/product\/212406\/revisions"}],"wp:featuredmedia":[{"embeddable":true,"href":"https:\/\/staging.aldeco.pt\/pt-pt\/wp-json\/wp\/v2\/media\/212394"}],"wp:attachment":[{"href":"https:\/\/staging.aldeco.pt\/pt-pt\/wp-json\/wp\/v2\/media?parent=212406"}],"wp:term":[{"taxonomy":"product_brand","embeddable":true,"href":"https:\/\/staging.aldeco.pt\/pt-pt\/wp-json\/wp\/v2\/product_brand?post=212406"},{"taxonomy":"product_cat","embeddable":true,"href":"https:\/\/staging.aldeco.pt\/pt-pt\/wp-json\/wp\/v2\/product_cat?post=212406"},{"taxonomy":"product_tag","embeddable":true,"href":"https:\/\/staging.aldeco.pt\/pt-pt\/wp-json\/wp\/v2\/product_tag?post=212406"}],"curies":[{"name":"wp","href":"https:\/\/api.w.org\/{rel}","templated":true}]}}