{"id":212379,"date":"2024-11-10T14:36:01","date_gmt":"2024-11-10T14:36:01","guid":{"rendered":"https:\/\/aldeco.pt\/staging\/product\/sahara\/"},"modified":"2024-11-10T14:36:01","modified_gmt":"2024-11-10T14:36:01","slug":"sahara","status":"publish","type":"product","link":"https:\/\/staging.aldeco.pt\/pt-pt\/product\/sahara\/","title":{"rendered":"SAHARA"},"content":{"rendered":"<p>SAHARA \u00e9 um tecido leve e brilhante, perfeito para cortinas, e o seu padr\u00e3o geom\u00e9trico d\u00e1-lhe uma sensa\u00e7\u00e3o de movimento.<\/p>\n","protected":false},"excerpt":{"rendered":"<p>SAHARA \u00e9 um tecido leve e brilhante, perfeito para cortinas, e o seu padr\u00e3o geom\u00e9trico d\u00e1-lhe uma sensa\u00e7\u00e3o de movimento.<\/p>\n<h2>SAHARA \u00e9 um tecido leve e brilhante, perfeito para cortinas, e o seu padr\u00e3o geom\u00e9trico d\u00e1-lhe uma sensa\u00e7\u00e3o de movimento.<\/h2>\n<p><img fetchpriority=\"high\" decoding=\"async\" class=\"alignnone wp-image-212375 size-medium\" src=\"https:\/\/aldeco.pt\/staging\/wp-content\/uploads\/2024\/11\/T017670003-300x280.jpg\" alt=\"Sahara - Aldeco\" width=\"300\" height=\"280\"><\/p>\n<p><a href=\"https:\/\/aldeco.pt\/staging\/product\/sahara\/?attribute_pa_aldeco-color=3-misted-yellow\">https:\/\/aldeco.pt\/staging\/product\/sahara\/?attribute_pa_aldeco-color=3-misted-yellow<\/a><\/p>\n<p><a href=\"https:\/\/www.instagram.com\/aldeco_interiorfabrics\/\">https:\/\/www.instagram.com\/aldeco_interiorfabrics\/<\/a><\/p>\n","protected":false},"featured_media":76033,"template":"","meta":[],"product_brand":[],"product_cat":[6145],"product_tag":[],"class_list":{"0":"post-212379","1":"product","2":"type-product","3":"status-publish","4":"has-post-thumbnail","6":"product_cat-aldeco-2-pt-pt-2","7":"pa_cleanability-8282","8":"pa_composition-ext-93-5-pl-6-5-li-pt-pt","9":"pa_line-oportunidades","10":"pa_lithfastness-4-5-pt-pt-2","11":"pa_opportunities-ativo","12":"pa_range-jacquard-pt-pt","13":"pa_rapport-horizontal-2-pt-pt","14":"pa_rapport-vertical-0-5-pt-pt","17":"first","18":"instock","19":"purchasable","20":"product-type-variable"},"acf":[],"_links":{"self":[{"href":"https:\/\/staging.aldeco.pt\/pt-pt\/wp-json\/wp\/v2\/product\/212379","targetHints":{"allow":["GET"]}}],"collection":[{"href":"https:\/\/staging.aldeco.pt\/pt-pt\/wp-json\/wp\/v2\/product"}],"about":[{"href":"https:\/\/staging.aldeco.pt\/pt-pt\/wp-json\/wp\/v2\/types\/product"}],"version-history":[{"count":0,"href":"https:\/\/staging.aldeco.pt\/pt-pt\/wp-json\/wp\/v2\/product\/212379\/revisions"}],"wp:featuredmedia":[{"embeddable":true,"href":"https:\/\/staging.aldeco.pt\/pt-pt\/wp-json\/wp\/v2\/media\/76033"}],"wp:attachment":[{"href":"https:\/\/staging.aldeco.pt\/pt-pt\/wp-json\/wp\/v2\/media?parent=212379"}],"wp:term":[{"taxonomy":"product_brand","embeddable":true,"href":"https:\/\/staging.aldeco.pt\/pt-pt\/wp-json\/wp\/v2\/product_brand?post=212379"},{"taxonomy":"product_cat","embeddable":true,"href":"https:\/\/staging.aldeco.pt\/pt-pt\/wp-json\/wp\/v2\/product_cat?post=212379"},{"taxonomy":"product_tag","embeddable":true,"href":"https:\/\/staging.aldeco.pt\/pt-pt\/wp-json\/wp\/v2\/product_tag?post=212379"}],"curies":[{"name":"wp","href":"https:\/\/api.w.org\/{rel}","templated":true}]}}