{"id":212369,"date":"2024-11-10T14:36:39","date_gmt":"2024-11-10T14:36:39","guid":{"rendered":"https:\/\/aldeco.pt\/staging\/product\/sabrina\/"},"modified":"2024-11-10T14:36:39","modified_gmt":"2024-11-10T14:36:39","slug":"sabrina","status":"publish","type":"product","link":"https:\/\/staging.aldeco.pt\/pt-pt\/product\/sabrina\/","title":{"rendered":"SABRINA"},"content":{"rendered":"<p>SABRINA WLB \u00e9 um tecido texturizado com uma ligeira transpar\u00eancia e um padr\u00e3o sofisticado. Devido \u00e0 sua leveza e durabilidade, \u00e9 perfeito para cortinas elegantes. <\/p>\n","protected":false},"excerpt":{"rendered":"<p>SABRINA WLB \u00e9 um tecido texturizado com uma ligeira transpar\u00eancia e um padr\u00e3o sofisticado. Devido \u00e0 sua leveza e durabilidade, \u00e9 perfeito para cortinas elegantes. <\/p>\n<h2>SABRINA WLB \u00e9 um tecido texturizado com uma ligeira transpar\u00eancia e um padr\u00e3o sofisticado. Devido \u00e0 sua leveza e durabilidade, \u00e9 perfeito para cortinas elegantes. <\/h2>\n<p><img fetchpriority=\"high\" decoding=\"async\" class=\"alignnone size-medium wp-image-212358\" src=\"https:\/\/aldeco.pt\/staging\/wp-content\/uploads\/2024\/11\/T017780002-300x280.jpg\" alt=\"\" width=\"300\" height=\"280\"><\/p>\n<p><a href=\"https:\/\/aldeco.pt\/staging\/product\/sabrina\/?attribute_pa_aldeco-color=2\">https:\/\/aldeco.pt\/staging\/product\/sabrina\/?attribute_pa_aldeco-color=2<\/a><\/p>\n<p><a href=\"https:\/\/www.instagram.com\/aldeco_interiorfabrics\/\">https:\/\/www.instagram.com\/aldeco_interiorfabrics\/<\/a><\/p>\n","protected":false},"featured_media":206733,"template":"","meta":[],"product_brand":[],"product_cat":[6145],"product_tag":[],"class_list":{"0":"post-212369","1":"product","2":"type-product","3":"status-publish","4":"has-post-thumbnail","6":"product_cat-aldeco-2-pt-pt-2","7":"pa_cleanability-8282","8":"pa_composition-ext-100-pl-pt-pt","9":"pa_line-oportunidades","10":"pa_lithfastness-4-5-pt-pt-2","11":"pa_opportunities-ativo","12":"pa_range-transparente","13":"pa_rapport-horizontal-0-pt-pt","14":"pa_rapport-vertical-130-pt-pt","17":"first","18":"instock","19":"purchasable","20":"product-type-variable"},"acf":[],"_links":{"self":[{"href":"https:\/\/staging.aldeco.pt\/pt-pt\/wp-json\/wp\/v2\/product\/212369","targetHints":{"allow":["GET"]}}],"collection":[{"href":"https:\/\/staging.aldeco.pt\/pt-pt\/wp-json\/wp\/v2\/product"}],"about":[{"href":"https:\/\/staging.aldeco.pt\/pt-pt\/wp-json\/wp\/v2\/types\/product"}],"version-history":[{"count":0,"href":"https:\/\/staging.aldeco.pt\/pt-pt\/wp-json\/wp\/v2\/product\/212369\/revisions"}],"wp:featuredmedia":[{"embeddable":true,"href":"https:\/\/staging.aldeco.pt\/pt-pt\/wp-json\/wp\/v2\/media\/206733"}],"wp:attachment":[{"href":"https:\/\/staging.aldeco.pt\/pt-pt\/wp-json\/wp\/v2\/media?parent=212369"}],"wp:term":[{"taxonomy":"product_brand","embeddable":true,"href":"https:\/\/staging.aldeco.pt\/pt-pt\/wp-json\/wp\/v2\/product_brand?post=212369"},{"taxonomy":"product_cat","embeddable":true,"href":"https:\/\/staging.aldeco.pt\/pt-pt\/wp-json\/wp\/v2\/product_cat?post=212369"},{"taxonomy":"product_tag","embeddable":true,"href":"https:\/\/staging.aldeco.pt\/pt-pt\/wp-json\/wp\/v2\/product_tag?post=212369"}],"curies":[{"name":"wp","href":"https:\/\/api.w.org\/{rel}","templated":true}]}}