{"id":212353,"date":"2024-11-10T14:37:07","date_gmt":"2024-11-10T14:37:07","guid":{"rendered":"https:\/\/aldeco.pt\/staging\/product\/rusty\/"},"modified":"2024-11-10T14:37:07","modified_gmt":"2024-11-10T14:37:07","slug":"rusty","status":"publish","type":"product","link":"https:\/\/staging.aldeco.pt\/pt-pt\/product\/rusty\/","title":{"rendered":"RUSTY"},"content":{"rendered":"<p>Fant\u00e1stico chenille semi-brilhante para estofos incr\u00edveis. Este tecido tamb\u00e9m tem a vantagem de ser de largura dupla e bastante econ\u00f3mico. <\/p>\n","protected":false},"excerpt":{"rendered":"<p>Fant\u00e1stico chenille semi-brilhante para estofos incr\u00edveis. Este tecido tamb\u00e9m tem a vantagem de ser de largura dupla e bastante econ\u00f3mico. <\/p>\n<h2>Rusty, este tecido tamb\u00e9m tem a vantagem de ser de largura dupla e bastante econ\u00f3mico.<\/h2>\n<p><img fetchpriority=\"high\" decoding=\"async\" class=\"alignnone wp-image-212343 size-medium\" src=\"https:\/\/aldeco.pt\/staging\/wp-content\/uploads\/2024\/11\/T017810014-300x280.jpg\" alt=\"Rusty - Aldeco\" width=\"300\" height=\"280\"><\/p>\n<p><a href=\"https:\/\/aldeco.pt\/staging\/product\/rusty\/?attribute_pa_aldeco-color=8-elephant\">https:\/\/aldeco.pt\/staging\/product\/rusty\/?attribute_pa_aldeco-color=8-elephant<\/a><\/p>\n<p><a href=\"https:\/\/www.instagram.com\/aldeco_interiorfabrics\/\">https:\/\/www.instagram.com\/aldeco_interiorfabrics\/<\/a><\/p>\n<p>&nbsp;<\/p>\n","protected":false},"featured_media":206725,"template":"","meta":[],"product_brand":[],"product_cat":[6145],"product_tag":[],"class_list":{"0":"post-212353","1":"product","2":"type-product","3":"status-publish","4":"has-post-thumbnail","6":"product_cat-aldeco-2-pt-pt-2","7":"pa_cleanability-8282","8":"pa_composition-ext-100-pl-pt-pt","9":"pa_line-oportunidades","10":"pa_lithfastness-9680","11":"pa_opportunities-ativo","12":"pa_range-liso","13":"pa_rapport-vertical-11009","16":"first","17":"instock","18":"purchasable","19":"product-type-variable"},"acf":[],"_links":{"self":[{"href":"https:\/\/staging.aldeco.pt\/pt-pt\/wp-json\/wp\/v2\/product\/212353","targetHints":{"allow":["GET"]}}],"collection":[{"href":"https:\/\/staging.aldeco.pt\/pt-pt\/wp-json\/wp\/v2\/product"}],"about":[{"href":"https:\/\/staging.aldeco.pt\/pt-pt\/wp-json\/wp\/v2\/types\/product"}],"version-history":[{"count":0,"href":"https:\/\/staging.aldeco.pt\/pt-pt\/wp-json\/wp\/v2\/product\/212353\/revisions"}],"wp:featuredmedia":[{"embeddable":true,"href":"https:\/\/staging.aldeco.pt\/pt-pt\/wp-json\/wp\/v2\/media\/206725"}],"wp:attachment":[{"href":"https:\/\/staging.aldeco.pt\/pt-pt\/wp-json\/wp\/v2\/media?parent=212353"}],"wp:term":[{"taxonomy":"product_brand","embeddable":true,"href":"https:\/\/staging.aldeco.pt\/pt-pt\/wp-json\/wp\/v2\/product_brand?post=212353"},{"taxonomy":"product_cat","embeddable":true,"href":"https:\/\/staging.aldeco.pt\/pt-pt\/wp-json\/wp\/v2\/product_cat?post=212353"},{"taxonomy":"product_tag","embeddable":true,"href":"https:\/\/staging.aldeco.pt\/pt-pt\/wp-json\/wp\/v2\/product_tag?post=212353"}],"curies":[{"name":"wp","href":"https:\/\/api.w.org\/{rel}","templated":true}]}}