{"id":212309,"date":"2024-11-10T14:21:14","date_gmt":"2024-11-10T14:21:14","guid":{"rendered":"https:\/\/aldeco.pt\/staging\/product\/troia\/"},"modified":"2024-11-10T14:21:14","modified_gmt":"2024-11-10T14:21:14","slug":"troia","status":"publish","type":"product","link":"https:\/\/staging.aldeco.pt\/pt-pt\/product\/troia\/","title":{"rendered":"TROIA"},"content":{"rendered":"<p>TROIA \u00e9 um tecido \u00e0s riscas multicolor feito de algod\u00e3o e linho. \u00c9 excelente para estofos e almofadas. <\/p>\n","protected":false},"excerpt":{"rendered":"<p>TROIA \u00e9 um tecido \u00e0s riscas multicolor feito de algod\u00e3o e linho. \u00c9 excelente para estofos e almofadas. <\/p>\n<h2>TROIA \u00e9 um tecido \u00e0s riscas multicolor feito de algod\u00e3o e linho. \u00c9 excelente para estofos e almofadas. <\/h2>\n<p><img fetchpriority=\"high\" decoding=\"async\" class=\"alignnone wp-image-212303 size-medium\" src=\"https:\/\/aldeco.pt\/staging\/wp-content\/uploads\/2024\/11\/T017380006-300x280.jpg\" alt=\"Troia - Aldeco\" width=\"300\" height=\"280\"><\/p>\n<p><a href=\"https:\/\/aldeco.pt\/staging\/product\/troia\/?attribute_pa_aldeco-color=1\">https:\/\/aldeco.pt\/staging\/product\/troia\/?attribute_pa_aldeco-color=1<\/a><\/p>\n<p><a href=\"https:\/\/www.instagram.com\/aldeco_interiorfabrics\/\">https:\/\/www.instagram.com\/aldeco_interiorfabrics\/<\/a><\/p>\n","protected":false},"featured_media":207136,"template":"","meta":[],"product_brand":[],"product_cat":[6145],"product_tag":[],"class_list":{"0":"post-212309","1":"product","2":"type-product","3":"status-publish","4":"has-post-thumbnail","6":"product_cat-aldeco-2-pt-pt-2","7":"pa_cleanability-8282","8":"pa_composition-ext-71-li-29-co-pt-pt","9":"pa_line-oportunidades","10":"pa_lithfastness-4-pt-pt","11":"pa_opportunities-ativo","12":"pa_range-jacquard-pt-pt","13":"pa_rapport-horizontal-36-pt-pt","14":"pa_rapport-vertical-0-pt-pt","17":"first","18":"instock","19":"purchasable","20":"product-type-variable"},"acf":[],"_links":{"self":[{"href":"https:\/\/staging.aldeco.pt\/pt-pt\/wp-json\/wp\/v2\/product\/212309","targetHints":{"allow":["GET"]}}],"collection":[{"href":"https:\/\/staging.aldeco.pt\/pt-pt\/wp-json\/wp\/v2\/product"}],"about":[{"href":"https:\/\/staging.aldeco.pt\/pt-pt\/wp-json\/wp\/v2\/types\/product"}],"version-history":[{"count":0,"href":"https:\/\/staging.aldeco.pt\/pt-pt\/wp-json\/wp\/v2\/product\/212309\/revisions"}],"wp:featuredmedia":[{"embeddable":true,"href":"https:\/\/staging.aldeco.pt\/pt-pt\/wp-json\/wp\/v2\/media\/207136"}],"wp:attachment":[{"href":"https:\/\/staging.aldeco.pt\/pt-pt\/wp-json\/wp\/v2\/media?parent=212309"}],"wp:term":[{"taxonomy":"product_brand","embeddable":true,"href":"https:\/\/staging.aldeco.pt\/pt-pt\/wp-json\/wp\/v2\/product_brand?post=212309"},{"taxonomy":"product_cat","embeddable":true,"href":"https:\/\/staging.aldeco.pt\/pt-pt\/wp-json\/wp\/v2\/product_cat?post=212309"},{"taxonomy":"product_tag","embeddable":true,"href":"https:\/\/staging.aldeco.pt\/pt-pt\/wp-json\/wp\/v2\/product_tag?post=212309"}],"curies":[{"name":"wp","href":"https:\/\/api.w.org\/{rel}","templated":true}]}}