{"id":212141,"date":"2024-11-10T14:43:31","date_gmt":"2024-11-10T14:43:31","guid":{"rendered":"https:\/\/aldeco.pt\/staging\/product\/piazza\/"},"modified":"2024-11-10T14:43:31","modified_gmt":"2024-11-10T14:43:31","slug":"piazza","status":"publish","type":"product","link":"https:\/\/staging.aldeco.pt\/pt-pt\/product\/piazza\/","title":{"rendered":"PIAZZA"},"content":{"rendered":"<p>A inspira\u00e7\u00e3o para este design da era do Renascimento recorda os caminhos intemporais e geom\u00e9tricos da Pra\u00e7a do Duomo. Cri\u00e1mos este belo bordado preenchido com fios dourados e met\u00e1licos sobre uma base de seda, equilibrando a opul\u00eancia e a eleg\u00e2ncia deste conceito. <\/p>\n","protected":false},"excerpt":{"rendered":"<p>A inspira\u00e7\u00e3o para este design da era do Renascimento recorda os caminhos intemporais e geom\u00e9tricos da Pra\u00e7a do Duomo. Cri\u00e1mos este belo bordado preenchido com fios dourados e met\u00e1licos sobre uma base de seda, equilibrando a opul\u00eancia e a eleg\u00e2ncia deste conceito. <\/p>\n<h2>Piazza, a inspira\u00e7\u00e3o para este design da era do Renascimento recorda os caminhos intemporais e geom\u00e9tricos da Pra\u00e7a do Duomo.<\/h2>\n<p><img fetchpriority=\"high\" decoding=\"async\" class=\"alignnone wp-image-212131 size-medium\" src=\"https:\/\/aldeco.pt\/staging\/wp-content\/uploads\/2024\/11\/T019500003-300x200.jpg\" alt=\"Piazza - Aldeco\" width=\"300\" height=\"200\"><\/p>\n<p><a href=\"https:\/\/aldeco.pt\/staging\/product\/piazza\/?attribute_pa_aldeco-color=02-silver-cream\">https:\/\/aldeco.pt\/staging\/product\/piazza\/?attribute_pa_aldeco-color=02-silver-cream<\/a><\/p>\n<p><a href=\"https:\/\/www.instagram.com\/aldeco_interiorfabrics\/\">https:\/\/www.instagram.com\/aldeco_interiorfabrics\/<\/a><\/p>\n","protected":false},"featured_media":206604,"template":"","meta":[],"product_brand":[],"product_cat":[6145],"product_tag":[],"class_list":{"0":"post-212141","1":"product","2":"type-product","3":"status-publish","4":"has-post-thumbnail","6":"product_cat-aldeco-2-pt-pt-2","7":"pa_cleanability-8282","8":"pa_composition-ext-base-10-silk-90-vi-embroidery-100-vi-pt-pt","9":"pa_line-oportunidades","10":"pa_lithfastness-4-pt-pt","11":"pa_opportunities-ativo","12":"pa_range-bordado","13":"pa_rapport-horizontal-14-2-pt-pt","14":"pa_rapport-vertical-19-5-pt-pt","17":"first","18":"instock","19":"purchasable","20":"product-type-variable"},"acf":[],"_links":{"self":[{"href":"https:\/\/staging.aldeco.pt\/pt-pt\/wp-json\/wp\/v2\/product\/212141","targetHints":{"allow":["GET"]}}],"collection":[{"href":"https:\/\/staging.aldeco.pt\/pt-pt\/wp-json\/wp\/v2\/product"}],"about":[{"href":"https:\/\/staging.aldeco.pt\/pt-pt\/wp-json\/wp\/v2\/types\/product"}],"version-history":[{"count":0,"href":"https:\/\/staging.aldeco.pt\/pt-pt\/wp-json\/wp\/v2\/product\/212141\/revisions"}],"wp:featuredmedia":[{"embeddable":true,"href":"https:\/\/staging.aldeco.pt\/pt-pt\/wp-json\/wp\/v2\/media\/206604"}],"wp:attachment":[{"href":"https:\/\/staging.aldeco.pt\/pt-pt\/wp-json\/wp\/v2\/media?parent=212141"}],"wp:term":[{"taxonomy":"product_brand","embeddable":true,"href":"https:\/\/staging.aldeco.pt\/pt-pt\/wp-json\/wp\/v2\/product_brand?post=212141"},{"taxonomy":"product_cat","embeddable":true,"href":"https:\/\/staging.aldeco.pt\/pt-pt\/wp-json\/wp\/v2\/product_cat?post=212141"},{"taxonomy":"product_tag","embeddable":true,"href":"https:\/\/staging.aldeco.pt\/pt-pt\/wp-json\/wp\/v2\/product_tag?post=212141"}],"curies":[{"name":"wp","href":"https:\/\/api.w.org\/{rel}","templated":true}]}}