{"id":212113,"date":"2024-11-10T14:43:53","date_gmt":"2024-11-10T14:43:53","guid":{"rendered":"https:\/\/aldeco.pt\/staging\/product\/peep\/"},"modified":"2024-11-10T14:43:53","modified_gmt":"2024-11-10T14:43:53","slug":"peep","status":"publish","type":"product","link":"https:\/\/staging.aldeco.pt\/pt-pt\/product\/peep\/","title":{"rendered":"PEEP"},"content":{"rendered":"<p>PEEP \u00e9 feito de 100% poli\u00e9ster, muito suave ao toque. Devido \u00e0 sua resist\u00eancia e durabilidade, \u00e9 perfeito para estofos elegantes. <\/p>\n","protected":false},"excerpt":{"rendered":"<p>PEEP \u00e9 feito de 100% poli\u00e9ster, muito suave ao toque. Devido \u00e0 sua resist\u00eancia e durabilidade, \u00e9 perfeito para estofos elegantes. <\/p>\n<h2>PEEP \u00e9 feito de 100% poli\u00e9ster, muito suave ao toque. Devido \u00e0 sua resist\u00eancia e durabilidade, \u00e9 perfeito para estofos elegantes. <\/h2>\n<p><img fetchpriority=\"high\" decoding=\"async\" class=\"alignnone wp-image-212108 size-medium\" src=\"https:\/\/aldeco.pt\/staging\/wp-content\/uploads\/2024\/11\/T018530002-300x280.jpg\" alt=\"Peep - Aldeco\" width=\"300\" height=\"280\"><\/p>\n<p><a href=\"https:\/\/aldeco.pt\/staging\/product\/peep\/?attribute_pa_aldeco-color=01-ecru\">https:\/\/aldeco.pt\/staging\/product\/peep\/?attribute_pa_aldeco-color=01-ecru<\/a><\/p>\n<p><a href=\"https:\/\/www.instagram.com\/aldeco_interiorfabrics\/\">https:\/\/www.instagram.com\/aldeco_interiorfabrics\/<\/a><\/p>\n","protected":false},"featured_media":206588,"template":"","meta":[],"product_brand":[],"product_cat":[6145],"product_tag":[],"class_list":{"0":"post-212113","1":"product","2":"type-product","3":"status-publish","4":"has-post-thumbnail","6":"product_cat-aldeco-2-pt-pt-2","7":"pa_cleanability-8282","8":"pa_composition-ext-100-pl-pt-pt","9":"pa_line-oportunidades","10":"pa_lithfastness-4-pt-pt","11":"pa_opportunities-ativo","12":"pa_range-liso","13":"pa_rapport-vertical-11009","16":"first","17":"instock","18":"purchasable","19":"product-type-variable"},"acf":[],"_links":{"self":[{"href":"https:\/\/staging.aldeco.pt\/pt-pt\/wp-json\/wp\/v2\/product\/212113","targetHints":{"allow":["GET"]}}],"collection":[{"href":"https:\/\/staging.aldeco.pt\/pt-pt\/wp-json\/wp\/v2\/product"}],"about":[{"href":"https:\/\/staging.aldeco.pt\/pt-pt\/wp-json\/wp\/v2\/types\/product"}],"version-history":[{"count":0,"href":"https:\/\/staging.aldeco.pt\/pt-pt\/wp-json\/wp\/v2\/product\/212113\/revisions"}],"wp:featuredmedia":[{"embeddable":true,"href":"https:\/\/staging.aldeco.pt\/pt-pt\/wp-json\/wp\/v2\/media\/206588"}],"wp:attachment":[{"href":"https:\/\/staging.aldeco.pt\/pt-pt\/wp-json\/wp\/v2\/media?parent=212113"}],"wp:term":[{"taxonomy":"product_brand","embeddable":true,"href":"https:\/\/staging.aldeco.pt\/pt-pt\/wp-json\/wp\/v2\/product_brand?post=212113"},{"taxonomy":"product_cat","embeddable":true,"href":"https:\/\/staging.aldeco.pt\/pt-pt\/wp-json\/wp\/v2\/product_cat?post=212113"},{"taxonomy":"product_tag","embeddable":true,"href":"https:\/\/staging.aldeco.pt\/pt-pt\/wp-json\/wp\/v2\/product_tag?post=212113"}],"curies":[{"name":"wp","href":"https:\/\/api.w.org\/{rel}","templated":true}]}}